{"id":65504,"date":"2025-09-07T17:20:40","date_gmt":"2025-09-07T17:20:40","guid":{"rendered":"https:\/\/www.2027.staging.dyrsan.fr\/?post_type=product&#038;p=65504"},"modified":"2026-04-14T10:19:13","modified_gmt":"2026-04-14T10:19:13","slug":"tissu-en-lurex-texture-or-et-rose","status":"publish","type":"product","link":"https:\/\/staging.dyrsan.fr\/it\/shop\/tissu-en-lurex-texture-or-et-rose\/","title":{"rendered":"Tessuto lurex testurizzato oro e rosa"},"content":{"rendered":"<p>Tissu en lurex textur\u00e9 or et rose, extensible et lumineux. Ce tissu lurex jacquard offre une texture raffin\u00e9e avec des fils m\u00e9tallis\u00e9s dor\u00e9s, id\u00e9al pour des cr\u00e9ations mode, maillots de bain et pi\u00e8ces \u00e9l\u00e9gantes \u00e0 fort impact visuel.<\/p>\n<p>&nbsp;<\/p>\n<p><strong>Specifiche tecniche:<\/strong><br \/>\nR\u00e9f\u00e9rence : DY2525<br \/>\nComposition : 87 % nylon, 7 % fibre m\u00e9tallis\u00e9e, 6 % \u00e9lasthanne<br \/>\nPeso: 190 g\/m\u00b2.<br \/>\nLargeur : 160 cm<br \/>\nAspect : textur\u00e9, jacquard avec effet lurex<br \/>\nPropri\u00e9t\u00e9s : extensible, souple, brillant, r\u00e9sistant<br \/>\nUtilisation : maillots de bain, beachwear, lingerie, v\u00eatements mode, pi\u00e8ces \u00e9l\u00e9gantes et cr\u00e9atives<br \/>\nPrix indicatif : 22,10 \u20ac \/ m<br \/>\n<b style=\"font-family: wash;font-size: 30px\"><img class=\"alignnone wp-image-67583\" src=\"https:\/\/staging.dyrsan.fr\/wp-content\/uploads\/2025\/08\/instru-1.jpeg\" alt=\"\" width=\"153\" height=\"42\" loading=\"lazy\" decoding=\"async\" title=\"\" srcset=\"https:\/\/staging.dyrsan.fr\/wp-content\/uploads\/2025\/08\/instru-1.jpeg 698w, https:\/\/staging.dyrsan.fr\/wp-content\/uploads\/2025\/08\/instru-1-18x5.jpeg 18w\" sizes=\"auto, (max-width: 153px) 100vw, 153px\" \/><\/b><\/p>\n<p>&nbsp;<\/p>","protected":false},"excerpt":{"rendered":"<p>Tissu en lurex textur\u00e9 or et rose, extensible et lumineux. Ce tissu lurex jacquard offre une texture raffin\u00e9e avec des fils m\u00e9tallis\u00e9s dor\u00e9s, id\u00e9al pour des cr\u00e9ations mode, maillots de bain et pi\u00e8ces \u00e9l\u00e9gantes \u00e0 fort impact visuel.<\/p>\n<p>&nbsp;<\/p>\n<p><strong>Specifiche tecniche:<\/strong><br \/>\nR\u00e9f\u00e9rence : DY2525<br \/>\nComposition : 87 % nylon, 7 % fibre m\u00e9tallis\u00e9e, 6 % \u00e9lasthanne<br \/>\nPeso: 190 g\/m\u00b2.<br \/>\nLargeur : 160 cm<br \/>\nAspect : textur\u00e9, jacquard avec effet lurex<br \/>\nPropri\u00e9t\u00e9s : extensible, souple, brillant, r\u00e9sistant<br \/>\nUtilisation : maillots de bain, beachwear, lingerie, v\u00eatements mode, pi\u00e8ces \u00e9l\u00e9gantes et cr\u00e9atives<br \/>\nPrix indicatif : 22,10 \u20ac \/ m<\/p>\n<p><b style=\"font-family: wash;font-size: 30px\"><img loading=\"lazy\" decoding=\"async\" class=\"alignnone wp-image-67583\" src=\"https:\/\/staging.dyrsan.fr\/wp-content\/uploads\/2025\/08\/instru-1.jpeg\" alt=\"\" width=\"153\" height=\"42\" srcset=\"https:\/\/staging.dyrsan.fr\/wp-content\/uploads\/2025\/08\/instru-1.jpeg 698w, https:\/\/staging.dyrsan.fr\/wp-content\/uploads\/2025\/08\/instru-1-18x5.jpeg 18w\" sizes=\"auto, (max-width: 153px) 100vw, 153px\" \/><\/b><\/p>\n<p style=\"font-family: wash;font-size: 30px\">","protected":false},"featured_media":61229,"comment_status":"closed","ping_status":"closed","template":"","meta":[],"product_brand":[370],"product_cat":[150,193,180,213],"product_tag":[181,189,225,154],"class_list":{"0":"post-65504","1":"product","2":"type-product","3":"status-publish","4":"has-post-thumbnail","6":"product_brand-dyrsan","7":"product_cat-tissus","8":"product_cat-tissus-lurex-brillants","9":"product_cat-tissus-mailles-jacquard","10":"product_cat-tissus-textures","11":"product_tag-maille-jacquard","12":"product_tag-tissu-texture","13":"product_tag-tissus-jacquard","14":"product_tag-tissus-maillot-de-bain","16":"first","17":"instock","18":"taxable","19":"shipping-taxable","20":"purchasable","21":"product-type-variable","22":"has-default-attributes"},"_links":{"self":[{"href":"https:\/\/staging.dyrsan.fr\/it\/wp-json\/wp\/v2\/product\/65504","targetHints":{"allow":["GET"]}}],"collection":[{"href":"https:\/\/staging.dyrsan.fr\/it\/wp-json\/wp\/v2\/product"}],"about":[{"href":"https:\/\/staging.dyrsan.fr\/it\/wp-json\/wp\/v2\/types\/product"}],"replies":[{"embeddable":true,"href":"https:\/\/staging.dyrsan.fr\/it\/wp-json\/wp\/v2\/comments?post=65504"}],"version-history":[{"count":7,"href":"https:\/\/staging.dyrsan.fr\/it\/wp-json\/wp\/v2\/product\/65504\/revisions"}],"predecessor-version":[{"id":73332,"href":"https:\/\/staging.dyrsan.fr\/it\/wp-json\/wp\/v2\/product\/65504\/revisions\/73332"}],"wp:featuredmedia":[{"embeddable":true,"href":"https:\/\/staging.dyrsan.fr\/it\/wp-json\/wp\/v2\/media\/61229"}],"wp:attachment":[{"href":"https:\/\/staging.dyrsan.fr\/it\/wp-json\/wp\/v2\/media?parent=65504"}],"wp:term":[{"taxonomy":"product_brand","embeddable":true,"href":"https:\/\/staging.dyrsan.fr\/it\/wp-json\/wp\/v2\/product_brand?post=65504"},{"taxonomy":"product_cat","embeddable":true,"href":"https:\/\/staging.dyrsan.fr\/it\/wp-json\/wp\/v2\/product_cat?post=65504"},{"taxonomy":"product_tag","embeddable":true,"href":"https:\/\/staging.dyrsan.fr\/it\/wp-json\/wp\/v2\/product_tag?post=65504"}],"curies":[{"name":"wp","href":"https:\/\/api.w.org\/{rel}","templated":true}]}}