{"id":65498,"date":"2025-08-29T20:31:58","date_gmt":"2025-08-29T20:31:58","guid":{"rendered":"https:\/\/www.2027.staging.dyrsan.fr\/?post_type=product&#038;p=65498"},"modified":"2026-04-14T10:18:47","modified_gmt":"2026-04-14T10:18:47","slug":"tissu-en-jacquard-texture-motifs-fleurs","status":"publish","type":"product","link":"https:\/\/staging.dyrsan.fr\/it\/shop\/tissu-en-jacquard-texture-motifs-fleurs\/","title":{"rendered":"Tessuto jacquard testurizzato con motivi floreali"},"content":{"rendered":"<p>Tissu en jacquard textur\u00e9 motifs fleurs, \u00e9l\u00e9gant et extensible. Ce tissu jacquard \u00e0 relief floral est id\u00e9al pour la cr\u00e9ation de maillots de bain et pi\u00e8ces mode sophistiqu\u00e9es, offrant une texture florale raffin\u00e9e, un excellent maintien et un confort optimal.<\/p>\n<p>&nbsp;<\/p>\n<p><strong>Specifiche tecniche:<\/strong><br \/>\nR\u00e9f\u00e9rence : DY2519<br \/>\nComposition : 52 % nylon, 33 % fibre de viscose, 15 % \u00e9lasthanne<br \/>\nPoids : 260 g\/m\u00b2<br \/>\nLarghezza: 140 cm<br \/>\nColore: personalizzabile secondo il codice Pantone<br \/>\nCertificazione: OEKO-TEX<br \/>\nAspect : jacquard textur\u00e9 \u00e0 motifs floraux en relief<br \/>\nPropri\u00e9t\u00e9s : extensible, doux, structur\u00e9, confortable, r\u00e9sistant<br \/>\nUtilisation : maillots de bain, swimwear, beachwear, v\u00eatements mode textur\u00e9s<\/p>\n<p style=\"font-family: wash;font-size: 30px\"><b style=\"font-family: wash;font-size: 30px\"><img class=\"alignnone wp-image-67583\" src=\"https:\/\/staging.dyrsan.fr\/wp-content\/uploads\/2025\/08\/instru-1.jpeg\" alt=\"\" width=\"153\" height=\"42\" loading=\"lazy\" decoding=\"async\" title=\"\" srcset=\"https:\/\/staging.dyrsan.fr\/wp-content\/uploads\/2025\/08\/instru-1.jpeg 698w, https:\/\/staging.dyrsan.fr\/wp-content\/uploads\/2025\/08\/instru-1-18x5.jpeg 18w\" sizes=\"auto, (max-width: 153px) 100vw, 153px\" \/><\/b><\/p>","protected":false},"excerpt":{"rendered":"<p>Tissu en jacquard textur\u00e9 motifs fleurs, \u00e9l\u00e9gant et extensible. Ce tissu jacquard \u00e0 relief floral est id\u00e9al pour la cr\u00e9ation de maillots de bain et pi\u00e8ces mode sophistiqu\u00e9es, offrant une texture florale raffin\u00e9e, un excellent maintien et un confort optimal.<\/p>\n<p>&nbsp;<\/p>\n<p><strong>Specifiche tecniche:<\/strong><br \/>\nR\u00e9f\u00e9rence : DY2519<br \/>\nComposition : 52 % nylon, 33 % fibre de viscose, 15 % \u00e9lasthanne<br \/>\nPoids : 260 g\/m\u00b2<br \/>\nLarghezza: 140 cm<br \/>\nColore: personalizzabile secondo il codice Pantone<br \/>\nCertificazione: OEKO-TEX<br \/>\nAspect : jacquard textur\u00e9 \u00e0 motifs floraux en relief<br \/>\nPropri\u00e9t\u00e9s : extensible, doux, structur\u00e9, confortable, r\u00e9sistant<br \/>\nUtilisation : maillots de bain, swimwear, beachwear, v\u00eatements mode textur\u00e9s<\/p>\n<p style=\"font-family: wash;font-size: 30px\"><b style=\"font-family: wash;font-size: 30px\"><img loading=\"lazy\" decoding=\"async\" class=\"alignnone wp-image-67583\" src=\"https:\/\/staging.dyrsan.fr\/wp-content\/uploads\/2025\/08\/instru-1.jpeg\" alt=\"\" width=\"153\" height=\"42\" srcset=\"https:\/\/staging.dyrsan.fr\/wp-content\/uploads\/2025\/08\/instru-1.jpeg 698w, https:\/\/staging.dyrsan.fr\/wp-content\/uploads\/2025\/08\/instru-1-18x5.jpeg 18w\" sizes=\"auto, (max-width: 153px) 100vw, 153px\" \/><\/b><\/p>","protected":false},"featured_media":61202,"comment_status":"closed","ping_status":"closed","template":"","meta":[],"product_brand":[370],"product_cat":[150,180,213],"product_tag":[218,186,189],"class_list":{"0":"post-65498","1":"product","2":"type-product","3":"status-publish","4":"has-post-thumbnail","6":"product_brand-dyrsan","7":"product_cat-tissus","8":"product_cat-tissus-mailles-jacquard","9":"product_cat-tissus-textures","10":"product_tag-tissu-inspirations-naturelles","11":"product_tag-tissu-recycle","12":"product_tag-tissu-texture","14":"first","15":"instock","16":"taxable","17":"shipping-taxable","18":"purchasable","19":"product-type-variable"},"_links":{"self":[{"href":"https:\/\/staging.dyrsan.fr\/it\/wp-json\/wp\/v2\/product\/65498","targetHints":{"allow":["GET"]}}],"collection":[{"href":"https:\/\/staging.dyrsan.fr\/it\/wp-json\/wp\/v2\/product"}],"about":[{"href":"https:\/\/staging.dyrsan.fr\/it\/wp-json\/wp\/v2\/types\/product"}],"replies":[{"embeddable":true,"href":"https:\/\/staging.dyrsan.fr\/it\/wp-json\/wp\/v2\/comments?post=65498"}],"version-history":[{"count":9,"href":"https:\/\/staging.dyrsan.fr\/it\/wp-json\/wp\/v2\/product\/65498\/revisions"}],"predecessor-version":[{"id":73344,"href":"https:\/\/staging.dyrsan.fr\/it\/wp-json\/wp\/v2\/product\/65498\/revisions\/73344"}],"wp:featuredmedia":[{"embeddable":true,"href":"https:\/\/staging.dyrsan.fr\/it\/wp-json\/wp\/v2\/media\/61202"}],"wp:attachment":[{"href":"https:\/\/staging.dyrsan.fr\/it\/wp-json\/wp\/v2\/media?parent=65498"}],"wp:term":[{"taxonomy":"product_brand","embeddable":true,"href":"https:\/\/staging.dyrsan.fr\/it\/wp-json\/wp\/v2\/product_brand?post=65498"},{"taxonomy":"product_cat","embeddable":true,"href":"https:\/\/staging.dyrsan.fr\/it\/wp-json\/wp\/v2\/product_cat?post=65498"},{"taxonomy":"product_tag","embeddable":true,"href":"https:\/\/staging.dyrsan.fr\/it\/wp-json\/wp\/v2\/product_tag?post=65498"}],"curies":[{"name":"wp","href":"https:\/\/api.w.org\/{rel}","templated":true}]}}