{"id":65474,"date":"2025-10-26T10:12:59","date_gmt":"2025-10-26T10:12:59","guid":{"rendered":"https:\/\/www.2027.staging.dyrsan.fr\/?post_type=product&#038;p=65474"},"modified":"2026-04-03T13:59:33","modified_gmt":"2026-04-03T13:59:33","slug":"maille-jacquard-texturee-unie-a-petits-carreaux-pour-maillot-de-bain","status":"publish","type":"product","link":"https:\/\/staging.dyrsan.fr\/it\/shop\/maille-jacquard-texturee-unie-a-petits-carreaux-pour-maillot-de-bain\/","title":{"rendered":"Maglia jacquard a tinta unita con piccoli quadri per costumi da bagno"},"content":{"rendered":"<p>Maille jacquard textur\u00e9e unie \u00e0 petits carreaux pour maillot de bain, extensible et structur\u00e9e. Cette maille jacquard est vendue sans minimum de commande et convient \u00e0 la confection de maillots de bain.<\/p>\n<p><strong>Specifiche tecniche:<\/strong><br \/>\nR\u00e9f\u00e9rence : 65474<br \/>\nComposizione: 95 % poliestere, 5 % spandex<br \/>\nPeso: 240 g\/m\u00b2.<br \/>\nLarghezza: 145 cm<br \/>\nAspect : textur\u00e9<br \/>\nPropriet\u00e0: estensibile<br \/>\nUso : costumi da bagno<br \/>\nPrix indicatif : 9,75 \u20ac HT \/ 50 cm<\/p>\n<p><b><img class=\"alignnone wp-image-67583\" src=\"https:\/\/staging.dyrsan.fr\/wp-content\/uploads\/2025\/08\/instru-1.jpeg\" alt=\"\" width=\"153\" height=\"42\" loading=\"lazy\" decoding=\"async\" title=\"\" srcset=\"https:\/\/staging.dyrsan.fr\/wp-content\/uploads\/2025\/08\/instru-1.jpeg 698w, https:\/\/staging.dyrsan.fr\/wp-content\/uploads\/2025\/08\/instru-1-18x5.jpeg 18w\" sizes=\"auto, (max-width: 153px) 100vw, 153px\" \/><\/b><\/p>\n<p><strong>Venduto in unit\u00e0 di 50 cm di lunghezza<\/strong> (Per ordinare 1 m selezionare 2 unit\u00e0)<\/p>","protected":false},"excerpt":{"rendered":"<p>Maille jacquard textur\u00e9e unie \u00e0 petits carreaux pour maillot de bain, extensible et structur\u00e9e. Cette maille jacquard est vendue sans minimum de commande et convient \u00e0 la confection de maillots de bain.<\/p>\n<p>&nbsp;<\/p>\n<p><strong>Specifiche tecniche:<\/strong><br \/>\nR\u00e9f\u00e9rence : 65474<br \/>\nComposizione: 95 % poliestere, 5 % spandex<br \/>\nPeso: 240 g\/m\u00b2.<br \/>\nLarghezza: 145 cm<br \/>\nAspect : textur\u00e9<br \/>\nPropriet\u00e0: estensibile<br \/>\nUso : costumi da bagno<br \/>\nPrix indicatif : 9,75 \u20ac HT \/ 50 cm<\/p>\n<p><b><img loading=\"lazy\" decoding=\"async\" class=\"alignnone wp-image-67583\" src=\"https:\/\/staging.dyrsan.fr\/wp-content\/uploads\/2025\/08\/instru-1.jpeg\" alt=\"\" width=\"153\" height=\"42\" srcset=\"https:\/\/staging.dyrsan.fr\/wp-content\/uploads\/2025\/08\/instru-1.jpeg 698w, https:\/\/staging.dyrsan.fr\/wp-content\/uploads\/2025\/08\/instru-1-18x5.jpeg 18w\" sizes=\"auto, (max-width: 153px) 100vw, 153px\" \/><\/b><\/p>\n<p><strong>Venduto in unit\u00e0 di 50 cm di lunghezza<\/strong> (Per ordinare 1 m selezionare 2 unit\u00e0)<\/p>","protected":false},"featured_media":61188,"comment_status":"closed","ping_status":"closed","template":"","meta":[],"product_brand":[370],"product_cat":[150,458,151,180,213],"product_tag":[465,225,154],"class_list":{"0":"post-65474","1":"product","2":"type-product","3":"status-publish","4":"has-post-thumbnail","6":"product_brand-dyrsan","7":"product_cat-tissus","8":"product_cat-dernieres-pieces","9":"product_cat-tissus-lycra-extensibles","10":"product_cat-tissus-mailles-jacquard","11":"product_cat-tissus-textures","12":"product_tag-tissus-carreaux","13":"product_tag-tissus-jacquard","14":"product_tag-tissus-maillot-de-bain","15":"product_shipping_class-stock-atelier","17":"first","18":"instock","19":"taxable","20":"shipping-taxable","21":"purchasable","22":"product-type-simple"},"_links":{"self":[{"href":"https:\/\/staging.dyrsan.fr\/it\/wp-json\/wp\/v2\/product\/65474","targetHints":{"allow":["GET"]}}],"collection":[{"href":"https:\/\/staging.dyrsan.fr\/it\/wp-json\/wp\/v2\/product"}],"about":[{"href":"https:\/\/staging.dyrsan.fr\/it\/wp-json\/wp\/v2\/types\/product"}],"replies":[{"embeddable":true,"href":"https:\/\/staging.dyrsan.fr\/it\/wp-json\/wp\/v2\/comments?post=65474"}],"version-history":[{"count":8,"href":"https:\/\/staging.dyrsan.fr\/it\/wp-json\/wp\/v2\/product\/65474\/revisions"}],"predecessor-version":[{"id":73293,"href":"https:\/\/staging.dyrsan.fr\/it\/wp-json\/wp\/v2\/product\/65474\/revisions\/73293"}],"wp:featuredmedia":[{"embeddable":true,"href":"https:\/\/staging.dyrsan.fr\/it\/wp-json\/wp\/v2\/media\/61188"}],"wp:attachment":[{"href":"https:\/\/staging.dyrsan.fr\/it\/wp-json\/wp\/v2\/media?parent=65474"}],"wp:term":[{"taxonomy":"product_brand","embeddable":true,"href":"https:\/\/staging.dyrsan.fr\/it\/wp-json\/wp\/v2\/product_brand?post=65474"},{"taxonomy":"product_cat","embeddable":true,"href":"https:\/\/staging.dyrsan.fr\/it\/wp-json\/wp\/v2\/product_cat?post=65474"},{"taxonomy":"product_tag","embeddable":true,"href":"https:\/\/staging.dyrsan.fr\/it\/wp-json\/wp\/v2\/product_tag?post=65474"}],"curies":[{"name":"wp","href":"https:\/\/api.w.org\/{rel}","templated":true}]}}