{"id":65471,"date":"2025-08-29T20:31:52","date_gmt":"2025-08-29T20:31:52","guid":{"rendered":"https:\/\/www.2027.staging.dyrsan.fr\/?post_type=product&#038;p=65471"},"modified":"2026-04-14T10:18:05","modified_gmt":"2026-04-14T10:18:05","slug":"tissu-en-jacquard-epais-extensible-texture-blanc-a-motif-zebre","status":"publish","type":"product","link":"https:\/\/staging.dyrsan.fr\/it\/shop\/tissu-en-jacquard-epais-extensible-texture-blanc-a-motif-zebre\/","title":{"rendered":"Tessuto jacquard elasticizzato bianco con motivo zebrato"},"content":{"rendered":"<p>Tissu en jacquard \u00e9pais extensible textur\u00e9 blanc \u00e0 motif z\u00e8bre, au relief marqu\u00e9 et au fort grammage. Ce tissu jacquard \u00e9pais extensible est id\u00e9al pour les cr\u00e9ations de maillots de bain structur\u00e9s, v\u00eatements baln\u00e9aires premium et pi\u00e8ces mode n\u00e9cessitant maintien et texture.<\/p>\n<p>&nbsp;<\/p>\n<p><strong>Specifiche tecniche:<\/strong><br \/>\nR\u00e9f\u00e9rence : DY2505<br \/>\nComposizione: 95 % poliestere, 5 % spandex<br \/>\nPoids : 320 g\/m\u00b2<br \/>\nLargeur : 115 cm<br \/>\nAspect : jacquard \u00e9pais textur\u00e9 \u00e0 motif z\u00e8bre en relief<br \/>\nPropri\u00e9t\u00e9s : extensible, \u00e9pais, structur\u00e9, r\u00e9sistant, confortable<br \/>\nUtilisation : maillots de bain, beachwear, v\u00eatements structur\u00e9s, pi\u00e8ces mode textur\u00e9es<br \/>\nPrix indicatif : 26,80 \u20ac \/ m<br \/>\nOrigine : hors Union Europ\u00e9enne<\/p>\n<p><b style=\"font-family: wash;font-size: 30px\"><img class=\"alignnone wp-image-67583\" src=\"https:\/\/staging.dyrsan.fr\/wp-content\/uploads\/2025\/08\/instru-1.jpeg\" alt=\"\" width=\"153\" height=\"42\" loading=\"lazy\" decoding=\"async\" title=\"\" srcset=\"https:\/\/staging.dyrsan.fr\/wp-content\/uploads\/2025\/08\/instru-1.jpeg 698w, https:\/\/staging.dyrsan.fr\/wp-content\/uploads\/2025\/08\/instru-1-18x5.jpeg 18w\" sizes=\"auto, (max-width: 153px) 100vw, 153px\" \/><\/b><\/p>","protected":false},"excerpt":{"rendered":"<p>Tissu en jacquard \u00e9pais extensible textur\u00e9 blanc \u00e0 motif z\u00e8bre, au relief marqu\u00e9 et au fort grammage. Ce tissu jacquard \u00e9pais extensible est id\u00e9al pour les cr\u00e9ations de maillots de bain structur\u00e9s, v\u00eatements baln\u00e9aires premium et pi\u00e8ces mode n\u00e9cessitant maintien et texture.<\/p>\n<p>&nbsp;<\/p>\n<p><strong>Specifiche tecniche:<\/strong><br \/>\nR\u00e9f\u00e9rence : DY2505<br \/>\nComposizione: 95 % poliestere, 5 % spandex<br \/>\nPoids : 320 g\/m\u00b2<br \/>\nLargeur : 115 cm<br \/>\nAspect : jacquard \u00e9pais textur\u00e9 \u00e0 motif z\u00e8bre en relief<br \/>\nPropri\u00e9t\u00e9s : extensible, \u00e9pais, structur\u00e9, r\u00e9sistant, confortable<br \/>\nUtilisation : maillots de bain, beachwear, v\u00eatements structur\u00e9s, pi\u00e8ces mode textur\u00e9es<br \/>\nPrix indicatif : 26,80 \u20ac \/ m<br \/>\nOrigine : hors Union Europ\u00e9enne<\/p>\n<p><b style=\"font-family: wash;font-size: 30px\"><img loading=\"lazy\" decoding=\"async\" class=\"alignnone wp-image-67583\" src=\"https:\/\/staging.dyrsan.fr\/wp-content\/uploads\/2025\/08\/instru-1.jpeg\" alt=\"\" width=\"153\" height=\"42\" srcset=\"https:\/\/staging.dyrsan.fr\/wp-content\/uploads\/2025\/08\/instru-1.jpeg 698w, https:\/\/staging.dyrsan.fr\/wp-content\/uploads\/2025\/08\/instru-1-18x5.jpeg 18w\" sizes=\"auto, (max-width: 153px) 100vw, 153px\" \/><\/b><\/p>","protected":false},"featured_media":61171,"comment_status":"closed","ping_status":"closed","template":"","meta":[],"product_brand":[370],"product_cat":[210,150,180],"product_tag":[154],"class_list":{"0":"post-65471","1":"product","2":"type-product","3":"status-publish","4":"has-post-thumbnail","6":"product_brand-dyrsan","7":"product_cat-tissus-imprimes-motifs-animaux","8":"product_cat-tissus","9":"product_cat-tissus-mailles-jacquard","10":"product_tag-tissus-maillot-de-bain","12":"first","13":"instock","14":"taxable","15":"shipping-taxable","16":"purchasable","17":"product-type-variable","18":"has-default-attributes"},"_links":{"self":[{"href":"https:\/\/staging.dyrsan.fr\/it\/wp-json\/wp\/v2\/product\/65471","targetHints":{"allow":["GET"]}}],"collection":[{"href":"https:\/\/staging.dyrsan.fr\/it\/wp-json\/wp\/v2\/product"}],"about":[{"href":"https:\/\/staging.dyrsan.fr\/it\/wp-json\/wp\/v2\/types\/product"}],"replies":[{"embeddable":true,"href":"https:\/\/staging.dyrsan.fr\/it\/wp-json\/wp\/v2\/comments?post=65471"}],"version-history":[{"count":10,"href":"https:\/\/staging.dyrsan.fr\/it\/wp-json\/wp\/v2\/product\/65471\/revisions"}],"predecessor-version":[{"id":73355,"href":"https:\/\/staging.dyrsan.fr\/it\/wp-json\/wp\/v2\/product\/65471\/revisions\/73355"}],"wp:featuredmedia":[{"embeddable":true,"href":"https:\/\/staging.dyrsan.fr\/it\/wp-json\/wp\/v2\/media\/61171"}],"wp:attachment":[{"href":"https:\/\/staging.dyrsan.fr\/it\/wp-json\/wp\/v2\/media?parent=65471"}],"wp:term":[{"taxonomy":"product_brand","embeddable":true,"href":"https:\/\/staging.dyrsan.fr\/it\/wp-json\/wp\/v2\/product_brand?post=65471"},{"taxonomy":"product_cat","embeddable":true,"href":"https:\/\/staging.dyrsan.fr\/it\/wp-json\/wp\/v2\/product_cat?post=65471"},{"taxonomy":"product_tag","embeddable":true,"href":"https:\/\/staging.dyrsan.fr\/it\/wp-json\/wp\/v2\/product_tag?post=65471"}],"curies":[{"name":"wp","href":"https:\/\/api.w.org\/{rel}","templated":true}]}}