{"id":65470,"date":"2025-08-29T20:31:52","date_gmt":"2025-08-29T20:31:52","guid":{"rendered":"https:\/\/www.2027.staging.dyrsan.fr\/?post_type=product&#038;p=65470"},"modified":"2026-04-14T10:18:33","modified_gmt":"2026-04-14T10:18:33","slug":"tissu-en-jacquard-extensible-texture-blanc-a-motif-zebre","status":"publish","type":"product","link":"https:\/\/staging.dyrsan.fr\/it\/shop\/tissu-en-jacquard-extensible-texture-blanc-a-motif-zebre\/","title":{"rendered":"Tessuto jacquard elasticizzato bianco con motivo zebrato"},"content":{"rendered":"<p>Tissu en jacquard extensible textur\u00e9 blanc \u00e0 motif z\u00e8bre, souple et r\u00e9sistant. Ce tissu jacquard extensible \u00e0 l\u2019aspect structur\u00e9 est id\u00e9al pour la confection de maillots de bain, v\u00eatements techniques et cr\u00e9ations mode contemporaines.<\/p>\n<p>&nbsp;<\/p>\n<p><strong>Specifiche tecniche:<\/strong><br \/>\nR\u00e9f\u00e9rence : DY2513<br \/>\nComposition : 52 % nylon, 33 % polyester, 15 % \u00e9lasthanne<br \/>\nPoids : 270 g\/m\u00b2<br \/>\nLarghezza: 140 cm<br \/>\nAspect : jacquard textur\u00e9 \u00e0 motif z\u00e8bre<br \/>\nPropri\u00e9t\u00e9s : extensible, r\u00e9sistant, confortable, bonne tenue<br \/>\nUtilisation : maillots de bain, beachwear, v\u00eatements stretch, pi\u00e8ces mode textur\u00e9es<br \/>\nPrix indicatif : 23,80 \u20ac \/ m<br \/>\nOrigine : Hors UE<\/p>\n<p><b style=\"font-family: wash;font-size: 30px\"><img class=\"alignnone wp-image-67583\" src=\"https:\/\/staging.dyrsan.fr\/wp-content\/uploads\/2025\/08\/instru-1.jpeg\" alt=\"\" width=\"153\" height=\"42\" loading=\"lazy\" decoding=\"async\" title=\"\" srcset=\"https:\/\/staging.dyrsan.fr\/wp-content\/uploads\/2025\/08\/instru-1.jpeg 698w, https:\/\/staging.dyrsan.fr\/wp-content\/uploads\/2025\/08\/instru-1-18x5.jpeg 18w\" sizes=\"auto, (max-width: 153px) 100vw, 153px\" \/><\/b><\/p>","protected":false},"excerpt":{"rendered":"<p>Tissu en jacquard extensible textur\u00e9 blanc \u00e0 motif z\u00e8bre, souple et r\u00e9sistant. Ce tissu jacquard extensible \u00e0 l\u2019aspect structur\u00e9 est id\u00e9al pour la confection de maillots de bain, v\u00eatements techniques et cr\u00e9ations mode contemporaines.<\/p>\n<p>&nbsp;<\/p>\n<p><strong>Specifiche tecniche:<\/strong><br \/>\nR\u00e9f\u00e9rence : DY2513<br \/>\nComposition : 52 % nylon, 33 % polyester, 15 % \u00e9lasthanne<br \/>\nPoids : 270 g\/m\u00b2<br \/>\nLarghezza: 140 cm<br \/>\nAspect : jacquard textur\u00e9 \u00e0 motif z\u00e8bre<br \/>\nPropri\u00e9t\u00e9s : extensible, r\u00e9sistant, confortable, bonne tenue<br \/>\nUtilisation : maillots de bain, beachwear, v\u00eatements stretch, pi\u00e8ces mode textur\u00e9es<br \/>\nPrix indicatif : 23,80 \u20ac \/ m<br \/>\nOrigine : Hors UE<\/p>\n<p><b style=\"font-family: wash;font-size: 30px\"><img loading=\"lazy\" decoding=\"async\" class=\"alignnone wp-image-67583\" src=\"https:\/\/staging.dyrsan.fr\/wp-content\/uploads\/2025\/08\/instru-1.jpeg\" alt=\"\" width=\"153\" height=\"42\" srcset=\"https:\/\/staging.dyrsan.fr\/wp-content\/uploads\/2025\/08\/instru-1.jpeg 698w, https:\/\/staging.dyrsan.fr\/wp-content\/uploads\/2025\/08\/instru-1-18x5.jpeg 18w\" sizes=\"auto, (max-width: 153px) 100vw, 153px\" \/><\/b><\/p>","protected":false},"featured_media":61168,"comment_status":"closed","ping_status":"closed","template":"","meta":[],"product_brand":[370],"product_cat":[210,150,180,213],"product_tag":[181,189],"class_list":{"0":"post-65470","1":"product","2":"type-product","3":"status-publish","4":"has-post-thumbnail","6":"product_brand-dyrsan","7":"product_cat-tissus-imprimes-motifs-animaux","8":"product_cat-tissus","9":"product_cat-tissus-mailles-jacquard","10":"product_cat-tissus-textures","11":"product_tag-maille-jacquard","12":"product_tag-tissu-texture","14":"first","15":"instock","16":"taxable","17":"shipping-taxable","18":"purchasable","19":"product-type-variable"},"_links":{"self":[{"href":"https:\/\/staging.dyrsan.fr\/it\/wp-json\/wp\/v2\/product\/65470","targetHints":{"allow":["GET"]}}],"collection":[{"href":"https:\/\/staging.dyrsan.fr\/it\/wp-json\/wp\/v2\/product"}],"about":[{"href":"https:\/\/staging.dyrsan.fr\/it\/wp-json\/wp\/v2\/types\/product"}],"replies":[{"embeddable":true,"href":"https:\/\/staging.dyrsan.fr\/it\/wp-json\/wp\/v2\/comments?post=65470"}],"version-history":[{"count":7,"href":"https:\/\/staging.dyrsan.fr\/it\/wp-json\/wp\/v2\/product\/65470\/revisions"}],"predecessor-version":[{"id":73352,"href":"https:\/\/staging.dyrsan.fr\/it\/wp-json\/wp\/v2\/product\/65470\/revisions\/73352"}],"wp:featuredmedia":[{"embeddable":true,"href":"https:\/\/staging.dyrsan.fr\/it\/wp-json\/wp\/v2\/media\/61168"}],"wp:attachment":[{"href":"https:\/\/staging.dyrsan.fr\/it\/wp-json\/wp\/v2\/media?parent=65470"}],"wp:term":[{"taxonomy":"product_brand","embeddable":true,"href":"https:\/\/staging.dyrsan.fr\/it\/wp-json\/wp\/v2\/product_brand?post=65470"},{"taxonomy":"product_cat","embeddable":true,"href":"https:\/\/staging.dyrsan.fr\/it\/wp-json\/wp\/v2\/product_cat?post=65470"},{"taxonomy":"product_tag","embeddable":true,"href":"https:\/\/staging.dyrsan.fr\/it\/wp-json\/wp\/v2\/product_tag?post=65470"}],"curies":[{"name":"wp","href":"https:\/\/api.w.org\/{rel}","templated":true}]}}