{"id":65456,"date":"2025-08-29T20:31:51","date_gmt":"2025-08-29T20:31:51","guid":{"rendered":"https:\/\/www.2027.staging.dyrsan.fr\/?post_type=product&#038;p=65456"},"modified":"2026-04-03T17:54:24","modified_gmt":"2026-04-03T17:54:24","slug":"embout-a-cordon-en-metal-dore-8-mm-2","status":"publish","type":"product","link":"https:\/\/staging.dyrsan.fr\/it\/shop\/embout-a-cordon-en-metal-dore-8-mm-2\/","title":{"rendered":"Estremit\u00e0 del cavo in metallo placcato oro da 8 mm"},"content":{"rendered":"<p>Cet embout \u00e0 cordon en m\u00e9tal dor\u00e9 8 mm est con\u00e7u pour assurer une finition \u00e9l\u00e9gante et r\u00e9sistante aux cordons textiles. Id\u00e9al pour les maillots de bain, bikinis, lingerie et accessoires, il garantit une excellente tenue m\u00eame en milieu humide.<\/p>\n<p>&nbsp;<\/p>\n<p><strong>Specifiche tecniche:<\/strong><\/p>\n<p>R\u00e9f\u00e9rence : DY0196<br \/>\nMateriale(i): metallo<br \/>\nColore: oro<br \/>\nDimensione: 8 mm<br \/>\nPeso: 4 g<br \/>\nTrattamento superficiale: lucidatura a specchio e galvanica<br \/>\nFiniture disponibili: Argento \/ Oro giallo \/ Oro giallo brillante \/ Oro rosa \/ Grigio acciaio \/ Bronzo dorato<br \/>\nConfezione : Venduto in confezioni da 100 pezzi<br \/>\nD\u00e9lai : Commande personnalis\u00e9e \u2013 livraison sous 4 semaines max<\/p>","protected":false},"excerpt":{"rendered":"<p>Cet embout \u00e0 cordon en m\u00e9tal dor\u00e9 8 mm est con\u00e7u pour assurer une finition \u00e9l\u00e9gante et r\u00e9sistante aux cordons textiles. Id\u00e9al pour les maillots de bain, bikinis, lingerie et accessoires, il garantit une excellente tenue m\u00eame en milieu humide.<\/p>\n<p>&nbsp;<\/p>\n<p><strong>Specifiche tecniche:<\/strong><\/p>\n<p>R\u00e9f\u00e9rence : DY0196<br \/>\nMateriale(i): metallo<br \/>\nColore: oro<br \/>\nDimensione: 8 mm<br \/>\nPeso: 4 g<br \/>\nTrattamento superficiale: lucidatura a specchio e galvanica<br \/>\nFiniture disponibili: Argento \/ Oro giallo \/ Oro giallo brillante \/ Oro rosa \/ Grigio acciaio \/ Bronzo dorato<br \/>\nConfezione : Venduto in confezioni da 100 pezzi<br \/>\nD\u00e9lai : Commande personnalis\u00e9e \u2013 livraison sous 4 semaines max<\/p>","protected":false},"featured_media":61091,"comment_status":"closed","ping_status":"closed","template":"","meta":[],"product_brand":[],"product_cat":[140,211],"product_tag":[387,388,386],"class_list":{"0":"post-65456","1":"product","2":"type-product","3":"status-publish","4":"has-post-thumbnail","6":"product_cat-accessoires","7":"product_cat-embouts","8":"product_tag-embout","9":"product_tag-embout-en-metal","10":"product_tag-embouts-pour-cordon","11":"product_shipping_class-1-a-2kg","13":"first","14":"instock","15":"taxable","16":"shipping-taxable","17":"purchasable","18":"product-type-simple"},"_links":{"self":[{"href":"https:\/\/staging.dyrsan.fr\/it\/wp-json\/wp\/v2\/product\/65456","targetHints":{"allow":["GET"]}}],"collection":[{"href":"https:\/\/staging.dyrsan.fr\/it\/wp-json\/wp\/v2\/product"}],"about":[{"href":"https:\/\/staging.dyrsan.fr\/it\/wp-json\/wp\/v2\/types\/product"}],"replies":[{"embeddable":true,"href":"https:\/\/staging.dyrsan.fr\/it\/wp-json\/wp\/v2\/comments?post=65456"}],"version-history":[{"count":3,"href":"https:\/\/staging.dyrsan.fr\/it\/wp-json\/wp\/v2\/product\/65456\/revisions"}],"predecessor-version":[{"id":73141,"href":"https:\/\/staging.dyrsan.fr\/it\/wp-json\/wp\/v2\/product\/65456\/revisions\/73141"}],"wp:featuredmedia":[{"embeddable":true,"href":"https:\/\/staging.dyrsan.fr\/it\/wp-json\/wp\/v2\/media\/61091"}],"wp:attachment":[{"href":"https:\/\/staging.dyrsan.fr\/it\/wp-json\/wp\/v2\/media?parent=65456"}],"wp:term":[{"taxonomy":"product_brand","embeddable":true,"href":"https:\/\/staging.dyrsan.fr\/it\/wp-json\/wp\/v2\/product_brand?post=65456"},{"taxonomy":"product_cat","embeddable":true,"href":"https:\/\/staging.dyrsan.fr\/it\/wp-json\/wp\/v2\/product_cat?post=65456"},{"taxonomy":"product_tag","embeddable":true,"href":"https:\/\/staging.dyrsan.fr\/it\/wp-json\/wp\/v2\/product_tag?post=65456"}],"curies":[{"name":"wp","href":"https:\/\/api.w.org\/{rel}","templated":true}]}}