{"id":65454,"date":"2025-08-29T20:31:51","date_gmt":"2025-08-29T20:31:51","guid":{"rendered":"https:\/\/www.2027.staging.dyrsan.fr\/?post_type=product&#038;p=65454"},"modified":"2026-04-03T17:54:29","modified_gmt":"2026-04-03T17:54:29","slug":"fermoir-en-metal-argente-20-mm-2","status":"publish","type":"product","link":"https:\/\/staging.dyrsan.fr\/it\/shop\/fermoir-en-metal-argente-20-mm-2\/","title":{"rendered":"Chiusura in metallo argentato da 20 mm"},"content":{"rendered":"<p>Ce fermoir en m\u00e9tal argent\u00e9 20 mm est id\u00e9al pour la fermeture des maillots de bain, bikinis et v\u00eatements. Robuste et discret, il garantit une fixation fiable tout en offrant une finition soign\u00e9e et professionnelle aux cr\u00e9ations textiles.<\/p>\n<p>&nbsp;<\/p>\n<p><strong>Specifiche tecniche:<\/strong><\/p>\n<p>R\u00e9f\u00e9rence : 65454<br \/>\nMateriale(i): metallo<br \/>\nColore: argento<br \/>\nDimensione: 20 mm<\/p>\n<p>&nbsp;<\/p>\n<p><strong>Propriet\u00e0 tecniche:<\/strong><\/p>\n<p>Finiture disponibili: argento \/ oro giallo \/ oro giallo brillante \/ oro rosa \/ grigio acciaio \/ bronzo dorato<\/p>\n<p>Taille\u00a0 : 70mm<br \/>\nPoids : 14g<br \/>\nTrattamento superficiale: lucidatura a specchio e galvanica<br \/>\nMateriale(i): metallo<br \/>\nOrdine personalizzato - Consegna entro 4 settimane al massimo<\/p>\n<p>Venduto in confezioni da 100 pezzi<\/p>","protected":false},"excerpt":{"rendered":"<p>Ce fermoir en m\u00e9tal argent\u00e9 20 mm est id\u00e9al pour la fermeture des maillots de bain, bikinis et v\u00eatements. Robuste et discret, il garantit une fixation fiable tout en offrant une finition soign\u00e9e et professionnelle aux cr\u00e9ations textiles.<\/p>\n<p>&nbsp;<\/p>\n<p><strong>Specifiche tecniche:<\/strong><\/p>\n<p>R\u00e9f\u00e9rence : 65454<br \/>\nMateriale(i): metallo<br \/>\nColore: argento<br \/>\nDimensione: 20 mm<\/p>\n<p>&nbsp;<\/p>\n<p><strong>Propriet\u00e0 tecniche:<\/strong><\/p>\n<p>Finiture disponibili: argento \/ oro giallo \/ oro giallo brillante \/ oro rosa \/ grigio acciaio \/ bronzo dorato<\/p>\n<p>Taille\u00a0 : 70mm<br \/>\nPoids : 14g<br \/>\nTrattamento superficiale: lucidatura a specchio e galvanica<br \/>\nMateriale(i): metallo<br \/>\nOrdine personalizzato - Consegna entro 4 settimane al massimo<\/p>\n<p>Venduto in confezioni da 100 pezzi<\/p>","protected":false},"featured_media":61073,"comment_status":"closed","ping_status":"closed","template":"","meta":[],"product_brand":[],"product_cat":[140,211],"product_tag":[387,388,386],"class_list":{"0":"post-65454","1":"product","2":"type-product","3":"status-publish","4":"has-post-thumbnail","6":"product_cat-accessoires","7":"product_cat-embouts","8":"product_tag-embout","9":"product_tag-embout-en-metal","10":"product_tag-embouts-pour-cordon","11":"product_shipping_class-1-a-2kg","13":"first","14":"instock","15":"taxable","16":"shipping-taxable","17":"purchasable","18":"product-type-simple"},"_links":{"self":[{"href":"https:\/\/staging.dyrsan.fr\/it\/wp-json\/wp\/v2\/product\/65454","targetHints":{"allow":["GET"]}}],"collection":[{"href":"https:\/\/staging.dyrsan.fr\/it\/wp-json\/wp\/v2\/product"}],"about":[{"href":"https:\/\/staging.dyrsan.fr\/it\/wp-json\/wp\/v2\/types\/product"}],"replies":[{"embeddable":true,"href":"https:\/\/staging.dyrsan.fr\/it\/wp-json\/wp\/v2\/comments?post=65454"}],"version-history":[{"count":3,"href":"https:\/\/staging.dyrsan.fr\/it\/wp-json\/wp\/v2\/product\/65454\/revisions"}],"predecessor-version":[{"id":73126,"href":"https:\/\/staging.dyrsan.fr\/it\/wp-json\/wp\/v2\/product\/65454\/revisions\/73126"}],"wp:featuredmedia":[{"embeddable":true,"href":"https:\/\/staging.dyrsan.fr\/it\/wp-json\/wp\/v2\/media\/61073"}],"wp:attachment":[{"href":"https:\/\/staging.dyrsan.fr\/it\/wp-json\/wp\/v2\/media?parent=65454"}],"wp:term":[{"taxonomy":"product_brand","embeddable":true,"href":"https:\/\/staging.dyrsan.fr\/it\/wp-json\/wp\/v2\/product_brand?post=65454"},{"taxonomy":"product_cat","embeddable":true,"href":"https:\/\/staging.dyrsan.fr\/it\/wp-json\/wp\/v2\/product_cat?post=65454"},{"taxonomy":"product_tag","embeddable":true,"href":"https:\/\/staging.dyrsan.fr\/it\/wp-json\/wp\/v2\/product_tag?post=65454"}],"curies":[{"name":"wp","href":"https:\/\/api.w.org\/{rel}","templated":true}]}}