{"id":65386,"date":"2025-08-29T20:31:37","date_gmt":"2025-08-29T20:31:37","guid":{"rendered":"https:\/\/www.2027.staging.dyrsan.fr\/?post_type=product&#038;p=65386"},"modified":"2026-04-03T17:54:31","modified_gmt":"2026-04-03T17:54:31","slug":"separateur-argent-en-forme-u-70-mm","status":"publish","type":"product","link":"https:\/\/staging.dyrsan.fr\/it\/shop\/separateur-argent-en-forme-u-70-mm\/","title":{"rendered":"Separatore a U in argento 70 mm"},"content":{"rendered":"<p>Ce s\u00e9parateur argent en forme U 70 mm est con\u00e7u pour l\u2019assemblage et la finition des maillots de bain, bikinis et cr\u00e9ations textiles. Il garantit une tenue fiable, une excellente r\u00e9sistance et une finition professionnelle \u00e9l\u00e9gante.<\/p>\n<p>&nbsp;<\/p>\n<p><strong>Specifiche tecniche:<\/strong><\/p>\n<p>R\u00e9f\u00e9rence : DY0807B<br \/>\nMateriale(i): metallo<br \/>\nColore: argento<br \/>\nTaille : 70 mm<br \/>\nPeso: 14 g<br \/>\nTrattamento superficiale: lucidatura a specchio e galvanica<\/p>","protected":false},"excerpt":{"rendered":"<p>Ce s\u00e9parateur argent en forme U 70 mm est con\u00e7u pour l\u2019assemblage et la finition des maillots de bain, bikinis et cr\u00e9ations textiles. Il garantit une tenue fiable, une excellente r\u00e9sistance et une finition professionnelle \u00e9l\u00e9gante.<\/p>\n<p>&nbsp;<\/p>\n<p><strong>Specifiche tecniche:<\/strong><\/p>\n<p>R\u00e9f\u00e9rence : DY0807B<br \/>\nMateriale(i): metallo<br \/>\nColore: argento<br \/>\nTaille : 70 mm<br \/>\nPeso: 14 g<br \/>\nTrattamento superficiale: lucidatura a specchio e galvanica<\/p>","protected":false},"featured_media":60982,"comment_status":"closed","ping_status":"closed","template":"","meta":[],"product_brand":[],"product_cat":[140,156],"product_tag":[373],"class_list":{"0":"post-65386","1":"product","2":"type-product","3":"status-publish","4":"has-post-thumbnail","6":"product_cat-accessoires","7":"product_cat-separateurs","8":"product_tag-separateur","9":"product_shipping_class-1-a-2kg","11":"first","12":"instock","13":"taxable","14":"shipping-taxable","15":"purchasable","16":"product-type-simple"},"_links":{"self":[{"href":"https:\/\/staging.dyrsan.fr\/it\/wp-json\/wp\/v2\/product\/65386","targetHints":{"allow":["GET"]}}],"collection":[{"href":"https:\/\/staging.dyrsan.fr\/it\/wp-json\/wp\/v2\/product"}],"about":[{"href":"https:\/\/staging.dyrsan.fr\/it\/wp-json\/wp\/v2\/types\/product"}],"replies":[{"embeddable":true,"href":"https:\/\/staging.dyrsan.fr\/it\/wp-json\/wp\/v2\/comments?post=65386"}],"version-history":[{"count":3,"href":"https:\/\/staging.dyrsan.fr\/it\/wp-json\/wp\/v2\/product\/65386\/revisions"}],"predecessor-version":[{"id":73156,"href":"https:\/\/staging.dyrsan.fr\/it\/wp-json\/wp\/v2\/product\/65386\/revisions\/73156"}],"wp:featuredmedia":[{"embeddable":true,"href":"https:\/\/staging.dyrsan.fr\/it\/wp-json\/wp\/v2\/media\/60982"}],"wp:attachment":[{"href":"https:\/\/staging.dyrsan.fr\/it\/wp-json\/wp\/v2\/media?parent=65386"}],"wp:term":[{"taxonomy":"product_brand","embeddable":true,"href":"https:\/\/staging.dyrsan.fr\/it\/wp-json\/wp\/v2\/product_brand?post=65386"},{"taxonomy":"product_cat","embeddable":true,"href":"https:\/\/staging.dyrsan.fr\/it\/wp-json\/wp\/v2\/product_cat?post=65386"},{"taxonomy":"product_tag","embeddable":true,"href":"https:\/\/staging.dyrsan.fr\/it\/wp-json\/wp\/v2\/product_tag?post=65386"}],"curies":[{"name":"wp","href":"https:\/\/api.w.org\/{rel}","templated":true}]}}