{"id":65346,"date":"2025-08-29T20:31:30","date_gmt":"2025-08-29T20:31:30","guid":{"rendered":"https:\/\/www.2027.staging.dyrsan.fr\/?post_type=product&#038;p=65346"},"modified":"2026-04-03T17:54:55","modified_gmt":"2026-04-03T17:54:55","slug":"grand-separateur-en-metal-dore-75-mm","status":"publish","type":"product","link":"https:\/\/staging.dyrsan.fr\/it\/shop\/grand-separateur-en-metal-dore-75-mm\/","title":{"rendered":"Grande divisorio in metallo placcato oro da 75 mm"},"content":{"rendered":"<p>Ce grand s\u00e9parateur en m\u00e9tal dor\u00e9 75 mm est id\u00e9al pour les cr\u00e9ations textiles haut de gamme, maillots de bain, lingerie et accessoires. Solide et \u00e9l\u00e9gant, il offre une excellente r\u00e9sistance \u00e0 l\u2019eau et \u00e0 la corrosion tout en apportant une finition raffin\u00e9e et professionnelle.<\/p>\n<p>&nbsp;<\/p>\n<p><strong>Specifiche tecniche:<\/strong><br \/>\nR\u00e9f\u00e9rence : DY1745<br \/>\nMateriale(i): metallo<br \/>\nColore: Oro<br \/>\nDimensioni: 75 mm<br \/>\nPoids : 54 g<\/p>\n<p>&nbsp;<\/p>\n<p><strong>Propriet\u00e0 tecniche:<\/strong><br \/>\nTrattamento superficiale: lucidatura a specchio e galvanica<br \/>\nConfezione : Venduto in confezioni da 100 pezzi<br \/>\nTempi di consegna: Ordine personalizzato - Consegna entro 4 settimane max.<br \/>\nStandard rispettati: senza piombo, nichel e cromo - conforme agli standard OEKO<br \/>\nR\u00e9sistance : Adapt\u00e9 aux environnements aquatiques (chlore, eau de mer, corrosion)<\/p>","protected":false},"excerpt":{"rendered":"<p>Ce grand s\u00e9parateur en m\u00e9tal dor\u00e9 75 mm est id\u00e9al pour les cr\u00e9ations textiles haut de gamme, maillots de bain, lingerie et accessoires. Solide et \u00e9l\u00e9gant, il offre une excellente r\u00e9sistance \u00e0 l\u2019eau et \u00e0 la corrosion tout en apportant une finition raffin\u00e9e et professionnelle.<\/p>\n<p>&nbsp;<\/p>\n<p><strong>Specifiche tecniche:<\/strong><br \/>\nR\u00e9f\u00e9rence : DY1745<br \/>\nMateriale(i): metallo<br \/>\nColore: Oro<br \/>\nDimensioni: 75 mm<br \/>\nPoids : 54 g<\/p>\n<p>&nbsp;<\/p>\n<p><strong>Propriet\u00e0 tecniche:<\/strong><br \/>\nTrattamento superficiale: lucidatura a specchio e galvanica<br \/>\nConfezione : Venduto in confezioni da 100 pezzi<br \/>\nTempi di consegna: Ordine personalizzato - Consegna entro 4 settimane max.<br \/>\nStandard rispettati: senza piombo, nichel e cromo - conforme agli standard OEKO<br \/>\nR\u00e9sistance : Adapt\u00e9 aux environnements aquatiques (chlore, eau de mer, corrosion)<\/p>","protected":false},"featured_media":60943,"comment_status":"closed","ping_status":"closed","template":"","meta":[],"product_brand":[],"product_cat":[156,140],"product_tag":[373],"class_list":{"0":"post-65346","1":"product","2":"type-product","3":"status-publish","4":"has-post-thumbnail","6":"product_cat-separateurs","7":"product_cat-accessoires","8":"product_tag-separateur","9":"product_shipping_class-1-a-2kg","11":"first","12":"instock","13":"taxable","14":"shipping-taxable","15":"purchasable","16":"product-type-simple"},"_links":{"self":[{"href":"https:\/\/staging.dyrsan.fr\/it\/wp-json\/wp\/v2\/product\/65346","targetHints":{"allow":["GET"]}}],"collection":[{"href":"https:\/\/staging.dyrsan.fr\/it\/wp-json\/wp\/v2\/product"}],"about":[{"href":"https:\/\/staging.dyrsan.fr\/it\/wp-json\/wp\/v2\/types\/product"}],"replies":[{"embeddable":true,"href":"https:\/\/staging.dyrsan.fr\/it\/wp-json\/wp\/v2\/comments?post=65346"}],"version-history":[{"count":5,"href":"https:\/\/staging.dyrsan.fr\/it\/wp-json\/wp\/v2\/product\/65346\/revisions"}],"predecessor-version":[{"id":73177,"href":"https:\/\/staging.dyrsan.fr\/it\/wp-json\/wp\/v2\/product\/65346\/revisions\/73177"}],"wp:featuredmedia":[{"embeddable":true,"href":"https:\/\/staging.dyrsan.fr\/it\/wp-json\/wp\/v2\/media\/60943"}],"wp:attachment":[{"href":"https:\/\/staging.dyrsan.fr\/it\/wp-json\/wp\/v2\/media?parent=65346"}],"wp:term":[{"taxonomy":"product_brand","embeddable":true,"href":"https:\/\/staging.dyrsan.fr\/it\/wp-json\/wp\/v2\/product_brand?post=65346"},{"taxonomy":"product_cat","embeddable":true,"href":"https:\/\/staging.dyrsan.fr\/it\/wp-json\/wp\/v2\/product_cat?post=65346"},{"taxonomy":"product_tag","embeddable":true,"href":"https:\/\/staging.dyrsan.fr\/it\/wp-json\/wp\/v2\/product_tag?post=65346"}],"curies":[{"name":"wp","href":"https:\/\/api.w.org\/{rel}","templated":true}]}}