{"id":65343,"date":"2025-08-29T20:31:30","date_gmt":"2025-08-29T20:31:30","guid":{"rendered":"https:\/\/www.2027.staging.dyrsan.fr\/?post_type=product&#038;p=65343"},"modified":"2026-04-03T17:55:01","modified_gmt":"2026-04-03T17:55:01","slug":"grand-fermoir-attache-en-metal-dore-brillant-54-mm","status":"publish","type":"product","link":"https:\/\/staging.dyrsan.fr\/it\/shop\/grand-fermoir-attache-en-metal-dore-brillant-54-mm\/","title":{"rendered":"Grande chiusura in metallo dorato lucido 54 mm"},"content":{"rendered":"<p>Ce grand fermoir attache en m\u00e9tal dor\u00e9 brillant 54 mm est id\u00e9al pour la fermeture s\u00e9curis\u00e9e des maillots de bain, bikinis, lingerie et v\u00eatements. Sa finition brillante apporte une touche \u00e9l\u00e9gante tout en garantissant robustesse et fiabilit\u00e9 pour les cr\u00e9ations textiles professionnelles.<\/p>\n<p>&nbsp;<\/p>\n<p><strong>Specifiche tecniche:<\/strong><\/p>\n<p>R\u00e9f\u00e9rence : DY4590B<br \/>\nMateriale(i): metallo<br \/>\nColore: Oro giallo brillante<br \/>\nTaille : 54 mm<\/p>\n<p><strong>Propriet\u00e0 tecniche:<\/strong><\/p>\n<p>Su misura: disponibili in dimensioni personalizzate e in varie finiture (oro giallo, oro giallo brillante, oro rosa, argento, grigio acciaio, bronzo dorato) per adattarsi ai vostri progetti.<br \/>\nOrdini in blocco: prezzi bassi e opzioni flessibili per le vostre collezioni.<br \/>\nEccezionale durata: resiste ai lavaggi senza alterare il suo aspetto.<br \/>\nPrestazioni garantite: elevata resistenza alla trazione per un utilizzo affidabile e duraturo.<br \/>\nProtezione avanzata: perfetta per gli ambienti acquatici grazie alla resistenza al cloro, all'acqua di mare e alla corrosione.<br \/>\nStandard rispettati: senza piombo, nichel e cromo, conformi alla OEKO e rispettosi dell'ambiente.<br \/>\nImpegno per la qualit\u00e0: materiali accuratamente selezionati per finiture eleganti e durature.<\/p>","protected":false},"excerpt":{"rendered":"<p>Ce grand fermoir attache en m\u00e9tal dor\u00e9 brillant 54 mm est id\u00e9al pour la fermeture s\u00e9curis\u00e9e des maillots de bain, bikinis, lingerie et v\u00eatements. Sa finition brillante apporte une touche \u00e9l\u00e9gante tout en garantissant robustesse et fiabilit\u00e9 pour les cr\u00e9ations textiles professionnelles.<\/p>\n<p>&nbsp;<\/p>\n<p><strong>Specifiche tecniche:<\/strong><\/p>\n<p>R\u00e9f\u00e9rence : DY4590B<br \/>\nMateriale(i): metallo<br \/>\nColore: Oro giallo brillante<br \/>\nTaille : 54 mm<\/p>\n<p>&nbsp;<\/p>\n<p><strong>Propriet\u00e0 tecniche:<\/strong><\/p>\n<p>Su misura: disponibili in dimensioni personalizzate e in varie finiture (oro giallo, oro giallo brillante, oro rosa, argento, grigio acciaio, bronzo dorato) per adattarsi ai vostri progetti.<br \/>\nOrdini in blocco: prezzi bassi e opzioni flessibili per le vostre collezioni.<br \/>\nEccezionale durata: resiste ai lavaggi senza alterare il suo aspetto.<br \/>\nPrestazioni garantite: elevata resistenza alla trazione per un utilizzo affidabile e duraturo.<br \/>\nProtezione avanzata: perfetta per gli ambienti acquatici grazie alla resistenza al cloro, all'acqua di mare e alla corrosione.<br \/>\nStandard rispettati: senza piombo, nichel e cromo, conformi alla OEKO e rispettosi dell'ambiente.<br \/>\nImpegno per la qualit\u00e0: materiali accuratamente selezionati per finiture eleganti e durature.<\/p>","protected":false},"featured_media":60927,"comment_status":"closed","ping_status":"closed","template":"","meta":[],"product_brand":[],"product_cat":[140,147],"product_tag":[376,375],"class_list":{"0":"post-65343","1":"product","2":"type-product","3":"status-publish","4":"has-post-thumbnail","6":"product_cat-accessoires","7":"product_cat-fermoirs","8":"product_tag-attache","9":"product_tag-fermoir","10":"product_shipping_class-1-a-2kg","12":"first","13":"instock","14":"taxable","15":"shipping-taxable","16":"purchasable","17":"product-type-simple"},"_links":{"self":[{"href":"https:\/\/staging.dyrsan.fr\/it\/wp-json\/wp\/v2\/product\/65343","targetHints":{"allow":["GET"]}}],"collection":[{"href":"https:\/\/staging.dyrsan.fr\/it\/wp-json\/wp\/v2\/product"}],"about":[{"href":"https:\/\/staging.dyrsan.fr\/it\/wp-json\/wp\/v2\/types\/product"}],"replies":[{"embeddable":true,"href":"https:\/\/staging.dyrsan.fr\/it\/wp-json\/wp\/v2\/comments?post=65343"}],"version-history":[{"count":3,"href":"https:\/\/staging.dyrsan.fr\/it\/wp-json\/wp\/v2\/product\/65343\/revisions"}],"predecessor-version":[{"id":73171,"href":"https:\/\/staging.dyrsan.fr\/it\/wp-json\/wp\/v2\/product\/65343\/revisions\/73171"}],"wp:featuredmedia":[{"embeddable":true,"href":"https:\/\/staging.dyrsan.fr\/it\/wp-json\/wp\/v2\/media\/60927"}],"wp:attachment":[{"href":"https:\/\/staging.dyrsan.fr\/it\/wp-json\/wp\/v2\/media?parent=65343"}],"wp:term":[{"taxonomy":"product_brand","embeddable":true,"href":"https:\/\/staging.dyrsan.fr\/it\/wp-json\/wp\/v2\/product_brand?post=65343"},{"taxonomy":"product_cat","embeddable":true,"href":"https:\/\/staging.dyrsan.fr\/it\/wp-json\/wp\/v2\/product_cat?post=65343"},{"taxonomy":"product_tag","embeddable":true,"href":"https:\/\/staging.dyrsan.fr\/it\/wp-json\/wp\/v2\/product_tag?post=65343"}],"curies":[{"name":"wp","href":"https:\/\/api.w.org\/{rel}","templated":true}]}}