{"id":65340,"date":"2025-08-29T20:31:29","date_gmt":"2025-08-29T20:31:29","guid":{"rendered":"https:\/\/www.2027.staging.dyrsan.fr\/?post_type=product&#038;p=65340"},"modified":"2026-04-03T17:55:08","modified_gmt":"2026-04-03T17:55:08","slug":"grand-passant-en-metal-dore","status":"publish","type":"product","link":"https:\/\/staging.dyrsan.fr\/it\/shop\/grand-passant-en-metal-dore\/","title":{"rendered":"Grande occhiello in metallo placcato oro"},"content":{"rendered":"<p>Ce grand passant en m\u00e9tal dor\u00e9 est id\u00e9al pour le passage et le maintien des bretelles, sangles et bandes textiles. Solide et \u00e9l\u00e9gant, il apporte une finition haut de gamme aux maillots de bain, bikinis, lingerie et cr\u00e9ations textiles professionnelles.<\/p>\n<p>&nbsp;<\/p>\n<p><strong>Specifiche tecniche:<\/strong><br \/>\nR\u00e9f\u00e9rence : DYG0169<br \/>\nMateriale(i): metallo<br \/>\nColore: Oro<\/p>\n<p>&nbsp;<\/p>\n<p><strong>Propriet\u00e0 tecniche:<\/strong><br \/>\nSu misura: disponibili in dimensioni personalizzate e in varie finiture (oro giallo, oro giallo brillante, oro rosa, argento, grigio acciaio, bronzo dorato) per adattarsi ai vostri progetti.<br \/>\nOrdini in blocco: prezzi bassi e opzioni flessibili per le vostre collezioni.<br \/>\nEccezionale durata: resiste ai lavaggi senza alterare il suo aspetto.<br \/>\nPrestazioni garantite: elevata resistenza alla trazione per un utilizzo affidabile e duraturo.<br \/>\nProtezione avanzata: perfetta per gli ambienti acquatici grazie alla resistenza al cloro, all'acqua di mare e alla corrosione.<br \/>\nStandard rispettati: senza piombo, nichel e cromo, conformi alla OEKO e rispettosi dell'ambiente.<br \/>\nImpegno per la qualit\u00e0: materiali accuratamente selezionati per finiture eleganti e durature.<\/p>","protected":false},"excerpt":{"rendered":"<p>Ce grand passant en m\u00e9tal dor\u00e9 est id\u00e9al pour le passage et le maintien des bretelles, sangles et bandes textiles. Solide et \u00e9l\u00e9gant, il apporte une finition haut de gamme aux maillots de bain, bikinis, lingerie et cr\u00e9ations textiles professionnelles.<\/p>\n<p>&nbsp;<\/p>\n<p><strong>Specifiche tecniche:<\/strong><br \/>\nR\u00e9f\u00e9rence : DYG0169<br \/>\nMateriale(i): metallo<br \/>\nColore: Oro<\/p>\n<p>&nbsp;<\/p>\n<p><strong>Propriet\u00e0 tecniche:<\/strong><br \/>\nSu misura: disponibili in dimensioni personalizzate e in varie finiture (oro giallo, oro giallo brillante, oro rosa, argento, grigio acciaio, bronzo dorato) per adattarsi ai vostri progetti.<br \/>\nOrdini in blocco: prezzi bassi e opzioni flessibili per le vostre collezioni.<br \/>\nEccezionale durata: resiste ai lavaggi senza alterare il suo aspetto.<br \/>\nPrestazioni garantite: elevata resistenza alla trazione per un utilizzo affidabile e duraturo.<br \/>\nProtezione avanzata: perfetta per gli ambienti acquatici grazie alla resistenza al cloro, all'acqua di mare e alla corrosione.<br \/>\nStandard rispettati: senza piombo, nichel e cromo, conformi alla OEKO e rispettosi dell'ambiente.<br \/>\nImpegno per la qualit\u00e0: materiali accuratamente selezionati per finiture eleganti e durature.<\/p>","protected":false},"featured_media":60915,"comment_status":"closed","ping_status":"closed","template":"","meta":[],"product_brand":[],"product_cat":[212,140],"product_tag":[374],"class_list":{"0":"post-65340","1":"product","2":"type-product","3":"status-publish","4":"has-post-thumbnail","6":"product_cat-passants","7":"product_cat-accessoires","8":"product_tag-passant","9":"product_shipping_class-1-a-2kg","11":"first","12":"instock","13":"taxable","14":"shipping-taxable","15":"purchasable","16":"product-type-simple"},"_links":{"self":[{"href":"https:\/\/staging.dyrsan.fr\/it\/wp-json\/wp\/v2\/product\/65340","targetHints":{"allow":["GET"]}}],"collection":[{"href":"https:\/\/staging.dyrsan.fr\/it\/wp-json\/wp\/v2\/product"}],"about":[{"href":"https:\/\/staging.dyrsan.fr\/it\/wp-json\/wp\/v2\/types\/product"}],"replies":[{"embeddable":true,"href":"https:\/\/staging.dyrsan.fr\/it\/wp-json\/wp\/v2\/comments?post=65340"}],"version-history":[{"count":3,"href":"https:\/\/staging.dyrsan.fr\/it\/wp-json\/wp\/v2\/product\/65340\/revisions"}],"predecessor-version":[{"id":73186,"href":"https:\/\/staging.dyrsan.fr\/it\/wp-json\/wp\/v2\/product\/65340\/revisions\/73186"}],"wp:featuredmedia":[{"embeddable":true,"href":"https:\/\/staging.dyrsan.fr\/it\/wp-json\/wp\/v2\/media\/60915"}],"wp:attachment":[{"href":"https:\/\/staging.dyrsan.fr\/it\/wp-json\/wp\/v2\/media?parent=65340"}],"wp:term":[{"taxonomy":"product_brand","embeddable":true,"href":"https:\/\/staging.dyrsan.fr\/it\/wp-json\/wp\/v2\/product_brand?post=65340"},{"taxonomy":"product_cat","embeddable":true,"href":"https:\/\/staging.dyrsan.fr\/it\/wp-json\/wp\/v2\/product_cat?post=65340"},{"taxonomy":"product_tag","embeddable":true,"href":"https:\/\/staging.dyrsan.fr\/it\/wp-json\/wp\/v2\/product_tag?post=65340"}],"curies":[{"name":"wp","href":"https:\/\/api.w.org\/{rel}","templated":true}]}}