{"id":65326,"date":"2025-08-29T20:31:28","date_gmt":"2025-08-29T20:31:28","guid":{"rendered":"https:\/\/www.2027.staging.dyrsan.fr\/?post_type=product&#038;p=65326"},"modified":"2026-04-03T17:55:35","modified_gmt":"2026-04-03T17:55:35","slug":"fermoir-attache-en-metal-noir-mat-15-mm","status":"publish","type":"product","link":"https:\/\/staging.dyrsan.fr\/it\/shop\/fermoir-attache-en-metal-noir-mat-15-mm\/","title":{"rendered":"Chiusura in metallo nero opaco da 15 mm"},"content":{"rendered":"<p>Ce fermoir \/ attache en m\u00e9tal noir mat 15 mm est id\u00e9al pour les maillots de bain, la lingerie, les v\u00eatements techniques et les accessoires textiles. Solide, discret et \u00e9l\u00e9gant, il offre une fermeture fiable tout en apportant une finition moderne et professionnelle aux cr\u00e9ations.<\/p>\n<p>&nbsp;<\/p>\n<p><strong>Specifiche tecniche:<\/strong><br \/>\nR\u00e9f\u00e9rence : DYD0025-15<br \/>\nMateriale(i): metallo<br \/>\nCouleur : Noir mat<br \/>\nFinitura(e) disponibile(i) : Argento \/ Oro giallo \/ Oro giallo brillante \/ Oro rosa \/ Grigio acciaio \/ Bronzo dorato<br \/>\nTaille : 15 mm<br \/>\nPeso: 11 g<br \/>\nTrattamento superficiale: lucidatura a specchio e galvanica<\/p>\n<p>&nbsp;<\/p>\n<p><strong>Propriet\u00e0 tecniche:<\/strong><br \/>\nConfezione : Venduto in confezioni da 100 pezzi<br \/>\nDisponibilit\u00e0: Su ordinazione<\/p>\n<p>Tempi di consegna: Ordine personalizzato - Consegna entro 4 settimane max.<\/p>","protected":false},"excerpt":{"rendered":"<p>Ce fermoir \/ attache en m\u00e9tal noir mat 15 mm est id\u00e9al pour les maillots de bain, la lingerie, les v\u00eatements techniques et les accessoires textiles. Solide, discret et \u00e9l\u00e9gant, il offre une fermeture fiable tout en apportant une finition moderne et professionnelle aux cr\u00e9ations.<\/p>\n<p>&nbsp;<\/p>\n<p><strong>Specifiche tecniche:<\/strong><br \/>\nR\u00e9f\u00e9rence : DYD0025-15<br \/>\nMateriale(i): metallo<br \/>\nCouleur : Noir mat<br \/>\nFinitura(e) disponibile(i) : Argento \/ Oro giallo \/ Oro giallo brillante \/ Oro rosa \/ Grigio acciaio \/ Bronzo dorato<br \/>\nTaille : 15 mm<br \/>\nPeso: 11 g<br \/>\nTrattamento superficiale: lucidatura a specchio e galvanica<\/p>\n<p>&nbsp;<\/p>\n<p><strong>Propriet\u00e0 tecniche:<\/strong><br \/>\nConfezione : Venduto in confezioni da 100 pezzi<br \/>\nDisponibilit\u00e0: Su ordinazione<\/p>\n<p>Tempi di consegna: Ordine personalizzato - Consegna entro 4 settimane max.<\/p>","protected":false},"featured_media":60861,"comment_status":"closed","ping_status":"closed","template":"","meta":[],"product_brand":[],"product_cat":[140,147],"product_tag":[376,375],"class_list":{"0":"post-65326","1":"product","2":"type-product","3":"status-publish","4":"has-post-thumbnail","6":"product_cat-accessoires","7":"product_cat-fermoirs","8":"product_tag-attache","9":"product_tag-fermoir","10":"product_shipping_class-1-a-2kg","12":"first","13":"instock","14":"taxable","15":"shipping-taxable","16":"purchasable","17":"product-type-simple"},"_links":{"self":[{"href":"https:\/\/staging.dyrsan.fr\/it\/wp-json\/wp\/v2\/product\/65326","targetHints":{"allow":["GET"]}}],"collection":[{"href":"https:\/\/staging.dyrsan.fr\/it\/wp-json\/wp\/v2\/product"}],"about":[{"href":"https:\/\/staging.dyrsan.fr\/it\/wp-json\/wp\/v2\/types\/product"}],"replies":[{"embeddable":true,"href":"https:\/\/staging.dyrsan.fr\/it\/wp-json\/wp\/v2\/comments?post=65326"}],"version-history":[{"count":3,"href":"https:\/\/staging.dyrsan.fr\/it\/wp-json\/wp\/v2\/product\/65326\/revisions"}],"predecessor-version":[{"id":73219,"href":"https:\/\/staging.dyrsan.fr\/it\/wp-json\/wp\/v2\/product\/65326\/revisions\/73219"}],"wp:featuredmedia":[{"embeddable":true,"href":"https:\/\/staging.dyrsan.fr\/it\/wp-json\/wp\/v2\/media\/60861"}],"wp:attachment":[{"href":"https:\/\/staging.dyrsan.fr\/it\/wp-json\/wp\/v2\/media?parent=65326"}],"wp:term":[{"taxonomy":"product_brand","embeddable":true,"href":"https:\/\/staging.dyrsan.fr\/it\/wp-json\/wp\/v2\/product_brand?post=65326"},{"taxonomy":"product_cat","embeddable":true,"href":"https:\/\/staging.dyrsan.fr\/it\/wp-json\/wp\/v2\/product_cat?post=65326"},{"taxonomy":"product_tag","embeddable":true,"href":"https:\/\/staging.dyrsan.fr\/it\/wp-json\/wp\/v2\/product_tag?post=65326"}],"curies":[{"name":"wp","href":"https:\/\/api.w.org\/{rel}","templated":true}]}}