{"id":65320,"date":"2025-08-29T20:31:28","date_gmt":"2025-08-29T20:31:28","guid":{"rendered":"https:\/\/www.2027.staging.dyrsan.fr\/?post_type=product&#038;p=65320"},"modified":"2026-04-03T17:55:44","modified_gmt":"2026-04-03T17:55:44","slug":"boucle-connecteur-en-metal-argent-32-5-mm","status":"publish","type":"product","link":"https:\/\/staging.dyrsan.fr\/it\/shop\/boucle-connecteur-en-metal-argent-32-5-mm\/","title":{"rendered":"Fibbia con connettore in metallo argentato da 32,5 mm"},"content":{"rendered":"<p>Cette boucle connecteur en m\u00e9tal argent 32.5 mm est id\u00e9ale pour les maillots de bain, la lingerie, les v\u00eatements et accessoires textiles. Solide et \u00e9l\u00e9gante, elle assure une liaison fiable tout en apportant une finition soign\u00e9e et professionnelle aux cr\u00e9ations textiles.<\/p>\n<p>&nbsp;<\/p>\n<p><strong>Specifiche tecniche:<\/strong><br \/>\nR\u00e9f\u00e9rence : DY0727-32.5<br \/>\nMateriale(i): metallo<br \/>\nColore: argento<br \/>\nTaille : 32,5 mm<\/p>\n<p>&nbsp;<\/p>\n<p><strong>Propriet\u00e0 tecniche:<\/strong><br \/>\nSu misura: disponibili in dimensioni personalizzate e in varie finiture (oro giallo, oro giallo brillante, oro rosa, argento, grigio acciaio, bronzo dorato) per adattarsi ai vostri progetti.<br \/>\nOrdini in blocco: prezzi bassi e opzioni flessibili per le vostre collezioni.<br \/>\nEccezionale durata: resiste ai lavaggi senza alterare il suo aspetto.<br \/>\nPrestazioni garantite: elevata resistenza alla trazione per un utilizzo affidabile e duraturo.<br \/>\nProtezione avanzata: perfetta per gli ambienti acquatici grazie alla resistenza al cloro, all'acqua di mare e alla corrosione.<br \/>\nStandard rispettati: senza piombo, nichel e cromo, conformi alla OEKO e rispettosi dell'ambiente.<br \/>\nImpegno per la qualit\u00e0: materiali accuratamente selezionati per finiture eleganti e durature.<\/p>","protected":false},"excerpt":{"rendered":"<p>Cette boucle connecteur en m\u00e9tal argent 32.5 mm est id\u00e9ale pour les maillots de bain, la lingerie, les v\u00eatements et accessoires textiles. Solide et \u00e9l\u00e9gante, elle assure une liaison fiable tout en apportant une finition soign\u00e9e et professionnelle aux cr\u00e9ations textiles.<\/p>\n<p>&nbsp;<\/p>\n<p><strong>Specifiche tecniche:<\/strong><br \/>\nR\u00e9f\u00e9rence : DY0727-32.5<br \/>\nMateriale(i): metallo<br \/>\nColore: argento<br \/>\nTaille : 32,5 mm<\/p>\n<p>&nbsp;<\/p>\n<p><strong>Propriet\u00e0 tecniche:<\/strong><br \/>\nSu misura: disponibili in dimensioni personalizzate e in varie finiture (oro giallo, oro giallo brillante, oro rosa, argento, grigio acciaio, bronzo dorato) per adattarsi ai vostri progetti.<br \/>\nOrdini in blocco: prezzi bassi e opzioni flessibili per le vostre collezioni.<br \/>\nEccezionale durata: resiste ai lavaggi senza alterare il suo aspetto.<br \/>\nPrestazioni garantite: elevata resistenza alla trazione per un utilizzo affidabile e duraturo.<br \/>\nProtezione avanzata: perfetta per gli ambienti acquatici grazie alla resistenza al cloro, all'acqua di mare e alla corrosione.<br \/>\nStandard rispettati: senza piombo, nichel e cromo, conformi alla OEKO e rispettosi dell'ambiente.<br \/>\nImpegno per la qualit\u00e0: materiali accuratamente selezionati per finiture eleganti e durature.<\/p>","protected":false},"featured_media":60838,"comment_status":"closed","ping_status":"closed","template":"","meta":[],"product_brand":[],"product_cat":[148,140],"product_tag":[384,157,170],"class_list":{"0":"post-65320","1":"product","2":"type-product","3":"status-publish","4":"has-post-thumbnail","6":"product_cat-boucles","7":"product_cat-accessoires","8":"product_tag-boucle","9":"product_tag-boucle-connecteur","10":"product_tag-boucle-maillot-de-bain","11":"product_shipping_class-1-a-2kg","13":"first","14":"instock","15":"taxable","16":"shipping-taxable","17":"purchasable","18":"product-type-simple"},"_links":{"self":[{"href":"https:\/\/staging.dyrsan.fr\/it\/wp-json\/wp\/v2\/product\/65320","targetHints":{"allow":["GET"]}}],"collection":[{"href":"https:\/\/staging.dyrsan.fr\/it\/wp-json\/wp\/v2\/product"}],"about":[{"href":"https:\/\/staging.dyrsan.fr\/it\/wp-json\/wp\/v2\/types\/product"}],"replies":[{"embeddable":true,"href":"https:\/\/staging.dyrsan.fr\/it\/wp-json\/wp\/v2\/comments?post=65320"}],"version-history":[{"count":3,"href":"https:\/\/staging.dyrsan.fr\/it\/wp-json\/wp\/v2\/product\/65320\/revisions"}],"predecessor-version":[{"id":73213,"href":"https:\/\/staging.dyrsan.fr\/it\/wp-json\/wp\/v2\/product\/65320\/revisions\/73213"}],"wp:featuredmedia":[{"embeddable":true,"href":"https:\/\/staging.dyrsan.fr\/it\/wp-json\/wp\/v2\/media\/60838"}],"wp:attachment":[{"href":"https:\/\/staging.dyrsan.fr\/it\/wp-json\/wp\/v2\/media?parent=65320"}],"wp:term":[{"taxonomy":"product_brand","embeddable":true,"href":"https:\/\/staging.dyrsan.fr\/it\/wp-json\/wp\/v2\/product_brand?post=65320"},{"taxonomy":"product_cat","embeddable":true,"href":"https:\/\/staging.dyrsan.fr\/it\/wp-json\/wp\/v2\/product_cat?post=65320"},{"taxonomy":"product_tag","embeddable":true,"href":"https:\/\/staging.dyrsan.fr\/it\/wp-json\/wp\/v2\/product_tag?post=65320"}],"curies":[{"name":"wp","href":"https:\/\/api.w.org\/{rel}","templated":true}]}}