{"id":65166,"date":"2025-09-13T20:12:30","date_gmt":"2025-09-13T20:12:30","guid":{"rendered":"https:\/\/www.2027.staging.dyrsan.fr\/?post_type=product&#038;p=65166"},"modified":"2026-04-03T17:51:17","modified_gmt":"2026-04-03T17:51:17","slug":"anneau-en-metal-dore-30-mm","status":"publish","type":"product","link":"https:\/\/staging.dyrsan.fr\/it\/shop\/anneau-en-metal-dore-30-mm\/","title":{"rendered":"Anello in metallo placcato oro da 30 mm"},"content":{"rendered":"<p>Cet anneau en m\u00e9tal dor\u00e9 30 mm est un accessoire fonctionnel con\u00e7u pour l\u2019assemblage et la finition des cr\u00e9ations textiles. Sa finition brillante assure une excellente tenue dans le temps, adapt\u00e9e aux usages baln\u00e9aires et techniques.<\/p>\n<p>&nbsp;<\/p>\n<p><strong>Specifiche tecniche:<\/strong><\/p>\n<p>R\u00e9f\u00e9rence : DY4903<br \/>\nMateriale(i): metallo<br \/>\nColore: oro<br \/>\nTaille : 30 \u00d7 5,2 mm<br \/>\nPoids : 21,6 g (la paire)<\/p>\n<p>&nbsp;<\/p>\n<p><strong>Propriet\u00e0 tecniche:<\/strong><\/p>\n<p>Resistente alla ruggine<br \/>\nResistente all'acqua di mare e al sudore<br \/>\nNon scolorisce<br \/>\nSenza bordi taglienti (non irritante)<br \/>\nElevata durata (anche se cucito o esposto al sole)<\/p>\n<p>Venduto in confezioni da 100 \/ Consegna in 15-20 giorni<\/p>","protected":false},"excerpt":{"rendered":"<p>Cet anneau en m\u00e9tal dor\u00e9 30 mm est un accessoire fonctionnel con\u00e7u pour l\u2019assemblage et la finition des cr\u00e9ations textiles. Sa finition brillante assure une excellente tenue dans le temps, adapt\u00e9e aux usages baln\u00e9aires et techniques.<\/p>\n<p>&nbsp;<\/p>\n<p><strong>Specifiche tecniche:<\/strong><\/p>\n<p>R\u00e9f\u00e9rence : DY4903<br \/>\nMateriale(i): metallo<br \/>\nColore: oro<br \/>\nTaille : 30 \u00d7 5,2 mm<br \/>\nPoids : 21,6 g (la paire)<\/p>\n<p>&nbsp;<\/p>\n<p><strong>Propriet\u00e0 tecniche:<\/strong><\/p>\n<p>Resistente alla ruggine<br \/>\nResistente all'acqua di mare e al sudore<br \/>\nNon scolorisce<br \/>\nSenza bordi taglienti (non irritante)<br \/>\nElevata durata (anche se cucito o esposto al sole)<\/p>\n<p>Venduto in confezioni da 100 \/ Consegna in 15-20 giorni<\/p>","protected":false},"featured_media":61737,"comment_status":"closed","ping_status":"closed","template":"","meta":[],"product_brand":[370],"product_cat":[435,140],"product_tag":[374],"class_list":{"0":"post-65166","1":"product","2":"type-product","3":"status-publish","4":"has-post-thumbnail","6":"product_brand-dyrsan","7":"product_cat-regleurs","8":"product_cat-accessoires","9":"product_tag-passant","10":"product_shipping_class-1-a-2kg","12":"first","13":"instock","14":"taxable","15":"shipping-taxable","16":"purchasable","17":"product-type-simple"},"_links":{"self":[{"href":"https:\/\/staging.dyrsan.fr\/it\/wp-json\/wp\/v2\/product\/65166","targetHints":{"allow":["GET"]}}],"collection":[{"href":"https:\/\/staging.dyrsan.fr\/it\/wp-json\/wp\/v2\/product"}],"about":[{"href":"https:\/\/staging.dyrsan.fr\/it\/wp-json\/wp\/v2\/types\/product"}],"replies":[{"embeddable":true,"href":"https:\/\/staging.dyrsan.fr\/it\/wp-json\/wp\/v2\/comments?post=65166"}],"version-history":[{"count":14,"href":"https:\/\/staging.dyrsan.fr\/it\/wp-json\/wp\/v2\/product\/65166\/revisions"}],"predecessor-version":[{"id":76333,"href":"https:\/\/staging.dyrsan.fr\/it\/wp-json\/wp\/v2\/product\/65166\/revisions\/76333"}],"wp:featuredmedia":[{"embeddable":true,"href":"https:\/\/staging.dyrsan.fr\/it\/wp-json\/wp\/v2\/media\/61737"}],"wp:attachment":[{"href":"https:\/\/staging.dyrsan.fr\/it\/wp-json\/wp\/v2\/media?parent=65166"}],"wp:term":[{"taxonomy":"product_brand","embeddable":true,"href":"https:\/\/staging.dyrsan.fr\/it\/wp-json\/wp\/v2\/product_brand?post=65166"},{"taxonomy":"product_cat","embeddable":true,"href":"https:\/\/staging.dyrsan.fr\/it\/wp-json\/wp\/v2\/product_cat?post=65166"},{"taxonomy":"product_tag","embeddable":true,"href":"https:\/\/staging.dyrsan.fr\/it\/wp-json\/wp\/v2\/product_tag?post=65166"}],"curies":[{"name":"wp","href":"https:\/\/api.w.org\/{rel}","templated":true}]}}