{"id":65157,"date":"2025-09-13T20:12:30","date_gmt":"2025-09-13T20:12:30","guid":{"rendered":"https:\/\/www.2027.staging.dyrsan.fr\/?post_type=product&#038;p=65157"},"modified":"2026-04-03T17:51:23","modified_gmt":"2026-04-03T17:51:23","slug":"bouton-incruste-de-pierres-zircon-argente","status":"publish","type":"product","link":"https:\/\/staging.dyrsan.fr\/it\/shop\/bouton-incruste-de-pierres-zircon-argente\/","title":{"rendered":"Bottone intarsiato con pietre di zirconia d'argento"},"content":{"rendered":"<p>Ce bouton incrust\u00e9 de pierres zircon argent\u00e9 est un \u00e9l\u00e9ment d\u00e9coratif con\u00e7u pour des finitions \u00e9l\u00e9gantes et lumineuses. Il apporte une touche bijou raffin\u00e9e aux cr\u00e9ations textiles expos\u00e9es \u00e0 l\u2019eau et au soleil.<\/p>\n<p>&nbsp;<\/p>\n<p><strong>Specifiche tecniche:<\/strong><\/p>\n<p>R\u00e9f\u00e9rence : DYZIR01<br \/>\nMat\u00e9riau(x) : Zircon<br \/>\nColore: argento<br \/>\nTaille : 10 mm<br \/>\nPeso: 3 g<\/p>\n<p>&nbsp;<\/p>\n<p><strong>Propriet\u00e0 tecniche:<\/strong><\/p>\n<p>Resistente alla ruggine<br \/>\nResistente all'acqua di mare e al sudore<br \/>\nNon scolorisce<br \/>\nSenza bordi taglienti (non irritante)<br \/>\nElevata durata (anche se cucito o esposto al sole)<\/p>\n<p>Venduto in confezioni da 100 \/ Consegna in 15-20 giorni<\/p>","protected":false},"excerpt":{"rendered":"<p>Ce bouton incrust\u00e9 de pierres zircon argent\u00e9 est un \u00e9l\u00e9ment d\u00e9coratif con\u00e7u pour des finitions \u00e9l\u00e9gantes et lumineuses. Il apporte une touche bijou raffin\u00e9e aux cr\u00e9ations textiles expos\u00e9es \u00e0 l\u2019eau et au soleil.<\/p>\n<p>&nbsp;<\/p>\n<p><strong>Specifiche tecniche:<\/strong><\/p>\n<p>R\u00e9f\u00e9rence : DYZIR01<br \/>\nMat\u00e9riau(x) : Zircon<br \/>\nColore: argento<br \/>\nTaille : 10 mm<br \/>\nPeso: 3 g<\/p>\n<p>&nbsp;<\/p>\n<p><strong>Propriet\u00e0 tecniche:<\/strong><\/p>\n<p>Resistente alla ruggine<br \/>\nResistente all'acqua di mare e al sudore<br \/>\nNon scolorisce<br \/>\nSenza bordi taglienti (non irritante)<br \/>\nElevata durata (anche se cucito o esposto al sole)<\/p>\n<p>Venduto in confezioni da 100 \/ Consegna in 15-20 giorni<\/p>","protected":false},"featured_media":61692,"comment_status":"closed","ping_status":"closed","template":"","meta":[],"product_brand":[370],"product_cat":[436,140],"product_tag":[451,452],"class_list":{"0":"post-65157","1":"product","2":"type-product","3":"status-publish","4":"has-post-thumbnail","6":"product_brand-dyrsan","7":"product_cat-boutons","8":"product_cat-accessoires","9":"product_tag-bouton","10":"product_tag-zircon","11":"product_shipping_class-1-a-2kg","13":"first","14":"instock","15":"taxable","16":"shipping-taxable","17":"purchasable","18":"product-type-simple"},"_links":{"self":[{"href":"https:\/\/staging.dyrsan.fr\/it\/wp-json\/wp\/v2\/product\/65157","targetHints":{"allow":["GET"]}}],"collection":[{"href":"https:\/\/staging.dyrsan.fr\/it\/wp-json\/wp\/v2\/product"}],"about":[{"href":"https:\/\/staging.dyrsan.fr\/it\/wp-json\/wp\/v2\/types\/product"}],"replies":[{"embeddable":true,"href":"https:\/\/staging.dyrsan.fr\/it\/wp-json\/wp\/v2\/comments?post=65157"}],"version-history":[{"count":9,"href":"https:\/\/staging.dyrsan.fr\/it\/wp-json\/wp\/v2\/product\/65157\/revisions"}],"predecessor-version":[{"id":76336,"href":"https:\/\/staging.dyrsan.fr\/it\/wp-json\/wp\/v2\/product\/65157\/revisions\/76336"}],"wp:featuredmedia":[{"embeddable":true,"href":"https:\/\/staging.dyrsan.fr\/it\/wp-json\/wp\/v2\/media\/61692"}],"wp:attachment":[{"href":"https:\/\/staging.dyrsan.fr\/it\/wp-json\/wp\/v2\/media?parent=65157"}],"wp:term":[{"taxonomy":"product_brand","embeddable":true,"href":"https:\/\/staging.dyrsan.fr\/it\/wp-json\/wp\/v2\/product_brand?post=65157"},{"taxonomy":"product_cat","embeddable":true,"href":"https:\/\/staging.dyrsan.fr\/it\/wp-json\/wp\/v2\/product_cat?post=65157"},{"taxonomy":"product_tag","embeddable":true,"href":"https:\/\/staging.dyrsan.fr\/it\/wp-json\/wp\/v2\/product_tag?post=65157"}],"curies":[{"name":"wp","href":"https:\/\/api.w.org\/{rel}","templated":true}]}}