{"id":62085,"date":"2025-08-28T12:04:30","date_gmt":"2025-08-28T12:04:30","guid":{"rendered":"https:\/\/www.2027.staging.dyrsan.fr\/?post_type=product&#038;p=62085"},"modified":"2026-03-14T11:00:55","modified_gmt":"2026-03-14T11:00:55","slug":"monaco-bikini-imprime-lave","status":"publish","type":"product","link":"https:\/\/staging.dyrsan.fr\/it\/shop\/monaco-bikini-imprime-lave\/","title":{"rendered":"Monaco - Bikini con stampa lava"},"content":{"rendered":"<ul>\n<li>Triangolo alto<\/li>\n<li>Imbottitura rimovibile<\/li>\n<li>Mutandine brasiliane<\/li>\n<li>Completamente foderato<\/li>\n<li>Composizione: 80% poliammide, 20% elastan<\/li>\n<li>La modella indossa una taglia S \/ 36 FR<\/li>\n<\/ul>","protected":false},"excerpt":{"rendered":"<p>Il set bikini con stampa lavica 'Monaco' \u00e8 una scelta audace e focosa per chi vuole farsi notare. La stampa lavica aggiunge un tocco di intensit\u00e0 e drammaticit\u00e0 a questo set bikini. Il top a triangolo e lo slip brasiliano offrono una vestibilit\u00e0 perfetta, mentre le spalline regolabili assicurano una vestibilit\u00e0 comoda e personalizzabile. Distinguetevi dalla folla con questo set da bikini rovente.<\/p>","protected":false},"featured_media":62144,"comment_status":"closed","ping_status":"closed","template":"","meta":[],"product_brand":[370],"product_cat":[428],"product_tag":[164,367],"class_list":{"0":"post-62085","1":"product","2":"type-product","3":"status-publish","4":"has-post-thumbnail","6":"product_brand-dyrsan","7":"product_cat-swimwear","8":"product_tag-bikini","9":"product_tag-collection-2026","11":"first","12":"instock","13":"featured","14":"purchasable","15":"product-type-variable","16":"has-default-attributes"},"_links":{"self":[{"href":"https:\/\/staging.dyrsan.fr\/it\/wp-json\/wp\/v2\/product\/62085","targetHints":{"allow":["GET"]}}],"collection":[{"href":"https:\/\/staging.dyrsan.fr\/it\/wp-json\/wp\/v2\/product"}],"about":[{"href":"https:\/\/staging.dyrsan.fr\/it\/wp-json\/wp\/v2\/types\/product"}],"replies":[{"embeddable":true,"href":"https:\/\/staging.dyrsan.fr\/it\/wp-json\/wp\/v2\/comments?post=62085"}],"version-history":[{"count":1,"href":"https:\/\/staging.dyrsan.fr\/it\/wp-json\/wp\/v2\/product\/62085\/revisions"}],"predecessor-version":[{"id":66665,"href":"https:\/\/staging.dyrsan.fr\/it\/wp-json\/wp\/v2\/product\/62085\/revisions\/66665"}],"wp:featuredmedia":[{"embeddable":true,"href":"https:\/\/staging.dyrsan.fr\/it\/wp-json\/wp\/v2\/media\/62144"}],"wp:attachment":[{"href":"https:\/\/staging.dyrsan.fr\/it\/wp-json\/wp\/v2\/media?parent=62085"}],"wp:term":[{"taxonomy":"product_brand","embeddable":true,"href":"https:\/\/staging.dyrsan.fr\/it\/wp-json\/wp\/v2\/product_brand?post=62085"},{"taxonomy":"product_cat","embeddable":true,"href":"https:\/\/staging.dyrsan.fr\/it\/wp-json\/wp\/v2\/product_cat?post=62085"},{"taxonomy":"product_tag","embeddable":true,"href":"https:\/\/staging.dyrsan.fr\/it\/wp-json\/wp\/v2\/product_tag?post=62085"}],"curies":[{"name":"wp","href":"https:\/\/api.w.org\/{rel}","templated":true}]}}