{"id":18807,"date":"2021-02-01T11:06:30","date_gmt":"2021-02-01T10:06:30","guid":{"rendered":"https:\/\/www.carinedyrsan.com\/?page_id=18807"},"modified":"2025-12-25T14:54:26","modified_gmt":"2025-12-25T14:54:26","slug":"mentions-legale","status":"publish","type":"page","link":"https:\/\/staging.dyrsan.fr\/it\/mentions-legale\/","title":{"rendered":"Informazioni legali"},"content":{"rendered":"<div data-elementor-type=\"wp-page\" data-elementor-id=\"18807\" class=\"elementor elementor-18807\">\n\t\t\t\t<div class=\"elementor-element elementor-element-46a6127 e-flex e-con-boxed elementor-invisible e-con e-parent\" data-id=\"46a6127\" data-element_type=\"container\" data-e-type=\"container\" data-settings=\"{&quot;background_background&quot;:&quot;classic&quot;,&quot;animation&quot;:&quot;h-neuron-animation--slideUp&quot;}\">\n\t\t\t\t\t<div class=\"e-con-inner\">\n\t\t\t\t<div class=\"elementor-element elementor-element-92076b8 elementor-invisible elementor-widget elementor-widget-heading\" data-id=\"92076b8\" data-element_type=\"widget\" data-e-type=\"widget\" data-settings=\"{&quot;_animation&quot;:&quot;h-neuron-animation--slideUp&quot;,&quot;_animation_delay&quot;:400}\" data-widget_type=\"heading.default\">\n\t\t\t\t\t<h3 class=\"elementor-heading-title elementor-size-default\">Informazioni<br> legale<\/h3>\t\t\t\t<\/div>\n\t\t\t\t<div class=\"elementor-element elementor-element-0fedafb elementor-invisible elementor-widget elementor-widget-heading\" data-id=\"0fedafb\" data-element_type=\"widget\" data-e-type=\"widget\" data-settings=\"{&quot;_animation&quot;:&quot;h-neuron-animation--slideUp&quot;,&quot;_animation_delay&quot;:200}\" data-widget_type=\"heading.default\">\n\t\t\t\t\t<span class=\"elementor-heading-title elementor-size-default\">della societ\u00e0 D'Yrsan\n<\/span>\t\t\t\t<\/div>\n\t\t\t\t\t<\/div>\n\t\t\t\t<\/div>\n\t\t<div class=\"elementor-element elementor-element-6711df2 e-con-full e-flex e-con e-parent\" data-id=\"6711df2\" data-element_type=\"container\" data-e-type=\"container\" data-settings=\"{&quot;background_background&quot;:&quot;classic&quot;,&quot;animation&quot;:&quot;none&quot;}\">\n\t\t\t\t<div class=\"elementor-element elementor-element-f2e838d animated-slow elementor-invisible elementor-widget elementor-widget-heading\" data-id=\"f2e838d\" data-element_type=\"widget\" data-e-type=\"widget\" data-settings=\"{&quot;_animation&quot;:&quot;h-neuron-animation--slideUp&quot;}\" data-widget_type=\"heading.default\">\n\t\t\t\t\t<h6 class=\"elementor-heading-title elementor-size-default\">Preambolo\n<\/h6>\t\t\t\t<\/div>\n\t\t\t\t<div class=\"elementor-element elementor-element-5789078 elementor-widget-mobile__width-initial animated-slow elementor-invisible elementor-widget elementor-widget-text-editor\" data-id=\"5789078\" data-element_type=\"widget\" data-e-type=\"widget\" data-settings=\"{&quot;_animation&quot;:&quot;h-neuron-animation--slideUp&quot;}\" data-widget_type=\"text-editor.default\">\n\t\t\t\t\t\t\t\t\t<p>Ultimo aggiornamento: 28\/08\/2025<\/p>\t\t\t\t\t\t\t\t<\/div>\n\t\t\t\t<div class=\"elementor-element elementor-element-67f1f58 elementor-widget-mobile__width-initial animated-slow elementor-invisible elementor-widget elementor-widget-text-editor\" data-id=\"67f1f58\" data-element_type=\"widget\" data-e-type=\"widget\" data-settings=\"{&quot;_animation&quot;:&quot;h-neuron-animation--slideUp&quot;}\" data-widget_type=\"text-editor.default\">\n\t\t\t\t\t\t\t\t\t<p>In virt\u00f9 delle disposizioni dell'articolo 6 della Legge n. 2004-575 del 21 giugno 2004 sulla fiducia nell'economia digitale, gli utenti del sito staging.dyrsan.fr sono informati dell'identit\u00e0 dei diversi soggetti coinvolti nella creazione e nel monitoraggio del sito stesso.<br \/><br \/><\/p><h6>Identificazione dell'editore<\/h6><p>Il sitoestaging.dyrsan.fr \u00e8 pubblicato da D'YRSAN, societ\u00e0 registrata in Francia con il numero 897 537 015.Sede legale: 78 avenue des Champs-\u00c9lys\u00e9es, 75008 Parigi.Partita IVA intracomunitaria: FR85897537015.Responsabile della pubblicazione: D'YRSAN - contatto : <a class=\"decorated-link cursor-pointer\" rel=\"noopener\" data-start=\"871\" data-end=\"885\">info@staging.dyrsan.fr<\/a>. Webmaster : Agenzia Loxence - <a class=\"decorated-link cursor-pointer\" rel=\"noopener\" data-start=\"924\" data-end=\"943\">support@loxence.com<\/a>.<br data-start=\"944\" data-end=\"947\" \/>Hosting: OVH, 2 rue Kellermann, BP 80157, 59053 Roubaix Cedex 1.<\/p>\t\t\t\t\t\t\t\t<\/div>\n\t\t\t\t<div class=\"elementor-element elementor-element-979f6f4 elementor-widget elementor-widget-spacer\" data-id=\"979f6f4\" data-element_type=\"widget\" data-e-type=\"widget\" data-widget_type=\"spacer.default\">\n\t\t\t\t\t\t\t<div class=\"elementor-spacer\">\n\t\t\t<div class=\"elementor-spacer-inner\"><\/div>\n\t\t<\/div>\n\t\t\t\t\t\t<\/div>\n\t\t\t\t<div class=\"elementor-element elementor-element-e98fe43 elementor-widget-mobile__width-initial animated-slow elementor-invisible elementor-widget elementor-widget-text-editor\" data-id=\"e98fe43\" data-element_type=\"widget\" data-e-type=\"widget\" data-settings=\"{&quot;_animation&quot;:&quot;h-neuron-animation--slideUp&quot;}\" data-widget_type=\"text-editor.default\">\n\t\t\t\t\t\t\t\t\t<p>Termini e condizioni d'uso<\/p><p>L'accesso e l'utilizzo del sito web staging.dyrsan.fr implica la piena accettazione delle presenti condizioni generali di utilizzo. Queste possono essere modificate o integrate in qualsiasi momento e si consiglia agli utenti di consultarle regolarmente.<br \/>Le informazioni pubblicate su questo sito web sono fornite a titolo informativo e sono soggette a modifiche. Non sono esaustive e possono essere aggiornate dopo la messa online.<\/p><p>Propriet\u00e0 intellettuale<\/p><p>Tutti gli elementi accessibili sul sito, in particolare i testi, le immagini, i grafici, i loghi, le icone, i suoni e i software, sono di propriet\u00e0 esclusiva di D'YRSAN o sono oggetto di un diritto di utilizzo concesso.<br \/>\u00c8 vietata la riproduzione, la rappresentazione, la modifica, la pubblicazione o l'adattamento, totale o parziale, di questi elementi, con qualsiasi procedimento, senza la previa autorizzazione scritta di D'YRSAN. Qualsiasi utilizzo non autorizzato costituir\u00e0 una violazione, punibile ai sensi degli articoli L.335-2 e seguenti del Codice della Propriet\u00e0 Intellettuale francese.<\/p><p>Limitazione di responsabilit\u00e0<\/p><p>D'YRSAN non pu\u00f2 essere ritenuta responsabile dei danni diretti o indiretti causati alle apparecchiature dell'utente durante l'accesso al sito, derivanti dall'uso di apparecchiature non adatte o dalla comparsa di un bug o di un'incompatibilit\u00e0.<br \/>D'YRSAN non pu\u00f2 essere ritenuta responsabile per danni indiretti quali perdita di mercato, perdita di opportunit\u00e0 o qualsiasi altra perdita derivante dall'uso del sito.<br \/>Gli utenti hanno a disposizione aree interattive. D'YRSAN si riserva il diritto di eliminare, senza preavviso, qualsiasi contenuto che violi la legislazione francese, in particolare in materia di protezione dei dati, o che sia offensivo, diffamatorio, razzista, discriminatorio o pornografico.<\/p><p>Dati personali<\/p><p>I dati personali degli utenti del sito staging.dyrsan.fr sono raccolti e trattati in conformit\u00e0 alle leggi vigenti, in particolare alla legge n. 78-17 del 6 gennaio 1978 e successive modifiche e al Regolamento generale sulla protezione dei dati (RGPD).<br \/>Le informazioni che possono essere raccolte includono l'URL di accesso, il provider di accesso e l'indirizzo IP dell'utente. Questi dati vengono raccolti solo ai fini dei servizi offerti sul sito e con il consenso informato dell'utente.<br \/>In conformit\u00e0 alle disposizioni di legge, tutti gli utenti hanno il diritto di accedere, rettificare, opporsi e cancellare i dati che li riguardano. Tali diritti possono essere esercitati inviando un'e-mail a contact@staging.dyrsan.fr.<br \/>accompagnata da una copia di un documento d'identit\u00e0 firmato.<br \/>Nessun dato personale viene pubblicato, scambiato o trasferito senza il consenso dell'utente, salvo in caso di cessione della societ\u00e0 D'YRSAN, nel qual caso il cessionario sar\u00e0 tenuto a rispettare gli stessi obblighi.<\/p><p>Collegamenti ipertestuali e cookie<\/p><p>Il sito pu\u00f2 contenere collegamenti ipertestuali ad altri siti. D'YRSAN non ha alcun controllo su questi contenuti e non si assume alcuna responsabilit\u00e0 per le informazioni in essi contenute.<br \/>I cookie vengono utilizzati per migliorare l'esperienza di navigazione e per misurare il pubblico. Gli utenti possono disattivare i cookie nelle impostazioni del browser, anche se ci\u00f2 potrebbe influire su alcune funzioni del sito.<\/p><p>Legge applicabile e giurisdizione<\/p><p>Qualsiasi controversia relativa all'utilizzo del sito web staging.dyrsan.fr \u00e8 disciplinata dalla legge francese. La competenza esclusiva \u00e8 attribuita ai tribunali della giurisdizione della Corte d'Appello di Parigi.<\/p><p>Definizioni<\/p><p>Utente: qualsiasi persona che accede e naviga nel sito.<\/p><p>Informazioni personali: qualsiasi dato che consenta l'identificazione diretta o indiretta di una persona fisica, ai sensi dell'articolo 4 della legge n. 78-17 del 6 gennaio 1978.<\/p>\t\t\t\t\t\t\t\t<\/div>\n\t\t\t\t<div class=\"elementor-element elementor-element-1cb398c elementor-widget elementor-widget-spacer\" data-id=\"1cb398c\" data-element_type=\"widget\" data-e-type=\"widget\" data-widget_type=\"spacer.default\">\n\t\t\t\t\t\t\t<div class=\"elementor-spacer\">\n\t\t\t<div class=\"elementor-spacer-inner\"><\/div>\n\t\t<\/div>\n\t\t\t\t\t\t<\/div>\n\t\t\t\t<div class=\"elementor-element elementor-element-8ba904f elementor-widget elementor-widget-spacer\" data-id=\"8ba904f\" data-element_type=\"widget\" data-e-type=\"widget\" data-widget_type=\"spacer.default\">\n\t\t\t\t\t\t\t<div class=\"elementor-spacer\">\n\t\t\t<div class=\"elementor-spacer-inner\"><\/div>\n\t\t<\/div>\n\t\t\t\t\t\t<\/div>\n\t\t\t\t<\/div>\n\t\t\t\t<\/div>","protected":false},"excerpt":{"rendered":"<p>Mentions l\u00e9gale de la soci\u00e9t\u00e9 D\u2019Yrsan Pr\u00e9ambule Derni\u00e8re mise \u00e0 jour : 28\/08\/2025 En vertu des dispositions de l\u2019article 6 de la loi n\u00b0 2004-575 du 21 juin 2004 pour la confiance dans l\u2019\u00e9conomie num\u00e9rique, il est pr\u00e9cis\u00e9 aux utilisateurs du site staging.dyrsan.fr l\u2019identit\u00e9 des diff\u00e9rents intervenants dans le cadre de sa r\u00e9alisation et de&#8230;<\/p>","protected":false},"author":1,"featured_media":0,"parent":0,"menu_order":0,"comment_status":"closed","ping_status":"closed","template":"","meta":{"footnotes":""},"class_list":["post-18807","page","type-page","status-publish","hentry"],"_links":{"self":[{"href":"https:\/\/staging.dyrsan.fr\/it\/wp-json\/wp\/v2\/pages\/18807","targetHints":{"allow":["GET"]}}],"collection":[{"href":"https:\/\/staging.dyrsan.fr\/it\/wp-json\/wp\/v2\/pages"}],"about":[{"href":"https:\/\/staging.dyrsan.fr\/it\/wp-json\/wp\/v2\/types\/page"}],"author":[{"embeddable":true,"href":"https:\/\/staging.dyrsan.fr\/it\/wp-json\/wp\/v2\/users\/1"}],"replies":[{"embeddable":true,"href":"https:\/\/staging.dyrsan.fr\/it\/wp-json\/wp\/v2\/comments?post=18807"}],"version-history":[{"count":9,"href":"https:\/\/staging.dyrsan.fr\/it\/wp-json\/wp\/v2\/pages\/18807\/revisions"}],"predecessor-version":[{"id":71799,"href":"https:\/\/staging.dyrsan.fr\/it\/wp-json\/wp\/v2\/pages\/18807\/revisions\/71799"}],"wp:attachment":[{"href":"https:\/\/staging.dyrsan.fr\/it\/wp-json\/wp\/v2\/media?parent=18807"}],"curies":[{"name":"wp","href":"https:\/\/api.w.org\/{rel}","templated":true}]}}