{"id":18487,"date":"2021-01-14T14:37:12","date_gmt":"2021-01-14T13:37:12","guid":{"rendered":"https:\/\/www.carinedyrsan.com\/?page_id=18487"},"modified":"2025-12-25T14:55:20","modified_gmt":"2025-12-25T14:55:20","slug":"politique-de-confidentialite","status":"publish","type":"page","link":"https:\/\/staging.dyrsan.fr\/it\/politique-de-confidentialite\/","title":{"rendered":"Informativa sulla privacy"},"content":{"rendered":"<div data-elementor-type=\"wp-page\" data-elementor-id=\"18487\" class=\"elementor elementor-18487\">\n\t\t\t\t<div class=\"elementor-element elementor-element-134b563 e-flex e-con-boxed elementor-invisible e-con e-parent\" data-id=\"134b563\" data-element_type=\"container\" data-e-type=\"container\" data-settings=\"{&quot;background_background&quot;:&quot;classic&quot;,&quot;animation&quot;:&quot;h-neuron-animation--slideUp&quot;}\">\n\t\t\t\t\t<div class=\"e-con-inner\">\n\t\t\t\t<div class=\"elementor-element elementor-element-58cc1ab elementor-invisible elementor-widget elementor-widget-heading\" data-id=\"58cc1ab\" data-element_type=\"widget\" data-e-type=\"widget\" data-settings=\"{&quot;_animation&quot;:&quot;h-neuron-animation--slideUp&quot;,&quot;_animation_delay&quot;:400}\" data-widget_type=\"heading.default\">\n\t\t\t\t\t<h3 class=\"elementor-heading-title elementor-size-default\">Politica<br>riservatezza<\/h3>\t\t\t\t<\/div>\n\t\t\t\t<div class=\"elementor-element elementor-element-6c5a604 elementor-invisible elementor-widget elementor-widget-heading\" data-id=\"6c5a604\" data-element_type=\"widget\" data-e-type=\"widget\" data-settings=\"{&quot;_animation&quot;:&quot;h-neuron-animation--slideUp&quot;,&quot;_animation_delay&quot;:200}\" data-widget_type=\"heading.default\">\n\t\t\t\t\t<span class=\"elementor-heading-title elementor-size-default\">della societ\u00e0 D'Yrsan\n<\/span>\t\t\t\t<\/div>\n\t\t\t\t\t<\/div>\n\t\t\t\t<\/div>\n\t\t<div class=\"elementor-element elementor-element-e902176 e-con-full e-flex e-con e-parent\" data-id=\"e902176\" data-element_type=\"container\" data-e-type=\"container\" data-settings=\"{&quot;background_background&quot;:&quot;classic&quot;,&quot;animation&quot;:&quot;none&quot;}\">\n\t\t\t\t<div class=\"elementor-element elementor-element-f2b2a05 animated-slow elementor-invisible elementor-widget elementor-widget-heading\" data-id=\"f2b2a05\" data-element_type=\"widget\" data-e-type=\"widget\" data-settings=\"{&quot;_animation&quot;:&quot;h-neuron-animation--slideUp&quot;}\" data-widget_type=\"heading.default\">\n\t\t\t\t\t<h6 class=\"elementor-heading-title elementor-size-default\">Preambolo\n<\/h6>\t\t\t\t<\/div>\n\t\t\t\t<div class=\"elementor-element elementor-element-146af0a elementor-widget-mobile__width-initial animated-slow elementor-invisible elementor-widget elementor-widget-text-editor\" data-id=\"146af0a\" data-element_type=\"widget\" data-e-type=\"widget\" data-settings=\"{&quot;_animation&quot;:&quot;h-neuron-animation--slideUp&quot;}\" data-widget_type=\"text-editor.default\">\n\t\t\t\t\t\t\t\t\t<p>Ultimo aggiornamento: 28\/08\/2025<\/p>\t\t\t\t\t\t\t\t<\/div>\n\t\t\t\t<div class=\"elementor-element elementor-element-11c99a1 elementor-widget-mobile__width-initial animated-slow elementor-invisible elementor-widget elementor-widget-text-editor\" data-id=\"11c99a1\" data-element_type=\"widget\" data-e-type=\"widget\" data-settings=\"{&quot;_animation&quot;:&quot;h-neuron-animation--slideUp&quot;}\" data-widget_type=\"text-editor.default\">\n\t\t\t\t\t\t\t\t\t<p>La societ\u00e0 D'Yrsan (di seguito \"D'Yrsan\"), preoccupata della protezione e della riservatezza dei dati personali dei propri clienti, utenti e potenziali clienti (di seguito \"Voi\"), definisce nella presente informativa i termini e le condizioni per la raccolta, l'utilizzo e la protezione dei vostri dati personali, nonch\u00e9 i diritti ad essi connessi, nel contesto delle vostre interazioni con il sito web D'Yrsan e i servizi ad esso associati. La presente informativa si applica separatamente alla fornitura di servizi, alla vendita di prodotti di merceria online e alle creazioni personalizzate o commercializzate con il marchio D'Yrsan.<\/p>\t\t\t\t\t\t\t\t<\/div>\n\t\t\t\t<div class=\"elementor-element elementor-element-31f1116 elementor-widget-mobile__width-initial animated-slow elementor-invisible elementor-widget elementor-widget-text-editor\" data-id=\"31f1116\" data-element_type=\"widget\" data-e-type=\"widget\" data-settings=\"{&quot;_animation&quot;:&quot;h-neuron-animation--slideUp&quot;}\" data-widget_type=\"text-editor.default\">\n\t\t\t\t\t\t\t\t\t<p>Articolo 1 - Raccolta di informazioni<\/p><p>1.1 Servizi personalizzati<br \/>Quando si invia un modulo di richiesta di preventivo o di informazioni su un servizio (abbigliamento su misura, modellistica, consulenza creativa), D'Yrsan raccoglie le informazioni strettamente necessarie per redigere un preventivo preciso e adeguato al progetto del Cliente, tra cui in particolare: nome e cognome, indirizzo e-mail, numero di telefono, oltre a tutte le informazioni utili per la valutazione del progetto.<\/p><p>1.2 Vendita di prodotti di merceria e creazioni di marca<br \/>Nell'ambito degli acquisti sul negozio online di merceria o per l'acquisto di creazioni personalizzabili a marchio D'Yrsan, il sito raccoglie: il nome, l'indirizzo e-mail, i dati di consegna e di fatturazione, nonch\u00e9 i dettagli degli ordini effettuati, necessari per l'esecuzione degli ordini, il follow-up logistico e la gestione amministrativa e contabile.<\/p><p>Articolo 2 - Finalit\u00e0 del trattamento dei dati<\/p><p>Le informazioni raccolte vengono utilizzate esclusivamente per i seguenti scopi: rispondere alle vostre richieste di preventivo o di informazioni, evadere i vostri ordini, garantire la gestione commerciale e amministrativa dei nostri servizi, comunicare con voi in merito ai vostri progetti o ordini, migliorare i nostri servizi e ottimizzare le prestazioni e l'esperienza utente del sito web.<\/p><p>Articolo 3 - Cookie e monitoraggio delle prestazioni<\/p><p>Il sito web di D'Yrsan utilizza cookie e altri dispositivi di tracciamento per analizzare il traffico, memorizzare le preferenze di navigazione e migliorare la fluidit\u00e0 e le prestazioni del sito. Gli utenti possono configurare il proprio browser in modo da rifiutare o disattivare i cookie, essendo informati che alcune funzioni potrebbero essere compromesse.<\/p><p>Articolo 4 - Condivisione e comunicazione dei dati<\/p><p>D'Yrsan si impegna a non vendere, affittare o trasferire mai i vostri dati personali a terzi senza il vostro esplicito consenso, tranne nei casi in cui la legge lo richieda o per soddisfare obblighi legali e normativi. La condivisione dei dati con fornitori di servizi terzi \u00e8 strettamente limitata ai requisiti operativi (consegna, elaborazione dei pagamenti, manutenzione tecnica) ed \u00e8 soggetta a un impegno contrattuale di riservatezza.<\/p><p>Articolo 5 - Sicurezza dei dati<\/p><p>D'Yrsan mette in atto tutte le misure tecniche e organizzative appropriate per proteggere i dati personali dell'utente da accessi, alterazioni, divulgazioni o distruzioni non autorizzate. Tali misure comprendono, a titolo esemplificativo e non esaustivo, l'utilizzo di sistemi di archiviazione e trasmissione sicuri, la limitazione dell'accesso ai soli dipendenti autorizzati e la sensibilizzazione del personale alle questioni di riservatezza.<\/p><p>Articolo 6 - Diritti degli utenti<\/p><p>In conformit\u00e0 alla normativa vigente, l'utente gode dei diritti relativi ai propri dati personali, in particolare del diritto di accesso, rettifica, cancellazione e opposizione per motivi legittimi, nonch\u00e9 del diritto di limitare il trattamento dei propri dati. Le richieste possono essere inviate a: submit@staging.dyrsan.fr<br \/>. D'Yrsan si impegna a rispondere entro i termini previsti dalla legge.<\/p><p>Articolo 7 - Conservazione dei dati<\/p><p>I dati raccolti per l'erogazione dei servizi o la gestione degli ordini sono conservati per il periodo strettamente necessario al raggiungimento degli scopi per cui sono stati raccolti, in ottemperanza agli obblighi legali e fiscali. Le informazioni relative alla navigazione e ai cookie sono conservate nel rispetto delle norme di sicurezza e per il periodo minimo strettamente necessario alle analisi statistiche.<\/p><p>Articolo 8 - Dati relativi a creazioni personalizzate<\/p><p>Per le creazioni personalizzate di D'Yrsan, le informazioni raccolte non consentono il rimborso o la cancellazione una volta convalidato l'ordine, data la natura specifica e non standard della produzione. Il Cliente \u00e8 informato che la fornitura di dati accurati e completi \u00e8 essenziale per la corretta esecuzione del servizio o dell'ordine.<\/p><p>Articolo 9 - Aggiornamento della politica<\/p><p>D'Yrsan si riserva il diritto di modificare questa politica in qualsiasi momento, in particolare per conformarsi a modifiche legislative o regolamentari. Eventuali aggiornamenti saranno pubblicati su questa pagina con l'indicazione della data di revisione. L'uso continuato del sito web dopo la pubblicazione delle modifiche costituisce l'accettazione di queste nuove disposizioni.<\/p>\t\t\t\t\t\t\t\t<\/div>\n\t\t\t\t<div class=\"elementor-element elementor-element-7371112 elementor-widget elementor-widget-spacer\" data-id=\"7371112\" data-element_type=\"widget\" data-e-type=\"widget\" data-widget_type=\"spacer.default\">\n\t\t\t\t\t\t\t<div class=\"elementor-spacer\">\n\t\t\t<div class=\"elementor-spacer-inner\"><\/div>\n\t\t<\/div>\n\t\t\t\t\t\t<\/div>\n\t\t\t\t<div class=\"elementor-element elementor-element-008971f elementor-widget elementor-widget-spacer\" data-id=\"008971f\" data-element_type=\"widget\" data-e-type=\"widget\" data-widget_type=\"spacer.default\">\n\t\t\t\t\t\t\t<div class=\"elementor-spacer\">\n\t\t\t<div class=\"elementor-spacer-inner\"><\/div>\n\t\t<\/div>\n\t\t\t\t\t\t<\/div>\n\t\t\t\t<\/div>\n\t\t\t\t<\/div>","protected":false},"excerpt":{"rendered":"<p>Politique deconfidentialit\u00e9 de la soci\u00e9t\u00e9 D\u2019Yrsan Pr\u00e9ambule Derni\u00e8re mise \u00e0 jour : 28\/08\/2025 La soci\u00e9t\u00e9 D\u2019Yrsan (ci-apr\u00e8s \u00ab D\u2019Yrsan \u00bb), soucieuse de la protection et de la confidentialit\u00e9 des donn\u00e9es personnelles de ses clients, utilisateurs et prospects (ci-apr\u00e8s \u00ab Vous \u00bb), expose dans la pr\u00e9sente politique les modalit\u00e9s de collecte, d\u2019utilisation et de protection de&#8230;<\/p>","protected":false},"author":1,"featured_media":0,"parent":0,"menu_order":0,"comment_status":"closed","ping_status":"closed","template":"","meta":{"footnotes":""},"class_list":["post-18487","page","type-page","status-publish","hentry"],"_links":{"self":[{"href":"https:\/\/staging.dyrsan.fr\/it\/wp-json\/wp\/v2\/pages\/18487","targetHints":{"allow":["GET"]}}],"collection":[{"href":"https:\/\/staging.dyrsan.fr\/it\/wp-json\/wp\/v2\/pages"}],"about":[{"href":"https:\/\/staging.dyrsan.fr\/it\/wp-json\/wp\/v2\/types\/page"}],"author":[{"embeddable":true,"href":"https:\/\/staging.dyrsan.fr\/it\/wp-json\/wp\/v2\/users\/1"}],"replies":[{"embeddable":true,"href":"https:\/\/staging.dyrsan.fr\/it\/wp-json\/wp\/v2\/comments?post=18487"}],"version-history":[{"count":12,"href":"https:\/\/staging.dyrsan.fr\/it\/wp-json\/wp\/v2\/pages\/18487\/revisions"}],"predecessor-version":[{"id":71805,"href":"https:\/\/staging.dyrsan.fr\/it\/wp-json\/wp\/v2\/pages\/18487\/revisions\/71805"}],"wp:attachment":[{"href":"https:\/\/staging.dyrsan.fr\/it\/wp-json\/wp\/v2\/media?parent=18487"}],"curies":[{"name":"wp","href":"https:\/\/api.w.org\/{rel}","templated":true}]}}