{"id":75847,"date":"2026-04-03T14:54:56","date_gmt":"2026-04-03T14:54:56","guid":{"rendered":"https:\/\/staging.dyrsan.fr\/?post_type=product&#038;p=75847"},"modified":"2026-04-14T12:03:11","modified_gmt":"2026-04-14T12:03:11","slug":"connecteur-en-metal-dore-en-forme-de-serpent","status":"publish","type":"product","link":"https:\/\/staging.dyrsan.fr\/es\/shop\/connecteur-en-metal-dore-en-forme-de-serpent\/","title":{"rendered":"Conector met\u00e1lico dorado en forma de serpiente"},"content":{"rendered":"<p>Connecteur en m\u00e9tal dor\u00e9 en forme de serpent \u2014 pi\u00e8ce d&rsquo;assemblage d\u00e9corative et fonctionnelle pour maillot de bain, lingerie, v\u00eatement drap\u00e9.  Finition soign\u00e9e garantissant une tenue durable, y compris en milieu baln\u00e9aire.<br \/>\n&nbsp;<br \/>\nEspecificaciones t\u00e9cnicas :<br \/>\nR\u00e9f\u00e9rence : DY5466<br \/>\nTaille : 70mm x 95mm<br \/>\nMaterial(es): Metal (aleaci\u00f3n de zinc)<br \/>\nColor: dorado<br \/>\n&nbsp;<br \/>\nCaracter\u00edsticas t\u00e9cnicas :<br \/>\nResistente a la corrosi\u00f3n<br \/>\nResistente al agua de mar y a la transpiraci\u00f3n<br \/>\nNo decolora<br \/>\nSin bordes afilados (no irrita)<br \/>\nGran durabilidad (incluso cosido o expuesto al sol)<br \/>\nSe vende en paquetes de 100 \/ Entrega en 15-20 d\u00edas<\/p>","protected":false},"excerpt":{"rendered":"<p>Connecteur en m\u00e9tal dor\u00e9 en forme de serpent \u2014 pi\u00e8ce d&rsquo;assemblage d\u00e9corative et fonctionnelle pour maillot de bain, lingerie, v\u00eatement drap\u00e9.  Finition soign\u00e9e garantissant une tenue durable, y compris en milieu baln\u00e9aire.<br \/>\n&nbsp;<br \/>\nEspecificaciones t\u00e9cnicas :<br \/>\nR\u00e9f\u00e9rence : DY5466<br \/>\nTaille : 70mm x 95mm<br \/>\nMaterial(es): Metal (aleaci\u00f3n de zinc)<br \/>\nColor: dorado<br \/>\n&nbsp;<br \/>\nCaracter\u00edsticas t\u00e9cnicas :<br \/>\nResistente a la corrosi\u00f3n<br \/>\nResistente al agua de mar y a la transpiraci\u00f3n<br \/>\nNo decolora<br \/>\nSin bordes afilados (no irrita)<br \/>\nGran durabilidad (incluso cosido o expuesto al sol)<br \/>\nSe vende en paquetes de 100 \/ Entrega en 15-20 d\u00edas<\/p>","protected":false},"featured_media":76416,"comment_status":"open","ping_status":"closed","template":"","meta":[],"product_brand":[],"product_cat":[140,149],"product_tag":[],"class_list":{"0":"post-75847","1":"product","2":"type-product","3":"status-publish","4":"has-post-thumbnail","6":"product_cat-accessoires","7":"product_cat-connecteurs","9":"first","10":"instock","11":"taxable","12":"shipping-taxable","13":"purchasable","14":"product-type-simple"},"_links":{"self":[{"href":"https:\/\/staging.dyrsan.fr\/es\/wp-json\/wp\/v2\/product\/75847","targetHints":{"allow":["GET"]}}],"collection":[{"href":"https:\/\/staging.dyrsan.fr\/es\/wp-json\/wp\/v2\/product"}],"about":[{"href":"https:\/\/staging.dyrsan.fr\/es\/wp-json\/wp\/v2\/types\/product"}],"replies":[{"embeddable":true,"href":"https:\/\/staging.dyrsan.fr\/es\/wp-json\/wp\/v2\/comments?post=75847"}],"version-history":[{"count":3,"href":"https:\/\/staging.dyrsan.fr\/es\/wp-json\/wp\/v2\/product\/75847\/revisions"}],"predecessor-version":[{"id":76420,"href":"https:\/\/staging.dyrsan.fr\/es\/wp-json\/wp\/v2\/product\/75847\/revisions\/76420"}],"wp:featuredmedia":[{"embeddable":true,"href":"https:\/\/staging.dyrsan.fr\/es\/wp-json\/wp\/v2\/media\/76416"}],"wp:attachment":[{"href":"https:\/\/staging.dyrsan.fr\/es\/wp-json\/wp\/v2\/media?parent=75847"}],"wp:term":[{"taxonomy":"product_brand","embeddable":true,"href":"https:\/\/staging.dyrsan.fr\/es\/wp-json\/wp\/v2\/product_brand?post=75847"},{"taxonomy":"product_cat","embeddable":true,"href":"https:\/\/staging.dyrsan.fr\/es\/wp-json\/wp\/v2\/product_cat?post=75847"},{"taxonomy":"product_tag","embeddable":true,"href":"https:\/\/staging.dyrsan.fr\/es\/wp-json\/wp\/v2\/product_tag?post=75847"}],"curies":[{"name":"wp","href":"https:\/\/api.w.org\/{rel}","templated":true}]}}