{"id":75812,"date":"2026-04-03T13:43:28","date_gmt":"2026-04-03T13:43:28","guid":{"rendered":"https:\/\/staging.dyrsan.fr\/?post_type=product&#038;p=75812"},"modified":"2026-04-14T11:40:21","modified_gmt":"2026-04-14T11:40:21","slug":"tissu-en-eponge-epais-tropical-tree-rouleau-50m","status":"publish","type":"product","link":"https:\/\/staging.dyrsan.fr\/es\/shop\/tissu-en-eponge-epais-tropical-tree-rouleau-50m\/","title":{"rendered":"Tejido de rizo grueso Tropical Tree - rollo de 50M"},"content":{"rendered":"<p>Tissu en \u00e9ponge \u00e9pais Tropical Tree \u00e0 la texture marqu\u00e9e et extensible. Ce tissu \u00e9ponge \u00e9pais Tropical Tree pr\u00e9sente un grammage \u00e9lev\u00e9 de 400 g\/m\u00b2 et convient \u00e0 des cr\u00e9ations n\u00e9cessitant tenue et confort.<\/p>\n<p>&nbsp;<\/p>\n<p><strong>Especificaciones t\u00e9cnicas:<\/strong><br \/>\nR\u00e9f\u00e9rence : DY3463-TR<br \/>\nComposition : 82 % fibre de viscose, 12 % polyester, 6 % spandex<br \/>\nPoids : 400 g\/m\u00b2<br \/>\nLargeur : 80 cm<br \/>\nColor: personalizable seg\u00fan c\u00f3digo Pantone<\/p>\n<p><b style=\"font-family: wash;font-size: 30px\"><img class=\"alignnone wp-image-67583\" src=\"https:\/\/staging.dyrsan.fr\/wp-content\/uploads\/2025\/08\/instru-1.jpeg\" alt=\"\" width=\"153\" height=\"42\" loading=\"lazy\" decoding=\"async\" title=\"\" srcset=\"https:\/\/staging.dyrsan.fr\/wp-content\/uploads\/2025\/08\/instru-1.jpeg 698w, https:\/\/staging.dyrsan.fr\/wp-content\/uploads\/2025\/08\/instru-1-18x5.jpeg 18w\" sizes=\"auto, (max-width: 153px) 100vw, 153px\" \/><\/b><\/p>","protected":false},"excerpt":{"rendered":"<p>Tissu en \u00e9ponge \u00e9pais Tropical Tree \u00e0 la texture marqu\u00e9e et extensible. Ce tissu \u00e9ponge \u00e9pais Tropical Tree pr\u00e9sente un grammage \u00e9lev\u00e9 de 400 g\/m\u00b2 et convient \u00e0 des cr\u00e9ations n\u00e9cessitant tenue et confort.<\/p>\n<p>&nbsp;<\/p>\n<p><strong>Especificaciones t\u00e9cnicas:<\/strong><br \/>\nR\u00e9f\u00e9rence : DY3463-TR<br \/>\nComposition : 82 % fibre de viscose, 12 % polyester, 6 % spandex<br \/>\nPoids : 400 g\/m\u00b2<br \/>\nLargeur : 80 cm<br \/>\nColor: personalizable seg\u00fan c\u00f3digo Pantone<\/p>\n<p><b style=\"font-family: wash;font-size: 30px\"><img loading=\"lazy\" decoding=\"async\" class=\"alignnone wp-image-67583\" src=\"https:\/\/staging.dyrsan.fr\/wp-content\/uploads\/2025\/08\/instru-1.jpeg\" alt=\"\" width=\"153\" height=\"42\" srcset=\"https:\/\/staging.dyrsan.fr\/wp-content\/uploads\/2025\/08\/instru-1.jpeg 698w, https:\/\/staging.dyrsan.fr\/wp-content\/uploads\/2025\/08\/instru-1-18x5.jpeg 18w\" sizes=\"auto, (max-width: 153px) 100vw, 153px\" \/><\/b><\/p>","protected":false},"featured_media":75808,"comment_status":"open","ping_status":"closed","template":"","meta":[],"product_brand":[],"product_cat":[495,150,232,180,213],"product_tag":[],"class_list":{"0":"post-75812","1":"product","2":"type-product","3":"status-publish","4":"has-post-thumbnail","6":"product_cat-rouleaux-de-tissus","7":"product_cat-tissus","8":"product_cat-tissus-eponges","9":"product_cat-tissus-mailles-jacquard","10":"product_cat-tissus-textures","12":"first","13":"instock","14":"taxable","15":"shipping-taxable","16":"purchasable","17":"product-type-simple"},"_links":{"self":[{"href":"https:\/\/staging.dyrsan.fr\/es\/wp-json\/wp\/v2\/product\/75812","targetHints":{"allow":["GET"]}}],"collection":[{"href":"https:\/\/staging.dyrsan.fr\/es\/wp-json\/wp\/v2\/product"}],"about":[{"href":"https:\/\/staging.dyrsan.fr\/es\/wp-json\/wp\/v2\/types\/product"}],"replies":[{"embeddable":true,"href":"https:\/\/staging.dyrsan.fr\/es\/wp-json\/wp\/v2\/comments?post=75812"}],"version-history":[{"count":1,"href":"https:\/\/staging.dyrsan.fr\/es\/wp-json\/wp\/v2\/product\/75812\/revisions"}],"predecessor-version":[{"id":76395,"href":"https:\/\/staging.dyrsan.fr\/es\/wp-json\/wp\/v2\/product\/75812\/revisions\/76395"}],"wp:featuredmedia":[{"embeddable":true,"href":"https:\/\/staging.dyrsan.fr\/es\/wp-json\/wp\/v2\/media\/75808"}],"wp:attachment":[{"href":"https:\/\/staging.dyrsan.fr\/es\/wp-json\/wp\/v2\/media?parent=75812"}],"wp:term":[{"taxonomy":"product_brand","embeddable":true,"href":"https:\/\/staging.dyrsan.fr\/es\/wp-json\/wp\/v2\/product_brand?post=75812"},{"taxonomy":"product_cat","embeddable":true,"href":"https:\/\/staging.dyrsan.fr\/es\/wp-json\/wp\/v2\/product_cat?post=75812"},{"taxonomy":"product_tag","embeddable":true,"href":"https:\/\/staging.dyrsan.fr\/es\/wp-json\/wp\/v2\/product_tag?post=75812"}],"curies":[{"name":"wp","href":"https:\/\/api.w.org\/{rel}","templated":true}]}}