{"id":75781,"date":"2026-04-03T13:42:00","date_gmt":"2026-04-03T13:42:00","guid":{"rendered":"https:\/\/staging.dyrsan.fr\/?post_type=product&#038;p=75781"},"modified":"2026-04-14T12:05:33","modified_gmt":"2026-04-14T12:05:33","slug":"jacquard-fines-rayures-blanches-rouleau-50m","status":"publish","type":"product","link":"https:\/\/staging.dyrsan.fr\/es\/shop\/jacquard-fines-rayures-blanches-rouleau-50m\/","title":{"rendered":"Jacquard fines rayures blanches \u2014 Rouleau 50M"},"content":{"rendered":"<p>Jacquard fines rayures blanches, certifi\u00e9 OEKO-TEX\u00ae, au grammage \u00e9lev\u00e9 de 250 g\/m\u00b2. Ce tissu jacquard extensible offre une structure \u00e9l\u00e9gante et un excellent maintien, id\u00e9al pour la cr\u00e9ation de maillots de bain et pi\u00e8ces de bain raffin\u00e9es \u00e0 l\u2019esth\u00e9tique \u00e9pur\u00e9e.<\/p>\n<p>&nbsp;<\/p>\n<p><strong>Especificaciones t\u00e9cnicas:<\/strong><br \/>\nR\u00e9f\u00e9rence : DY2527<br \/>\nComposici\u00f3n: 84 % nailon, 16 % elast\u00e1n<br \/>\nPoids : 250 g\/m\u00b2<br \/>\nAnchura: 150 cm<br \/>\nCouleur : blanc (personnalisable selon code Pantone)<br \/>\nCertificaci\u00f3n: OEKO-TEX<br \/>\nAspect : jacquard \u00e0 fines rayures<br \/>\nPropri\u00e9t\u00e9s : extensible, structur\u00e9<br \/>\nUtilisation : maillots de bain, pi\u00e8ces de bain \u00e9l\u00e9gantes<\/p>\n<p><b style=\"font-family: wash;font-size: 30px\"><img class=\"alignnone wp-image-67583\" src=\"https:\/\/staging.dyrsan.fr\/wp-content\/uploads\/2025\/08\/instru-1.jpeg\" alt=\"\" width=\"153\" height=\"42\" loading=\"lazy\" decoding=\"async\" title=\"\" srcset=\"https:\/\/staging.dyrsan.fr\/wp-content\/uploads\/2025\/08\/instru-1.jpeg 698w, https:\/\/staging.dyrsan.fr\/wp-content\/uploads\/2025\/08\/instru-1-18x5.jpeg 18w\" sizes=\"auto, (max-width: 153px) 100vw, 153px\" \/><\/b><\/p>","protected":false},"excerpt":{"rendered":"<p>Jacquard fines rayures blanches, certifi\u00e9 OEKO-TEX\u00ae, au grammage \u00e9lev\u00e9 de 250 g\/m\u00b2. Ce tissu jacquard extensible offre une structure \u00e9l\u00e9gante et un excellent maintien, id\u00e9al pour la cr\u00e9ation de maillots de bain et pi\u00e8ces de bain raffin\u00e9es \u00e0 l\u2019esth\u00e9tique \u00e9pur\u00e9e.<\/p>\n<p>&nbsp;<\/p>\n<p><strong>Especificaciones t\u00e9cnicas:<\/strong><br \/>\nR\u00e9f\u00e9rence : DY2527<br \/>\nComposici\u00f3n: 84 % nailon, 16 % elast\u00e1n<br \/>\nPoids : 250 g\/m\u00b2<br \/>\nAnchura: 150 cm<br \/>\nCouleur : blanc (personnalisable selon code Pantone)<br \/>\nCertificaci\u00f3n: OEKO-TEX<br \/>\nAspect : jacquard \u00e0 fines rayures<br \/>\nPropri\u00e9t\u00e9s : extensible, structur\u00e9<br \/>\nUtilisation : maillots de bain, pi\u00e8ces de bain \u00e9l\u00e9gantes<\/p>\n<p><b style=\"font-family: wash;font-size: 30px\"><img loading=\"lazy\" decoding=\"async\" class=\"alignnone wp-image-67583\" src=\"https:\/\/staging.dyrsan.fr\/wp-content\/uploads\/2025\/08\/instru-1.jpeg\" alt=\"\" width=\"153\" height=\"42\" srcset=\"https:\/\/staging.dyrsan.fr\/wp-content\/uploads\/2025\/08\/instru-1.jpeg 698w, https:\/\/staging.dyrsan.fr\/wp-content\/uploads\/2025\/08\/instru-1-18x5.jpeg 18w\" sizes=\"auto, (max-width: 153px) 100vw, 153px\" \/><\/b><\/p>","protected":false},"featured_media":75778,"comment_status":"open","ping_status":"closed","template":"","meta":[],"product_brand":[],"product_cat":[495,150,180,213],"product_tag":[],"class_list":{"0":"post-75781","1":"product","2":"type-product","3":"status-publish","4":"has-post-thumbnail","6":"product_cat-rouleaux-de-tissus","7":"product_cat-tissus","8":"product_cat-tissus-mailles-jacquard","9":"product_cat-tissus-textures","11":"first","12":"instock","13":"taxable","14":"shipping-taxable","15":"purchasable","16":"product-type-simple"},"_links":{"self":[{"href":"https:\/\/staging.dyrsan.fr\/es\/wp-json\/wp\/v2\/product\/75781","targetHints":{"allow":["GET"]}}],"collection":[{"href":"https:\/\/staging.dyrsan.fr\/es\/wp-json\/wp\/v2\/product"}],"about":[{"href":"https:\/\/staging.dyrsan.fr\/es\/wp-json\/wp\/v2\/types\/product"}],"replies":[{"embeddable":true,"href":"https:\/\/staging.dyrsan.fr\/es\/wp-json\/wp\/v2\/comments?post=75781"}],"version-history":[{"count":1,"href":"https:\/\/staging.dyrsan.fr\/es\/wp-json\/wp\/v2\/product\/75781\/revisions"}],"predecessor-version":[{"id":76428,"href":"https:\/\/staging.dyrsan.fr\/es\/wp-json\/wp\/v2\/product\/75781\/revisions\/76428"}],"wp:featuredmedia":[{"embeddable":true,"href":"https:\/\/staging.dyrsan.fr\/es\/wp-json\/wp\/v2\/media\/75778"}],"wp:attachment":[{"href":"https:\/\/staging.dyrsan.fr\/es\/wp-json\/wp\/v2\/media?parent=75781"}],"wp:term":[{"taxonomy":"product_brand","embeddable":true,"href":"https:\/\/staging.dyrsan.fr\/es\/wp-json\/wp\/v2\/product_brand?post=75781"},{"taxonomy":"product_cat","embeddable":true,"href":"https:\/\/staging.dyrsan.fr\/es\/wp-json\/wp\/v2\/product_cat?post=75781"},{"taxonomy":"product_tag","embeddable":true,"href":"https:\/\/staging.dyrsan.fr\/es\/wp-json\/wp\/v2\/product_tag?post=75781"}],"curies":[{"name":"wp","href":"https:\/\/api.w.org\/{rel}","templated":true}]}}