{"id":75750,"date":"2026-04-03T13:40:28","date_gmt":"2026-04-03T13:40:28","guid":{"rendered":"https:\/\/staging.dyrsan.fr\/?post_type=product&#038;p=75750"},"modified":"2026-04-14T11:40:41","modified_gmt":"2026-04-14T11:40:41","slug":"tissu-en-maille-jacquard-a-imprime-floral-rouleau-50m","status":"publish","type":"product","link":"https:\/\/staging.dyrsan.fr\/es\/shop\/tissu-en-maille-jacquard-a-imprime-floral-rouleau-50m\/","title":{"rendered":"Tissu en maille jacquard \u00e0 imprim\u00e9 floral \u2014 Rouleau 50M"},"content":{"rendered":"<p>Tissu en maille jacquard \u00e0 imprim\u00e9 floral \u00e0 l\u2019aspect d\u00e9licat et textur\u00e9. Ce tissu jacquard \u00e0 imprim\u00e9 floral est certifi\u00e9 Oeko-Tex et adapt\u00e9 \u00e0 la confection de maillots de bain \u00e9l\u00e9gants.<\/p>\n<p>&nbsp;<\/p>\n<p><strong>Especificaciones t\u00e9cnicas:<\/strong><br \/>\nR\u00e9f\u00e9rence : DY2516<br \/>\nComposition : 72 % nylon, 21 % polyester, 7 % spandex<br \/>\nPoids : 250 g\/m\u00b2<br \/>\nLargeur : 133 cm<br \/>\nCertificaci\u00f3n: Oeko-Tex<br \/>\nUso: ba\u00f1adores<\/p>\n<p><b style=\"font-family: wash;font-size: 30px\"><img class=\"alignnone wp-image-67583\" src=\"https:\/\/staging.dyrsan.fr\/wp-content\/uploads\/2025\/08\/instru-1.jpeg\" alt=\"\" width=\"153\" height=\"42\" loading=\"lazy\" decoding=\"async\" title=\"\" srcset=\"https:\/\/staging.dyrsan.fr\/wp-content\/uploads\/2025\/08\/instru-1.jpeg 698w, https:\/\/staging.dyrsan.fr\/wp-content\/uploads\/2025\/08\/instru-1-18x5.jpeg 18w\" sizes=\"auto, (max-width: 153px) 100vw, 153px\" \/><\/b><\/p>","protected":false},"excerpt":{"rendered":"<p>Tissu en maille jacquard \u00e0 imprim\u00e9 floral \u00e0 l\u2019aspect d\u00e9licat et textur\u00e9. Ce tissu jacquard \u00e0 imprim\u00e9 floral est certifi\u00e9 Oeko-Tex et adapt\u00e9 \u00e0 la confection de maillots de bain \u00e9l\u00e9gants.<\/p>\n<p>&nbsp;<\/p>\n<p><strong>Especificaciones t\u00e9cnicas:<\/strong><br \/>\nR\u00e9f\u00e9rence : DY2516<br \/>\nComposition : 72 % nylon, 21 % polyester, 7 % spandex<br \/>\nPoids : 250 g\/m\u00b2<br \/>\nLargeur : 133 cm<br \/>\nCertificaci\u00f3n: Oeko-Tex<br \/>\nUso: ba\u00f1adores<\/p>\n<p><b style=\"font-family: wash;font-size: 30px\"><img loading=\"lazy\" decoding=\"async\" class=\"alignnone wp-image-67583\" src=\"https:\/\/staging.dyrsan.fr\/wp-content\/uploads\/2025\/08\/instru-1.jpeg\" alt=\"\" width=\"153\" height=\"42\" srcset=\"https:\/\/staging.dyrsan.fr\/wp-content\/uploads\/2025\/08\/instru-1.jpeg 698w, https:\/\/staging.dyrsan.fr\/wp-content\/uploads\/2025\/08\/instru-1-18x5.jpeg 18w\" sizes=\"auto, (max-width: 153px) 100vw, 153px\" \/><\/b><\/p>","protected":false},"featured_media":75747,"comment_status":"open","ping_status":"closed","template":"","meta":[],"product_brand":[],"product_cat":[495,150,180,197,213],"product_tag":[],"class_list":{"0":"post-75750","1":"product","2":"type-product","3":"status-publish","4":"has-post-thumbnail","6":"product_cat-rouleaux-de-tissus","7":"product_cat-tissus","8":"product_cat-tissus-mailles-jacquard","9":"product_cat-tissus-recycles","10":"product_cat-tissus-textures","12":"first","13":"instock","14":"taxable","15":"shipping-taxable","16":"purchasable","17":"product-type-simple"},"_links":{"self":[{"href":"https:\/\/staging.dyrsan.fr\/es\/wp-json\/wp\/v2\/product\/75750","targetHints":{"allow":["GET"]}}],"collection":[{"href":"https:\/\/staging.dyrsan.fr\/es\/wp-json\/wp\/v2\/product"}],"about":[{"href":"https:\/\/staging.dyrsan.fr\/es\/wp-json\/wp\/v2\/types\/product"}],"replies":[{"embeddable":true,"href":"https:\/\/staging.dyrsan.fr\/es\/wp-json\/wp\/v2\/comments?post=75750"}],"version-history":[{"count":1,"href":"https:\/\/staging.dyrsan.fr\/es\/wp-json\/wp\/v2\/product\/75750\/revisions"}],"predecessor-version":[{"id":76399,"href":"https:\/\/staging.dyrsan.fr\/es\/wp-json\/wp\/v2\/product\/75750\/revisions\/76399"}],"wp:featuredmedia":[{"embeddable":true,"href":"https:\/\/staging.dyrsan.fr\/es\/wp-json\/wp\/v2\/media\/75747"}],"wp:attachment":[{"href":"https:\/\/staging.dyrsan.fr\/es\/wp-json\/wp\/v2\/media?parent=75750"}],"wp:term":[{"taxonomy":"product_brand","embeddable":true,"href":"https:\/\/staging.dyrsan.fr\/es\/wp-json\/wp\/v2\/product_brand?post=75750"},{"taxonomy":"product_cat","embeddable":true,"href":"https:\/\/staging.dyrsan.fr\/es\/wp-json\/wp\/v2\/product_cat?post=75750"},{"taxonomy":"product_tag","embeddable":true,"href":"https:\/\/staging.dyrsan.fr\/es\/wp-json\/wp\/v2\/product_tag?post=75750"}],"curies":[{"name":"wp","href":"https:\/\/api.w.org\/{rel}","templated":true}]}}