{"id":75715,"date":"2026-04-03T13:38:40","date_gmt":"2026-04-03T13:38:40","guid":{"rendered":"https:\/\/staging.dyrsan.fr\/?post_type=product&#038;p=75715"},"modified":"2026-04-14T12:38:02","modified_gmt":"2026-04-14T12:38:02","slug":"tissu-en-lurex-couleur-or-rouleau-50m","status":"publish","type":"product","link":"https:\/\/staging.dyrsan.fr\/es\/shop\/tissu-en-lurex-couleur-or-rouleau-50m\/","title":{"rendered":"Tissu en lurex couleur or \u2014 Rouleau 50M"},"content":{"rendered":"<p>Tissu en lurex couleur or, extensible et lumineux. Ce tissu lurex couleur or offre un effet scintillant \u00e9l\u00e9gant, id\u00e9al pour les cr\u00e9ations de maillots de bain, v\u00eatements de sc\u00e8ne et pi\u00e8ces mode \u00e0 l\u2019aspect brillant.<\/p>\n<p>&nbsp;<\/p>\n<p><strong>Especificaciones t\u00e9cnicas:<\/strong><br \/>\nR\u00e9f\u00e9rence : DY2501<br \/>\nComposition : 74 % nylon, 13 % \u00e9lasthanne<br \/>\nPoids : 150 g\/m\u00b2<br \/>\nLargeur : 143 cm<br \/>\nAspect : lurex brillant<br \/>\nPropri\u00e9t\u00e9s : extensible, l\u00e9ger, souple, effet scintillant<br \/>\nUtilisation : maillots de bain, beachwear, lingerie, tenues de danse, v\u00eatements de sc\u00e8ne, cr\u00e9ations mode<\/p>\n<p><b style=\"font-family: wash;font-size: 30px\"><img class=\"alignnone wp-image-67583\" src=\"https:\/\/staging.dyrsan.fr\/wp-content\/uploads\/2025\/08\/instru-1.jpeg\" alt=\"\" width=\"153\" height=\"42\" loading=\"lazy\" decoding=\"async\" title=\"\" srcset=\"https:\/\/staging.dyrsan.fr\/wp-content\/uploads\/2025\/08\/instru-1.jpeg 698w, https:\/\/staging.dyrsan.fr\/wp-content\/uploads\/2025\/08\/instru-1-18x5.jpeg 18w\" sizes=\"auto, (max-width: 153px) 100vw, 153px\" \/><\/b><\/p>\n<p>&nbsp;<\/p>","protected":false},"excerpt":{"rendered":"<p>Tissu en lurex couleur or, extensible et lumineux. Ce tissu lurex couleur or offre un effet scintillant \u00e9l\u00e9gant, id\u00e9al pour les cr\u00e9ations de maillots de bain, v\u00eatements de sc\u00e8ne et pi\u00e8ces mode \u00e0 l\u2019aspect brillant.<\/p>\n<p>&nbsp;<\/p>\n<p><strong>Especificaciones t\u00e9cnicas:<\/strong><br \/>\nR\u00e9f\u00e9rence : DY2501<br \/>\nComposition : 74 % nylon, 13 % \u00e9lasthanne<br \/>\nPoids : 150 g\/m\u00b2<br \/>\nLargeur : 143 cm<br \/>\nAspect : lurex brillant<br \/>\nPropri\u00e9t\u00e9s : extensible, l\u00e9ger, souple, effet scintillant<br \/>\nUtilisation : maillots de bain, beachwear, lingerie, tenues de danse, v\u00eatements de sc\u00e8ne, cr\u00e9ations mode<\/p>\n<p><b style=\"font-family: wash;font-size: 30px\"><img loading=\"lazy\" decoding=\"async\" class=\"alignnone wp-image-67583\" src=\"https:\/\/staging.dyrsan.fr\/wp-content\/uploads\/2025\/08\/instru-1.jpeg\" alt=\"\" width=\"153\" height=\"42\" srcset=\"https:\/\/staging.dyrsan.fr\/wp-content\/uploads\/2025\/08\/instru-1.jpeg 698w, https:\/\/staging.dyrsan.fr\/wp-content\/uploads\/2025\/08\/instru-1-18x5.jpeg 18w\" sizes=\"auto, (max-width: 153px) 100vw, 153px\" \/><\/b><\/p>","protected":false},"featured_media":75712,"comment_status":"open","ping_status":"closed","template":"","meta":[],"product_brand":[],"product_cat":[495,150,251,193],"product_tag":[],"class_list":{"0":"post-75715","1":"product","2":"type-product","3":"status-publish","4":"has-post-thumbnail","6":"product_cat-rouleaux-de-tissus","7":"product_cat-tissus","8":"product_cat-tissus-jersey","9":"product_cat-tissus-lurex-brillants","11":"first","12":"instock","13":"taxable","14":"shipping-taxable","15":"purchasable","16":"product-type-simple"},"_links":{"self":[{"href":"https:\/\/staging.dyrsan.fr\/es\/wp-json\/wp\/v2\/product\/75715","targetHints":{"allow":["GET"]}}],"collection":[{"href":"https:\/\/staging.dyrsan.fr\/es\/wp-json\/wp\/v2\/product"}],"about":[{"href":"https:\/\/staging.dyrsan.fr\/es\/wp-json\/wp\/v2\/types\/product"}],"replies":[{"embeddable":true,"href":"https:\/\/staging.dyrsan.fr\/es\/wp-json\/wp\/v2\/comments?post=75715"}],"version-history":[{"count":2,"href":"https:\/\/staging.dyrsan.fr\/es\/wp-json\/wp\/v2\/product\/75715\/revisions"}],"predecessor-version":[{"id":76546,"href":"https:\/\/staging.dyrsan.fr\/es\/wp-json\/wp\/v2\/product\/75715\/revisions\/76546"}],"wp:featuredmedia":[{"embeddable":true,"href":"https:\/\/staging.dyrsan.fr\/es\/wp-json\/wp\/v2\/media\/75712"}],"wp:attachment":[{"href":"https:\/\/staging.dyrsan.fr\/es\/wp-json\/wp\/v2\/media?parent=75715"}],"wp:term":[{"taxonomy":"product_brand","embeddable":true,"href":"https:\/\/staging.dyrsan.fr\/es\/wp-json\/wp\/v2\/product_brand?post=75715"},{"taxonomy":"product_cat","embeddable":true,"href":"https:\/\/staging.dyrsan.fr\/es\/wp-json\/wp\/v2\/product_cat?post=75715"},{"taxonomy":"product_tag","embeddable":true,"href":"https:\/\/staging.dyrsan.fr\/es\/wp-json\/wp\/v2\/product_tag?post=75715"}],"curies":[{"name":"wp","href":"https:\/\/api.w.org\/{rel}","templated":true}]}}