{"id":75701,"date":"2026-04-03T13:37:51","date_gmt":"2026-04-03T13:37:51","guid":{"rendered":"https:\/\/staging.dyrsan.fr\/?post_type=product&#038;p=75701"},"modified":"2026-04-14T12:06:14","modified_gmt":"2026-04-14T12:06:14","slug":"tissu-microfibre-en-nylon-et-elasthanne-lisse-et-brillant-rouleau-50m","status":"publish","type":"product","link":"https:\/\/staging.dyrsan.fr\/es\/shop\/tissu-microfibre-en-nylon-et-elasthanne-lisse-et-brillant-rouleau-50m\/","title":{"rendered":"Tejido de microfibra de nailon y elastano suave y brillante - rollo de 50M"},"content":{"rendered":"<p>Tissu microfibre en nylon et \u00e9lasthanne lisse et brillant, au toucher doux et soyeux, id\u00e9al pour la confection de v\u00eatements de bain, de sport ou de lingerie. Il offre \u00e0 la fois confort, \u00e9lasticit\u00e9 et une tenue impeccable.<\/p>\n<p>&nbsp;<\/p>\n<p><strong>Especificaciones t\u00e9cnicas:<\/strong><br \/>\nR\u00e9f\u00e9rence : DY99032<br \/>\nCat\u00e9gorie : Tissu microfibre<br \/>\nComposici\u00f3n: 82 % nailon - 18 % elast\u00e1n<br \/>\nAnchura: 150 cm<br \/>\nPoids : 160 g\/m\u00b2<br \/>\nAspect : Lisse, souple et extensible<br \/>\nCouleur : Bleu clair (personnalisable selon le code Pantone)<br \/>\nUtilisation : Maillots de bain, lingerie, v\u00eatements de sport, tenues ajust\u00e9es<\/p>\n<div id=\"simple-translate\" class=\"simple-translate-system-theme\">\n<div>\n<div class=\"simple-translate-button isShow\" style=\"height: 22px;width: 22px;top: 196px;left: 104px\"><\/div>\n<div class=\"simple-translate-panel\" style=\"width: 300px;height: 200px;top: 0px;left: 0px;font-size: 13px\">\n<div class=\"simple-translate-result-wrapper\" style=\"overflow: hidden\">\n<div class=\"simple-translate-move\"><\/div>\n<div class=\"simple-translate-result-contents\">\n<p class=\"simple-translate-result\" dir=\"auto\">\n<p class=\"simple-translate-candidate\" dir=\"auto\">\n<\/div>\n<\/div>\n<\/div>\n<\/div>\n<\/div>","protected":false},"excerpt":{"rendered":"<p>Tissu microfibre en nylon et \u00e9lasthanne lisse et brillant, au toucher doux et soyeux, id\u00e9al pour la confection de v\u00eatements de bain, de sport ou de lingerie. Il offre \u00e0 la fois confort, \u00e9lasticit\u00e9 et une tenue impeccable.<\/p>\n<p>&nbsp;<\/p>\n<p><strong>Especificaciones t\u00e9cnicas:<\/strong><br \/>\nR\u00e9f\u00e9rence : DY99032<br \/>\nCat\u00e9gorie : Tissu microfibre<br \/>\nComposici\u00f3n: 82 % nailon - 18 % elast\u00e1n<br \/>\nAnchura: 150 cm<br \/>\nPoids : 160 g\/m\u00b2<br \/>\nAspect : Lisse, souple et extensible<br \/>\nCouleur : Bleu clair (personnalisable selon le code Pantone)<br \/>\nUtilisation : Maillots de bain, lingerie, v\u00eatements de sport, tenues ajust\u00e9es<\/p>","protected":false},"featured_media":75697,"comment_status":"open","ping_status":"closed","template":"","meta":[],"product_brand":[],"product_cat":[495,150,151,455,178],"product_tag":[],"class_list":{"0":"post-75701","1":"product","2":"type-product","3":"status-publish","4":"has-post-thumbnail","6":"product_cat-rouleaux-de-tissus","7":"product_cat-tissus","8":"product_cat-tissus-lycra-extensibles","9":"product_cat-tissus-maillots-de-bain","10":"product_cat-tissus-microfibres","12":"first","13":"instock","14":"taxable","15":"shipping-taxable","16":"purchasable","17":"product-type-simple"},"_links":{"self":[{"href":"https:\/\/staging.dyrsan.fr\/es\/wp-json\/wp\/v2\/product\/75701","targetHints":{"allow":["GET"]}}],"collection":[{"href":"https:\/\/staging.dyrsan.fr\/es\/wp-json\/wp\/v2\/product"}],"about":[{"href":"https:\/\/staging.dyrsan.fr\/es\/wp-json\/wp\/v2\/types\/product"}],"replies":[{"embeddable":true,"href":"https:\/\/staging.dyrsan.fr\/es\/wp-json\/wp\/v2\/comments?post=75701"}],"version-history":[{"count":1,"href":"https:\/\/staging.dyrsan.fr\/es\/wp-json\/wp\/v2\/product\/75701\/revisions"}],"predecessor-version":[{"id":76442,"href":"https:\/\/staging.dyrsan.fr\/es\/wp-json\/wp\/v2\/product\/75701\/revisions\/76442"}],"wp:featuredmedia":[{"embeddable":true,"href":"https:\/\/staging.dyrsan.fr\/es\/wp-json\/wp\/v2\/media\/75697"}],"wp:attachment":[{"href":"https:\/\/staging.dyrsan.fr\/es\/wp-json\/wp\/v2\/media?parent=75701"}],"wp:term":[{"taxonomy":"product_brand","embeddable":true,"href":"https:\/\/staging.dyrsan.fr\/es\/wp-json\/wp\/v2\/product_brand?post=75701"},{"taxonomy":"product_cat","embeddable":true,"href":"https:\/\/staging.dyrsan.fr\/es\/wp-json\/wp\/v2\/product_cat?post=75701"},{"taxonomy":"product_tag","embeddable":true,"href":"https:\/\/staging.dyrsan.fr\/es\/wp-json\/wp\/v2\/product_tag?post=75701"}],"curies":[{"name":"wp","href":"https:\/\/api.w.org\/{rel}","templated":true}]}}