{"id":75695,"date":"2026-04-03T13:37:31","date_gmt":"2026-04-03T13:37:31","guid":{"rendered":"https:\/\/staging.dyrsan.fr\/?post_type=product&#038;p=75695"},"modified":"2026-04-14T12:06:18","modified_gmt":"2026-04-14T12:06:18","slug":"tissu-jacquard-raye-noir-extensible-leger-rouleau-50m","status":"publish","type":"product","link":"https:\/\/staging.dyrsan.fr\/es\/shop\/tissu-jacquard-raye-noir-extensible-leger-rouleau-50m\/","title":{"rendered":"Tissu jacquard ray\u00e9 noir extensible l\u00e9ger \u2014 Rouleau 50M"},"content":{"rendered":"<p>Tejido jacquard de rayas negras, ligero, flexible y transpirable, perfecto para lencer\u00eda, trajes de ba\u00f1o o prendas t\u00e9cnicas. Su estructura fina y sus rayas regulares crean un efecto visual moderno y refinado.<\/p>\n<p>&nbsp;<\/p>\n<p><strong>Especificaciones t\u00e9cnicas:<\/strong><br \/>\nN\u00famero de cat\u00e1logo : DY98675<br \/>\nComposici\u00f3n: 94 % poliamida, 2 % poli\u00e9ster, 4 % elast\u00e1n<br \/>\nPeso: 135 g\/m\u00b2.<br \/>\nAnchura: 152 cm<br \/>\nColor: negro con rayas tono sobre tono (personalizables con c\u00f3digo Pantone)<br \/>\nEstructura : Jacquard el\u00e1stico<br \/>\nUso: Lencer\u00eda, trajes de ba\u00f1o, prendas transpirables ligeras<br \/>\nCuidados: Lavar a 30\u00b0C, no usar lej\u00eda, planchar suavemente, se recomienda secar en secadora.<\/p>","protected":false},"excerpt":{"rendered":"<p>Tejido jacquard de rayas negras, ligero, flexible y transpirable, perfecto para lencer\u00eda, trajes de ba\u00f1o o prendas t\u00e9cnicas. Su estructura fina y sus rayas regulares crean un efecto visual moderno y refinado.<\/p>\n<p>&nbsp;<\/p>\n<p><strong>Especificaciones t\u00e9cnicas:<\/strong><br \/>\nN\u00famero de cat\u00e1logo : DY98675<br \/>\nComposici\u00f3n: 94 % poliamida, 2 % poli\u00e9ster, 4 % elast\u00e1n<br \/>\nPeso: 135 g\/m\u00b2.<br \/>\nAnchura: 152 cm<br \/>\nColor: negro con rayas tono sobre tono (personalizables con c\u00f3digo Pantone)<br \/>\nEstructura : Jacquard el\u00e1stico<br \/>\nUso: Lencer\u00eda, trajes de ba\u00f1o, prendas transpirables ligeras<br \/>\nCuidados: Lavar a 30\u00b0C, no usar lej\u00eda, planchar suavemente, se recomienda secar en secadora.<\/p>\n<div id=\"simple-translate\" class=\"simple-translate-system-theme\">\n<div>\n<div class=\"simple-translate-button isShow\" style=\"height: 22px;width: 22px;top: 193px;left: 183px\"><\/div>\n<div class=\"simple-translate-panel\" style=\"width: 300px;height: 200px;top: 0px;left: 0px;font-size: 13px\">\n<div class=\"simple-translate-result-wrapper\" style=\"overflow: hidden\">\n<div class=\"simple-translate-move\"><\/div>\n<div class=\"simple-translate-result-contents\">\n<p class=\"simple-translate-result\" dir=\"auto\">\n<p class=\"simple-translate-candidate\" dir=\"auto\">\n<\/div>\n<\/div>\n<\/div>\n<\/div>\n<\/div>","protected":false},"featured_media":75690,"comment_status":"open","ping_status":"closed","template":"","meta":[],"product_brand":[],"product_cat":[495,150,180,179],"product_tag":[],"class_list":{"0":"post-75695","1":"product","2":"type-product","3":"status-publish","4":"has-post-thumbnail","6":"product_cat-rouleaux-de-tissus","7":"product_cat-tissus","8":"product_cat-tissus-mailles-jacquard","9":"product_cat-tissus-resilles","11":"first","12":"instock","13":"taxable","14":"shipping-taxable","15":"purchasable","16":"product-type-simple"},"_links":{"self":[{"href":"https:\/\/staging.dyrsan.fr\/es\/wp-json\/wp\/v2\/product\/75695","targetHints":{"allow":["GET"]}}],"collection":[{"href":"https:\/\/staging.dyrsan.fr\/es\/wp-json\/wp\/v2\/product"}],"about":[{"href":"https:\/\/staging.dyrsan.fr\/es\/wp-json\/wp\/v2\/types\/product"}],"replies":[{"embeddable":true,"href":"https:\/\/staging.dyrsan.fr\/es\/wp-json\/wp\/v2\/comments?post=75695"}],"version-history":[{"count":1,"href":"https:\/\/staging.dyrsan.fr\/es\/wp-json\/wp\/v2\/product\/75695\/revisions"}],"predecessor-version":[{"id":76444,"href":"https:\/\/staging.dyrsan.fr\/es\/wp-json\/wp\/v2\/product\/75695\/revisions\/76444"}],"wp:featuredmedia":[{"embeddable":true,"href":"https:\/\/staging.dyrsan.fr\/es\/wp-json\/wp\/v2\/media\/75690"}],"wp:attachment":[{"href":"https:\/\/staging.dyrsan.fr\/es\/wp-json\/wp\/v2\/media?parent=75695"}],"wp:term":[{"taxonomy":"product_brand","embeddable":true,"href":"https:\/\/staging.dyrsan.fr\/es\/wp-json\/wp\/v2\/product_brand?post=75695"},{"taxonomy":"product_cat","embeddable":true,"href":"https:\/\/staging.dyrsan.fr\/es\/wp-json\/wp\/v2\/product_cat?post=75695"},{"taxonomy":"product_tag","embeddable":true,"href":"https:\/\/staging.dyrsan.fr\/es\/wp-json\/wp\/v2\/product_tag?post=75695"}],"curies":[{"name":"wp","href":"https:\/\/api.w.org\/{rel}","templated":true}]}}