{"id":75683,"date":"2026-04-03T13:36:30","date_gmt":"2026-04-03T13:36:30","guid":{"rendered":"https:\/\/staging.dyrsan.fr\/?post_type=product&#038;p=75683"},"modified":"2026-04-14T12:06:24","modified_gmt":"2026-04-14T12:06:24","slug":"tissu-resille-jacquard-rouge-motifs-lucky-nylon-elasthanne-rouleau-50m","status":"publish","type":"product","link":"https:\/\/staging.dyrsan.fr\/es\/shop\/tissu-resille-jacquard-rouge-motifs-lucky-nylon-elasthanne-rouleau-50m\/","title":{"rendered":"Tejido de red jacquard rojo con motivos Lucky de nailon elastano - Rollo 50M"},"content":{"rendered":"<p>Tissu r\u00e9sille jacquard rouge motifs Lucky nylon \u00e9lasthanne, d\u2019une largeur de 120 cm et d\u2019un poids de 115 g\/m\u00b2. Sa maille fine et souple est orn\u00e9e de petits motifs papillons et du mot \u201cLucky\u201d floqu\u00e9s en relief, offrant une texture originale et romantique, id\u00e9ale pour la lingerie, les body ou les empi\u00e8cements transparents.<\/p>\n<p><strong>Especificaciones t\u00e9cnicas:<\/strong><br \/>\nR\u00e9f\u00e9rence : DY98782<br \/>\nCategor\u00eda: Tejido de rejilla jacquard<br \/>\nComposition : 60 % nylon \u2013 40 % \u00e9lasthanne<br \/>\nAnchura: 120 cm<br \/>\nPoids : 115 g\/m\u00b2<br \/>\nAspect : Transparent, motifs \u201cLucky\u201d et papillons en relief<br \/>\nColor: rojo vivo (personalizable con c\u00f3digo Pantone)<br \/>\nUtilisation : Lingerie, body, mode f\u00e9minine, d\u00e9tails transparents<\/p>","protected":false},"excerpt":{"rendered":"<p>Tissu r\u00e9sille jacquard rouge motifs Lucky nylon \u00e9lasthanne, d\u2019une largeur de 120 cm et d\u2019un poids de 115 g\/m\u00b2. Sa maille fine et souple est orn\u00e9e de petits motifs papillons et du mot \u201cLucky\u201d floqu\u00e9s en relief, offrant une texture originale et romantique, id\u00e9ale pour la lingerie, les body ou les empi\u00e8cements transparents.<\/p>\n<p><strong>Especificaciones t\u00e9cnicas:<\/strong><br \/>\nR\u00e9f\u00e9rence : DY98782<br \/>\nCategor\u00eda: Tejido de rejilla jacquard<br \/>\nComposition : 60 % nylon \u2013 40 % \u00e9lasthanne<br \/>\nAnchura: 120 cm<br \/>\nPoids : 115 g\/m\u00b2<br \/>\nAspect : Transparent, motifs \u201cLucky\u201d et papillons en relief<br \/>\nColor: rojo vivo (personalizable con c\u00f3digo Pantone)<br \/>\nUtilisation : Lingerie, body, mode f\u00e9minine, d\u00e9tails transparents<\/p>","protected":false},"featured_media":75677,"comment_status":"open","ping_status":"closed","template":"","meta":[],"product_brand":[],"product_cat":[495,150,209,456,179],"product_tag":[],"class_list":{"0":"post-75683","1":"product","2":"type-product","3":"status-publish","4":"has-post-thumbnail","6":"product_cat-rouleaux-de-tissus","7":"product_cat-tissus","8":"product_cat-tissus-dentelles","9":"product_cat-tissus-pour-lingerie","10":"product_cat-tissus-resilles","12":"first","13":"instock","14":"taxable","15":"shipping-taxable","16":"purchasable","17":"product-type-simple"},"_links":{"self":[{"href":"https:\/\/staging.dyrsan.fr\/es\/wp-json\/wp\/v2\/product\/75683","targetHints":{"allow":["GET"]}}],"collection":[{"href":"https:\/\/staging.dyrsan.fr\/es\/wp-json\/wp\/v2\/product"}],"about":[{"href":"https:\/\/staging.dyrsan.fr\/es\/wp-json\/wp\/v2\/types\/product"}],"replies":[{"embeddable":true,"href":"https:\/\/staging.dyrsan.fr\/es\/wp-json\/wp\/v2\/comments?post=75683"}],"version-history":[{"count":1,"href":"https:\/\/staging.dyrsan.fr\/es\/wp-json\/wp\/v2\/product\/75683\/revisions"}],"predecessor-version":[{"id":76446,"href":"https:\/\/staging.dyrsan.fr\/es\/wp-json\/wp\/v2\/product\/75683\/revisions\/76446"}],"wp:featuredmedia":[{"embeddable":true,"href":"https:\/\/staging.dyrsan.fr\/es\/wp-json\/wp\/v2\/media\/75677"}],"wp:attachment":[{"href":"https:\/\/staging.dyrsan.fr\/es\/wp-json\/wp\/v2\/media?parent=75683"}],"wp:term":[{"taxonomy":"product_brand","embeddable":true,"href":"https:\/\/staging.dyrsan.fr\/es\/wp-json\/wp\/v2\/product_brand?post=75683"},{"taxonomy":"product_cat","embeddable":true,"href":"https:\/\/staging.dyrsan.fr\/es\/wp-json\/wp\/v2\/product_cat?post=75683"},{"taxonomy":"product_tag","embeddable":true,"href":"https:\/\/staging.dyrsan.fr\/es\/wp-json\/wp\/v2\/product_tag?post=75683"}],"curies":[{"name":"wp","href":"https:\/\/api.w.org\/{rel}","templated":true}]}}