{"id":75670,"date":"2026-04-03T13:35:48","date_gmt":"2026-04-03T13:35:48","guid":{"rendered":"https:\/\/staging.dyrsan.fr\/?post_type=product&#038;p=75670"},"modified":"2026-04-14T12:06:30","modified_gmt":"2026-04-14T12:06:30","slug":"tissu-resille-floquee-coeurs-rouges-nylon-elasthanne-rouleau-50m","status":"publish","type":"product","link":"https:\/\/staging.dyrsan.fr\/es\/shop\/tissu-resille-floquee-coeurs-rouges-nylon-elasthanne-rouleau-50m\/","title":{"rendered":"Red flocada corazones rojos nylon elastano - Rollo 50M"},"content":{"rendered":"<p>Tejido de red flocado con corazones rojos, de nailon y elastano, de 152 cm de ancho y 55 g\/m\u00b2. Ligero, flexible y transparente, est\u00e1 decorado con peque\u00f1os corazones flocados en relieve que le dan un toque refinado y rom\u00e1ntico, ideal para lencer\u00eda, prendas delicadas o efectos transparentes.<\/p>\n<p>&nbsp;<\/p>\n<p><strong>Especificaciones t\u00e9cnicas:<\/strong><br \/>\nN\u00famero de cat\u00e1logo : DY68045<br \/>\nCategor\u00eda: Tejido de rejilla flocado<br \/>\nComposici\u00f3n: 88 % nailon - 12 % elast\u00e1n<br \/>\nAnchura: 152 cm<br \/>\nPeso: 55 g\/m\u00b2.<br \/>\nAspecto : Transparente, decorado con corazones rojos flocados en relieve<br \/>\nColor: rojo vivo (personalizable con c\u00f3digo Pantone)<br \/>\nUso: Lencer\u00eda, ropa de mujer, inserciones transparentes, creaciones de moda<\/p>","protected":false},"excerpt":{"rendered":"<p>Tejido de red flocado con corazones rojos, de nailon y elastano, de 152 cm de ancho y 55 g\/m\u00b2. Ligero, flexible y transparente, est\u00e1 decorado con peque\u00f1os corazones flocados en relieve que le dan un toque refinado y rom\u00e1ntico, ideal para lencer\u00eda, prendas delicadas o efectos transparentes.<\/p>\n<p>&nbsp;<\/p>\n<p><strong>Especificaciones t\u00e9cnicas:<\/strong><br \/>\nN\u00famero de cat\u00e1logo : DY68045<br \/>\nCategor\u00eda: Tejido de rejilla flocado<br \/>\nComposici\u00f3n: 88 % nailon - 12 % elast\u00e1n<br \/>\nAnchura: 152 cm<br \/>\nPeso: 55 g\/m\u00b2.<br \/>\nAspecto : Transparente, decorado con corazones rojos flocados en relieve<br \/>\nColor: rojo vivo (personalizable con c\u00f3digo Pantone)<br \/>\nUso: Lencer\u00eda, ropa de mujer, inserciones transparentes, creaciones de moda<\/p>","protected":false},"featured_media":75665,"comment_status":"open","ping_status":"closed","template":"","meta":[],"product_brand":[],"product_cat":[495,150,209,456],"product_tag":[],"class_list":{"0":"post-75670","1":"product","2":"type-product","3":"status-publish","4":"has-post-thumbnail","6":"product_cat-rouleaux-de-tissus","7":"product_cat-tissus","8":"product_cat-tissus-dentelles","9":"product_cat-tissus-pour-lingerie","11":"first","12":"instock","13":"taxable","14":"shipping-taxable","15":"purchasable","16":"product-type-simple"},"_links":{"self":[{"href":"https:\/\/staging.dyrsan.fr\/es\/wp-json\/wp\/v2\/product\/75670","targetHints":{"allow":["GET"]}}],"collection":[{"href":"https:\/\/staging.dyrsan.fr\/es\/wp-json\/wp\/v2\/product"}],"about":[{"href":"https:\/\/staging.dyrsan.fr\/es\/wp-json\/wp\/v2\/types\/product"}],"replies":[{"embeddable":true,"href":"https:\/\/staging.dyrsan.fr\/es\/wp-json\/wp\/v2\/comments?post=75670"}],"version-history":[{"count":1,"href":"https:\/\/staging.dyrsan.fr\/es\/wp-json\/wp\/v2\/product\/75670\/revisions"}],"predecessor-version":[{"id":76448,"href":"https:\/\/staging.dyrsan.fr\/es\/wp-json\/wp\/v2\/product\/75670\/revisions\/76448"}],"wp:featuredmedia":[{"embeddable":true,"href":"https:\/\/staging.dyrsan.fr\/es\/wp-json\/wp\/v2\/media\/75665"}],"wp:attachment":[{"href":"https:\/\/staging.dyrsan.fr\/es\/wp-json\/wp\/v2\/media?parent=75670"}],"wp:term":[{"taxonomy":"product_brand","embeddable":true,"href":"https:\/\/staging.dyrsan.fr\/es\/wp-json\/wp\/v2\/product_brand?post=75670"},{"taxonomy":"product_cat","embeddable":true,"href":"https:\/\/staging.dyrsan.fr\/es\/wp-json\/wp\/v2\/product_cat?post=75670"},{"taxonomy":"product_tag","embeddable":true,"href":"https:\/\/staging.dyrsan.fr\/es\/wp-json\/wp\/v2\/product_tag?post=75670"}],"curies":[{"name":"wp","href":"https:\/\/api.w.org\/{rel}","templated":true}]}}