{"id":75652,"date":"2026-04-03T13:34:43","date_gmt":"2026-04-03T13:34:43","guid":{"rendered":"https:\/\/staging.dyrsan.fr\/?post_type=product&#038;p=75652"},"modified":"2026-04-14T12:06:38","modified_gmt":"2026-04-14T12:06:38","slug":"tissu-lycra-mat-rouge-intense-extensible-haute-qualite-rouleau-50m","status":"publish","type":"product","link":"https:\/\/staging.dyrsan.fr\/es\/shop\/tissu-lycra-mat-rouge-intense-extensible-haute-qualite-rouleau-50m\/","title":{"rendered":"Lycra el\u00e1stica de alta calidad mate rojo intenso - rollo de 50M"},"content":{"rendered":"<p>Tejido el\u00e1stico de lycra de alta calidad de color rojo mate, ideal para trajes de ba\u00f1o, lencer\u00eda y ropa deportiva. Ligero y resistente, ofrece un confort excepcional, buena opacidad y total libertad de movimientos.<\/p>\n<p>&nbsp;<\/p>\n<p><strong>Especificaciones t\u00e9cnicas:<\/strong><\/p>\n<p>Referencia : DY92085B<br \/>\nComposici\u00f3n: 82 % poliamida, 18 % elast\u00e1n<br \/>\nPeso: 190 g\/m\u00b2.<br \/>\nAnchura: 150 cm<br \/>\nCouleur : Rouge mat intense (personnalisable selon le code Pantone)<br \/>\nAspecto : Liso, suave y extensible en las 4 direcciones<br \/>\nPropiedades: transpirable, secado r\u00e1pido, sujeci\u00f3n \u00f3ptima y tacto sedoso.<br \/>\nUso: Ropa de ba\u00f1o, lencer\u00eda, ropa t\u00e9cnica o deportiva<\/p>\n<p><b><img class=\"alignnone wp-image-67583\" src=\"https:\/\/staging.dyrsan.fr\/wp-content\/uploads\/2025\/08\/instru-1.jpeg\" alt=\"\" width=\"153\" height=\"42\" loading=\"lazy\" decoding=\"async\" title=\"\" srcset=\"https:\/\/staging.dyrsan.fr\/wp-content\/uploads\/2025\/08\/instru-1.jpeg 698w, https:\/\/staging.dyrsan.fr\/wp-content\/uploads\/2025\/08\/instru-1-18x5.jpeg 18w\" sizes=\"auto, (max-width: 153px) 100vw, 153px\" \/><\/b><\/p>\n<p><strong>Se venden en unidades de 50 cm de longitud<\/strong>\u00a0(Para pedir 1m seleccione 2 unidades)<\/p>","protected":false},"excerpt":{"rendered":"<p>Tejido el\u00e1stico de lycra de alta calidad de color rojo mate, ideal para trajes de ba\u00f1o, lencer\u00eda y ropa deportiva. Ligero y resistente, ofrece un confort excepcional, buena opacidad y total libertad de movimientos.<\/p>\n<p>&nbsp;<\/p>\n<p><strong>Especificaciones t\u00e9cnicas:<\/strong><\/p>\n<p>Referencia : DY92085B<br \/>\nComposici\u00f3n: 82 % poliamida, 18 % elast\u00e1n<br \/>\nPeso: 190 g\/m\u00b2.<br \/>\nAnchura: 150 cm<br \/>\nCouleur : Rouge mat intense (personnalisable selon le code Pantone)<br \/>\nAspecto : Liso, suave y extensible en las 4 direcciones<br \/>\nPropiedades: transpirable, secado r\u00e1pido, sujeci\u00f3n \u00f3ptima y tacto sedoso.<br \/>\nUso: Ropa de ba\u00f1o, lencer\u00eda, ropa t\u00e9cnica o deportiva<\/p>\n<p><b><img loading=\"lazy\" decoding=\"async\" class=\"alignnone wp-image-67583\" src=\"https:\/\/staging.dyrsan.fr\/wp-content\/uploads\/2025\/08\/instru-1.jpeg\" alt=\"\" width=\"153\" height=\"42\" srcset=\"https:\/\/staging.dyrsan.fr\/wp-content\/uploads\/2025\/08\/instru-1.jpeg 698w, https:\/\/staging.dyrsan.fr\/wp-content\/uploads\/2025\/08\/instru-1-18x5.jpeg 18w\" sizes=\"auto, (max-width: 153px) 100vw, 153px\" \/><\/b><\/p>\n<p><strong>Se venden en unidades de 50 cm de longitud<\/strong>\u00a0(Para pedir 1m seleccione 2 unidades)<\/p>","protected":false},"featured_media":75648,"comment_status":"open","ping_status":"closed","template":"","meta":[],"product_brand":[],"product_cat":[458,495,150,151],"product_tag":[],"class_list":{"0":"post-75652","1":"product","2":"type-product","3":"status-publish","4":"has-post-thumbnail","6":"product_cat-dernieres-pieces","7":"product_cat-rouleaux-de-tissus","8":"product_cat-tissus","9":"product_cat-tissus-lycra-extensibles","11":"first","12":"instock","13":"taxable","14":"shipping-taxable","15":"purchasable","16":"product-type-simple"},"_links":{"self":[{"href":"https:\/\/staging.dyrsan.fr\/es\/wp-json\/wp\/v2\/product\/75652","targetHints":{"allow":["GET"]}}],"collection":[{"href":"https:\/\/staging.dyrsan.fr\/es\/wp-json\/wp\/v2\/product"}],"about":[{"href":"https:\/\/staging.dyrsan.fr\/es\/wp-json\/wp\/v2\/types\/product"}],"replies":[{"embeddable":true,"href":"https:\/\/staging.dyrsan.fr\/es\/wp-json\/wp\/v2\/comments?post=75652"}],"version-history":[{"count":1,"href":"https:\/\/staging.dyrsan.fr\/es\/wp-json\/wp\/v2\/product\/75652\/revisions"}],"predecessor-version":[{"id":76451,"href":"https:\/\/staging.dyrsan.fr\/es\/wp-json\/wp\/v2\/product\/75652\/revisions\/76451"}],"wp:featuredmedia":[{"embeddable":true,"href":"https:\/\/staging.dyrsan.fr\/es\/wp-json\/wp\/v2\/media\/75648"}],"wp:attachment":[{"href":"https:\/\/staging.dyrsan.fr\/es\/wp-json\/wp\/v2\/media?parent=75652"}],"wp:term":[{"taxonomy":"product_brand","embeddable":true,"href":"https:\/\/staging.dyrsan.fr\/es\/wp-json\/wp\/v2\/product_brand?post=75652"},{"taxonomy":"product_cat","embeddable":true,"href":"https:\/\/staging.dyrsan.fr\/es\/wp-json\/wp\/v2\/product_cat?post=75652"},{"taxonomy":"product_tag","embeddable":true,"href":"https:\/\/staging.dyrsan.fr\/es\/wp-json\/wp\/v2\/product_tag?post=75652"}],"curies":[{"name":"wp","href":"https:\/\/api.w.org\/{rel}","templated":true}]}}