{"id":75636,"date":"2026-04-03T13:33:51","date_gmt":"2026-04-03T13:33:51","guid":{"rendered":"https:\/\/staging.dyrsan.fr\/?post_type=product&#038;p=75636"},"modified":"2026-04-14T12:06:50","modified_gmt":"2026-04-14T12:06:50","slug":"maille-en-jacquard-resille-rouge-motif-coeur-rouleau-50m","status":"publish","type":"product","link":"https:\/\/staging.dyrsan.fr\/es\/shop\/maille-en-jacquard-resille-rouge-motif-coeur-rouleau-50m\/","title":{"rendered":"Red jacquard roja con motivo de coraz\u00f3n - rollo de 50M"},"content":{"rendered":"<p>Red jacquard roja con motivo de coraz\u00f3n, ligera y el\u00e1stica. Este punto de rejilla rojo cuenta con la certificaci\u00f3n OEKO-TEX\u00ae y es adecuado para creaciones de lencer\u00eda y piezas delicadas.<\/p>\n<p>&nbsp;<\/p>\n<p><strong>Especificaciones t\u00e9cnicas:<\/strong><br \/>\nN\u00famero de cat\u00e1logo : DY91577<br \/>\nComposici\u00f3n: 84 % nailon, 16 % elast\u00e1n<br \/>\nPeso: 93 g\/m\u00b2.<br \/>\nAnchura: 130 cm<br \/>\nCertificaci\u00f3n: OEKO-TEX<br \/>\nUso : lencer\u00eda<br \/>\nOrigen : China<\/p>","protected":false},"excerpt":{"rendered":"<p>Red jacquard roja con motivo de coraz\u00f3n, ligera y el\u00e1stica. Este punto de rejilla rojo cuenta con la certificaci\u00f3n OEKO-TEX\u00ae y es adecuado para creaciones de lencer\u00eda y piezas delicadas.<\/p>\n<p>&nbsp;<\/p>\n<p><strong>Especificaciones t\u00e9cnicas:<\/strong><br \/>\nN\u00famero de cat\u00e1logo : DY91577<br \/>\nComposici\u00f3n: 84 % nailon, 16 % elast\u00e1n<br \/>\nPeso: 93 g\/m\u00b2.<br \/>\nAnchura: 130 cm<br \/>\nCertificaci\u00f3n: OEKO-TEX<br \/>\nUso : lencer\u00eda<br \/>\nOrigen : China<\/p>","protected":false},"featured_media":75633,"comment_status":"open","ping_status":"closed","template":"","meta":[],"product_brand":[],"product_cat":[495,150,209,184,179],"product_tag":[],"class_list":{"0":"post-75636","1":"product","2":"type-product","3":"status-publish","4":"has-post-thumbnail","6":"product_cat-rouleaux-de-tissus","7":"product_cat-tissus","8":"product_cat-tissus-dentelles","9":"product_cat-tissus-eco-responsables","10":"product_cat-tissus-resilles","12":"first","13":"instock","14":"taxable","15":"shipping-taxable","16":"purchasable","17":"product-type-simple"},"_links":{"self":[{"href":"https:\/\/staging.dyrsan.fr\/es\/wp-json\/wp\/v2\/product\/75636","targetHints":{"allow":["GET"]}}],"collection":[{"href":"https:\/\/staging.dyrsan.fr\/es\/wp-json\/wp\/v2\/product"}],"about":[{"href":"https:\/\/staging.dyrsan.fr\/es\/wp-json\/wp\/v2\/types\/product"}],"replies":[{"embeddable":true,"href":"https:\/\/staging.dyrsan.fr\/es\/wp-json\/wp\/v2\/comments?post=75636"}],"version-history":[{"count":1,"href":"https:\/\/staging.dyrsan.fr\/es\/wp-json\/wp\/v2\/product\/75636\/revisions"}],"predecessor-version":[{"id":76455,"href":"https:\/\/staging.dyrsan.fr\/es\/wp-json\/wp\/v2\/product\/75636\/revisions\/76455"}],"wp:featuredmedia":[{"embeddable":true,"href":"https:\/\/staging.dyrsan.fr\/es\/wp-json\/wp\/v2\/media\/75633"}],"wp:attachment":[{"href":"https:\/\/staging.dyrsan.fr\/es\/wp-json\/wp\/v2\/media?parent=75636"}],"wp:term":[{"taxonomy":"product_brand","embeddable":true,"href":"https:\/\/staging.dyrsan.fr\/es\/wp-json\/wp\/v2\/product_brand?post=75636"},{"taxonomy":"product_cat","embeddable":true,"href":"https:\/\/staging.dyrsan.fr\/es\/wp-json\/wp\/v2\/product_cat?post=75636"},{"taxonomy":"product_tag","embeddable":true,"href":"https:\/\/staging.dyrsan.fr\/es\/wp-json\/wp\/v2\/product_tag?post=75636"}],"curies":[{"name":"wp","href":"https:\/\/api.w.org\/{rel}","templated":true}]}}