{"id":75613,"date":"2026-04-03T13:32:42","date_gmt":"2026-04-03T13:32:42","guid":{"rendered":"https:\/\/staging.dyrsan.fr\/?post_type=product&#038;p=75613"},"modified":"2026-04-14T12:07:07","modified_gmt":"2026-04-14T12:07:07","slug":"maille-jacquard-douce-a-rayures-texturees-rouleau-50m","status":"publish","type":"product","link":"https:\/\/staging.dyrsan.fr\/es\/shop\/maille-jacquard-douce-a-rayures-texturees-rouleau-50m\/","title":{"rendered":"Maille jacquard douce \u00e0 rayures textur\u00e9es \u2014 Rouleau 50M"},"content":{"rendered":"<p>Maille jacquard douce \u00e0 rayures textur\u00e9es, certifi\u00e9e OEKO-TEX\u00ae, offrant un toucher souple et un rendu \u00e9l\u00e9gant. Cette maille jacquard extensible est id\u00e9ale pour la confection de maillots de bain raffin\u00e9s et de pi\u00e8ces swimwear \u00e0 l\u2019esth\u00e9tique moderne.<\/p>\n<p>&nbsp;<\/p>\n<p><strong>Especificaciones t\u00e9cnicas:<\/strong><br \/>\nR\u00e9f\u00e9rence : DY98102<br \/>\nComposition : 82 % nylon, 18 % spandex<br \/>\nPoids : 185 g\/m\u00b2<br \/>\nLargeur : 165 cm<br \/>\nLongueur du rouleau : 158 cm<br \/>\nColor: personalizable seg\u00fan c\u00f3digo Pantone<br \/>\nCertificaci\u00f3n: OEKO-TEX<br \/>\nAspect : maille jacquard \u00e0 rayures textur\u00e9es<br \/>\nPropri\u00e9t\u00e9s : douce, extensible<br \/>\nUtilisation : maillots de bain, swimwear \u00e9l\u00e9gant<br \/>\nOrigen: China<\/p>","protected":false},"excerpt":{"rendered":"<p>Maille jacquard douce \u00e0 rayures textur\u00e9es, certifi\u00e9e OEKO-TEX\u00ae, offrant un toucher souple et un rendu \u00e9l\u00e9gant. Cette maille jacquard extensible est id\u00e9ale pour la confection de maillots de bain raffin\u00e9s et de pi\u00e8ces swimwear \u00e0 l\u2019esth\u00e9tique moderne.<\/p>\n<p>&nbsp;<\/p>\n<p><strong>Especificaciones t\u00e9cnicas:<\/strong><br \/>\nR\u00e9f\u00e9rence : DY98102<br \/>\nComposition : 82 % nylon, 18 % spandex<br \/>\nPoids : 185 g\/m\u00b2<br \/>\nLargeur : 165 cm<br \/>\nLongueur du rouleau : 158 cm<br \/>\nColor: personalizable seg\u00fan c\u00f3digo Pantone<br \/>\nCertificaci\u00f3n: OEKO-TEX<br \/>\nAspect : maille jacquard \u00e0 rayures textur\u00e9es<br \/>\nPropri\u00e9t\u00e9s : douce, extensible<br \/>\nUtilisation : maillots de bain, swimwear \u00e9l\u00e9gant<br \/>\nOrigen: China<\/p>","protected":false},"featured_media":75610,"comment_status":"open","ping_status":"closed","template":"","meta":[],"product_brand":[],"product_cat":[495,150,180],"product_tag":[],"class_list":{"0":"post-75613","1":"product","2":"type-product","3":"status-publish","4":"has-post-thumbnail","6":"product_cat-rouleaux-de-tissus","7":"product_cat-tissus","8":"product_cat-tissus-mailles-jacquard","10":"first","11":"instock","12":"taxable","13":"shipping-taxable","14":"purchasable","15":"product-type-simple"},"_links":{"self":[{"href":"https:\/\/staging.dyrsan.fr\/es\/wp-json\/wp\/v2\/product\/75613","targetHints":{"allow":["GET"]}}],"collection":[{"href":"https:\/\/staging.dyrsan.fr\/es\/wp-json\/wp\/v2\/product"}],"about":[{"href":"https:\/\/staging.dyrsan.fr\/es\/wp-json\/wp\/v2\/types\/product"}],"replies":[{"embeddable":true,"href":"https:\/\/staging.dyrsan.fr\/es\/wp-json\/wp\/v2\/comments?post=75613"}],"version-history":[{"count":1,"href":"https:\/\/staging.dyrsan.fr\/es\/wp-json\/wp\/v2\/product\/75613\/revisions"}],"predecessor-version":[{"id":76461,"href":"https:\/\/staging.dyrsan.fr\/es\/wp-json\/wp\/v2\/product\/75613\/revisions\/76461"}],"wp:featuredmedia":[{"embeddable":true,"href":"https:\/\/staging.dyrsan.fr\/es\/wp-json\/wp\/v2\/media\/75610"}],"wp:attachment":[{"href":"https:\/\/staging.dyrsan.fr\/es\/wp-json\/wp\/v2\/media?parent=75613"}],"wp:term":[{"taxonomy":"product_brand","embeddable":true,"href":"https:\/\/staging.dyrsan.fr\/es\/wp-json\/wp\/v2\/product_brand?post=75613"},{"taxonomy":"product_cat","embeddable":true,"href":"https:\/\/staging.dyrsan.fr\/es\/wp-json\/wp\/v2\/product_cat?post=75613"},{"taxonomy":"product_tag","embeddable":true,"href":"https:\/\/staging.dyrsan.fr\/es\/wp-json\/wp\/v2\/product_tag?post=75613"}],"curies":[{"name":"wp","href":"https:\/\/api.w.org\/{rel}","templated":true}]}}