{"id":75576,"date":"2026-04-03T13:30:46","date_gmt":"2026-04-03T13:30:46","guid":{"rendered":"https:\/\/staging.dyrsan.fr\/?post_type=product&#038;p=75576"},"modified":"2026-04-14T12:07:36","modified_gmt":"2026-04-14T12:07:36","slug":"tissu-microfibre-extensible-blanc-casse-rouleau-50m","status":"publish","type":"product","link":"https:\/\/staging.dyrsan.fr\/es\/shop\/tissu-microfibre-extensible-blanc-casse-rouleau-50m\/","title":{"rendered":"Tissu microfibre extensible blanc cass\u00e9 \u2014 Rouleau 50M"},"content":{"rendered":"<p>Tissu microfibre extensible blanc cass\u00e9, certifi\u00e9 OEKO-TEX\u00ae. Ce tissu microfibre extensible offre un toucher doux, une excellente \u00e9lasticit\u00e9 et un bon maintien. Il est id\u00e9al pour la confection de lingerie, maillots de bain, doublures et v\u00eatements techniques n\u00e9cessitant confort et performance.<\/p>\n<p>&nbsp;<\/p>\n<p><strong>Especificaciones t\u00e9cnicas:<\/strong><br \/>\nR\u00e9f\u00e9rence : DY97371<br \/>\nComposition : 66 % nylon, 34 % spandex<br \/>\nPoids : 150 g\/m\u00b2<br \/>\nAnchura: 160 cm<br \/>\nLongueur du rouleau : 155 cm<br \/>\nCouleur : blanc cass\u00e9 (personnalisable selon code Pantone)<br \/>\nCertificaci\u00f3n: OEKO-TEX<br \/>\nAspect : microfibre lisse<br \/>\nPropri\u00e9t\u00e9s : extensible, doux, confortable<br \/>\nUtilisation : lingerie, doublure, swimwear, v\u00eatements techniques<\/p>","protected":false},"excerpt":{"rendered":"<p>Tissu microfibre extensible blanc cass\u00e9, certifi\u00e9 OEKO-TEX\u00ae. Ce tissu microfibre extensible offre un toucher doux, une excellente \u00e9lasticit\u00e9 et un bon maintien. Il est id\u00e9al pour la confection de lingerie, maillots de bain, doublures et v\u00eatements techniques n\u00e9cessitant confort et performance.<\/p>\n<p>&nbsp;<\/p>\n<p><strong>Especificaciones t\u00e9cnicas:<\/strong><br \/>\nR\u00e9f\u00e9rence : DY97371<br \/>\nComposition : 66 % nylon, 34 % spandex<br \/>\nPoids : 150 g\/m\u00b2<br \/>\nAnchura: 160 cm<br \/>\nLongueur du rouleau : 155 cm<br \/>\nCouleur : blanc cass\u00e9 (personnalisable selon code Pantone)<br \/>\nCertificaci\u00f3n: OEKO-TEX<br \/>\nAspect : microfibre lisse<br \/>\nPropri\u00e9t\u00e9s : extensible, doux, confortable<br \/>\nUtilisation : lingerie, doublure, swimwear, v\u00eatements techniques<\/p>","protected":false},"featured_media":75573,"comment_status":"open","ping_status":"closed","template":"","meta":[],"product_brand":[],"product_cat":[495,150,178],"product_tag":[],"class_list":{"0":"post-75576","1":"product","2":"type-product","3":"status-publish","4":"has-post-thumbnail","6":"product_cat-rouleaux-de-tissus","7":"product_cat-tissus","8":"product_cat-tissus-microfibres","10":"first","11":"instock","12":"taxable","13":"shipping-taxable","14":"purchasable","15":"product-type-simple"},"_links":{"self":[{"href":"https:\/\/staging.dyrsan.fr\/es\/wp-json\/wp\/v2\/product\/75576","targetHints":{"allow":["GET"]}}],"collection":[{"href":"https:\/\/staging.dyrsan.fr\/es\/wp-json\/wp\/v2\/product"}],"about":[{"href":"https:\/\/staging.dyrsan.fr\/es\/wp-json\/wp\/v2\/types\/product"}],"replies":[{"embeddable":true,"href":"https:\/\/staging.dyrsan.fr\/es\/wp-json\/wp\/v2\/comments?post=75576"}],"version-history":[{"count":1,"href":"https:\/\/staging.dyrsan.fr\/es\/wp-json\/wp\/v2\/product\/75576\/revisions"}],"predecessor-version":[{"id":76471,"href":"https:\/\/staging.dyrsan.fr\/es\/wp-json\/wp\/v2\/product\/75576\/revisions\/76471"}],"wp:featuredmedia":[{"embeddable":true,"href":"https:\/\/staging.dyrsan.fr\/es\/wp-json\/wp\/v2\/media\/75573"}],"wp:attachment":[{"href":"https:\/\/staging.dyrsan.fr\/es\/wp-json\/wp\/v2\/media?parent=75576"}],"wp:term":[{"taxonomy":"product_brand","embeddable":true,"href":"https:\/\/staging.dyrsan.fr\/es\/wp-json\/wp\/v2\/product_brand?post=75576"},{"taxonomy":"product_cat","embeddable":true,"href":"https:\/\/staging.dyrsan.fr\/es\/wp-json\/wp\/v2\/product_cat?post=75576"},{"taxonomy":"product_tag","embeddable":true,"href":"https:\/\/staging.dyrsan.fr\/es\/wp-json\/wp\/v2\/product_tag?post=75576"}],"curies":[{"name":"wp","href":"https:\/\/api.w.org\/{rel}","templated":true}]}}