{"id":75561,"date":"2026-04-03T13:29:57","date_gmt":"2026-04-03T13:29:57","guid":{"rendered":"https:\/\/staging.dyrsan.fr\/?post_type=product&#038;p=75561"},"modified":"2026-04-14T12:07:48","modified_gmt":"2026-04-14T12:07:48","slug":"tissu-resille-extensible-a-rayures-nude-rouleau-50m","status":"publish","type":"product","link":"https:\/\/staging.dyrsan.fr\/es\/shop\/tissu-resille-extensible-a-rayures-nude-rouleau-50m\/","title":{"rendered":"Tissu r\u00e9sille extensible \u00e0 rayures nude \u2014 Rouleau 50M"},"content":{"rendered":"<p>Tissu r\u00e9sille extensible \u00e0 rayures nude, l\u00e9ger et fluide. Ce tissu en r\u00e9sille extensible offre une transparence raffin\u00e9e et une grande souplesse, id\u00e9al pour la confection de lingerie d\u00e9licate, pi\u00e8ces mode et cr\u00e9ations techniques n\u00e9cessitant finesse et \u00e9lasticit\u00e9.<\/p>\n<p>&nbsp;<\/p>\n<p><strong>Especificaciones t\u00e9cnicas:<\/strong><br \/>\nR\u00e9f\u00e9rence : DY92729<br \/>\nComposition : 82 % nylon, 18 % spandex<br \/>\nPoids : 104 g\/m\u00b2<br \/>\nAnchura: 150 cm<br \/>\nCouleur : nude (personnalisable selon code Pantone)<br \/>\nAspect : r\u00e9sille \u00e0 rayures fines<br \/>\nPropiedades: extensible<br \/>\nUtilisation : lingerie, d\u00e9tails mode, doublures l\u00e9g\u00e8res, pi\u00e8ces cr\u00e9atives<br \/>\nOrigen : China<\/p>","protected":false},"excerpt":{"rendered":"<p>Tissu r\u00e9sille extensible \u00e0 rayures nude, l\u00e9ger et fluide. Ce tissu en r\u00e9sille extensible offre une transparence raffin\u00e9e et une grande souplesse, id\u00e9al pour la confection de lingerie d\u00e9licate, pi\u00e8ces mode et cr\u00e9ations techniques n\u00e9cessitant finesse et \u00e9lasticit\u00e9.<\/p>\n<p>&nbsp;<\/p>\n<p><strong>Especificaciones t\u00e9cnicas:<\/strong><br \/>\nR\u00e9f\u00e9rence : DY92729<br \/>\nComposition : 82 % nylon, 18 % spandex<br \/>\nPoids : 104 g\/m\u00b2<br \/>\nAnchura: 150 cm<br \/>\nCouleur : nude<br \/>\nAspect : r\u00e9sille \u00e0 rayures fines<br \/>\nPropiedades: extensible<br \/>\nUtilisation : lingerie, d\u00e9tails mode, doublures l\u00e9g\u00e8res, pi\u00e8ces cr\u00e9atives<br \/>\nOrigen : China<\/p>","protected":false},"featured_media":75560,"comment_status":"open","ping_status":"closed","template":"","meta":[],"product_brand":[],"product_cat":[495,150,179],"product_tag":[],"class_list":{"0":"post-75561","1":"product","2":"type-product","3":"status-publish","4":"has-post-thumbnail","6":"product_cat-rouleaux-de-tissus","7":"product_cat-tissus","8":"product_cat-tissus-resilles","10":"first","11":"instock","12":"taxable","13":"shipping-taxable","14":"purchasable","15":"product-type-simple"},"_links":{"self":[{"href":"https:\/\/staging.dyrsan.fr\/es\/wp-json\/wp\/v2\/product\/75561","targetHints":{"allow":["GET"]}}],"collection":[{"href":"https:\/\/staging.dyrsan.fr\/es\/wp-json\/wp\/v2\/product"}],"about":[{"href":"https:\/\/staging.dyrsan.fr\/es\/wp-json\/wp\/v2\/types\/product"}],"replies":[{"embeddable":true,"href":"https:\/\/staging.dyrsan.fr\/es\/wp-json\/wp\/v2\/comments?post=75561"}],"version-history":[{"count":1,"href":"https:\/\/staging.dyrsan.fr\/es\/wp-json\/wp\/v2\/product\/75561\/revisions"}],"predecessor-version":[{"id":76475,"href":"https:\/\/staging.dyrsan.fr\/es\/wp-json\/wp\/v2\/product\/75561\/revisions\/76475"}],"wp:featuredmedia":[{"embeddable":true,"href":"https:\/\/staging.dyrsan.fr\/es\/wp-json\/wp\/v2\/media\/75560"}],"wp:attachment":[{"href":"https:\/\/staging.dyrsan.fr\/es\/wp-json\/wp\/v2\/media?parent=75561"}],"wp:term":[{"taxonomy":"product_brand","embeddable":true,"href":"https:\/\/staging.dyrsan.fr\/es\/wp-json\/wp\/v2\/product_brand?post=75561"},{"taxonomy":"product_cat","embeddable":true,"href":"https:\/\/staging.dyrsan.fr\/es\/wp-json\/wp\/v2\/product_cat?post=75561"},{"taxonomy":"product_tag","embeddable":true,"href":"https:\/\/staging.dyrsan.fr\/es\/wp-json\/wp\/v2\/product_tag?post=75561"}],"curies":[{"name":"wp","href":"https:\/\/api.w.org\/{rel}","templated":true}]}}