{"id":75552,"date":"2026-04-03T13:29:29","date_gmt":"2026-04-03T13:29:29","guid":{"rendered":"https:\/\/staging.dyrsan.fr\/?post_type=product&#038;p=75552"},"modified":"2026-04-14T12:07:57","modified_gmt":"2026-04-14T12:07:57","slug":"tissu-microfibre-extensible-rouleau-50m","status":"publish","type":"product","link":"https:\/\/staging.dyrsan.fr\/es\/shop\/tissu-microfibre-extensible-rouleau-50m\/","title":{"rendered":"Tissu microfibre extensible \u2014 Rouleau 50M"},"content":{"rendered":"<p>Un tejido de microfibra el\u00e1stica certificado OEKO-TEX\u00ae, ligero y fluido, ideal para lencer\u00eda, trajes de ba\u00f1o y prendas t\u00e9cnicas. Su textura suave al tacto y su elasticidad garantizan comodidad y durabilidad para creaciones de calidad.<\/p>\n<p>&nbsp;<\/p>\n<p><strong>Especificaciones t\u00e9cnicas :<\/strong><br \/>\nN\u00famero de cat\u00e1logo : DY97243<br \/>\nComposici\u00f3n: 87 % poli\u00e9ster, 13 % elast\u00e1n<br \/>\nPeso: 120 g\/m\u00b2.<br \/>\nTalla: 145 cm<br \/>\nColor: Ciruela (personalizable con c\u00f3digo Pantone)<br \/>\nCertificaci\u00f3n: OEKO-TEX\u00ae Standard 100<br \/>\nAspecto: suave, fino y el\u00e1stico<br \/>\nCaracter\u00edsticas: flexible, transpirable, secado r\u00e1pido, el\u00e1stico en 4 direcciones<br \/>\nUso: lencer\u00eda, forro, trajes de ba\u00f1o, ropa deportiva o de baile<br \/>\nCuidados: lavar a 30\u00b0C, no usar lej\u00eda, planchar suavemente<\/p>","protected":false},"excerpt":{"rendered":"<p>Un tejido de microfibra el\u00e1stica certificado OEKO-TEX\u00ae, ligero y fluido, ideal para lencer\u00eda, trajes de ba\u00f1o y prendas t\u00e9cnicas. Su textura suave al tacto y su elasticidad garantizan comodidad y durabilidad para creaciones de calidad.<\/p>\n<p>&nbsp;<\/p>\n<p><strong>Especificaciones t\u00e9cnicas :<\/strong><br \/>\nN\u00famero de cat\u00e1logo : DY97243<br \/>\nComposici\u00f3n: 87 % poli\u00e9ster, 13 % elast\u00e1n<br \/>\nPeso: 120 g\/m\u00b2.<br \/>\nTalla: 145 cm<br \/>\nColor: Ciruela (personalizable con c\u00f3digo Pantone)<br \/>\nCertificaci\u00f3n: OEKO-TEX\u00ae Standard 100<br \/>\nAspecto: suave, fino y el\u00e1stico<br \/>\nCaracter\u00edsticas: flexible, transpirable, secado r\u00e1pido, el\u00e1stico en 4 direcciones<br \/>\nUso: lencer\u00eda, forro, trajes de ba\u00f1o, ropa deportiva o de baile<br \/>\nCuidados: lavar a 30\u00b0C, no usar lej\u00eda, planchar suavemente<\/p>","protected":false},"featured_media":75549,"comment_status":"open","ping_status":"closed","template":"","meta":[],"product_brand":[],"product_cat":[495,150,178],"product_tag":[],"class_list":{"0":"post-75552","1":"product","2":"type-product","3":"status-publish","4":"has-post-thumbnail","6":"product_cat-rouleaux-de-tissus","7":"product_cat-tissus","8":"product_cat-tissus-microfibres","10":"first","11":"instock","12":"taxable","13":"shipping-taxable","14":"purchasable","15":"product-type-simple"},"_links":{"self":[{"href":"https:\/\/staging.dyrsan.fr\/es\/wp-json\/wp\/v2\/product\/75552","targetHints":{"allow":["GET"]}}],"collection":[{"href":"https:\/\/staging.dyrsan.fr\/es\/wp-json\/wp\/v2\/product"}],"about":[{"href":"https:\/\/staging.dyrsan.fr\/es\/wp-json\/wp\/v2\/types\/product"}],"replies":[{"embeddable":true,"href":"https:\/\/staging.dyrsan.fr\/es\/wp-json\/wp\/v2\/comments?post=75552"}],"version-history":[{"count":1,"href":"https:\/\/staging.dyrsan.fr\/es\/wp-json\/wp\/v2\/product\/75552\/revisions"}],"predecessor-version":[{"id":76478,"href":"https:\/\/staging.dyrsan.fr\/es\/wp-json\/wp\/v2\/product\/75552\/revisions\/76478"}],"wp:featuredmedia":[{"embeddable":true,"href":"https:\/\/staging.dyrsan.fr\/es\/wp-json\/wp\/v2\/media\/75549"}],"wp:attachment":[{"href":"https:\/\/staging.dyrsan.fr\/es\/wp-json\/wp\/v2\/media?parent=75552"}],"wp:term":[{"taxonomy":"product_brand","embeddable":true,"href":"https:\/\/staging.dyrsan.fr\/es\/wp-json\/wp\/v2\/product_brand?post=75552"},{"taxonomy":"product_cat","embeddable":true,"href":"https:\/\/staging.dyrsan.fr\/es\/wp-json\/wp\/v2\/product_cat?post=75552"},{"taxonomy":"product_tag","embeddable":true,"href":"https:\/\/staging.dyrsan.fr\/es\/wp-json\/wp\/v2\/product_tag?post=75552"}],"curies":[{"name":"wp","href":"https:\/\/api.w.org\/{rel}","templated":true}]}}