{"id":75539,"date":"2026-04-03T13:28:55","date_gmt":"2026-04-03T13:28:55","guid":{"rendered":"https:\/\/staging.dyrsan.fr\/?post_type=product&#038;p=75539"},"modified":"2026-04-14T12:08:02","modified_gmt":"2026-04-14T12:08:02","slug":"tissu-nude-effet-cashmere-silk-rouleau-50m","status":"publish","type":"product","link":"https:\/\/staging.dyrsan.fr\/es\/shop\/tissu-nude-effet-cashmere-silk-rouleau-50m\/","title":{"rendered":"Tissu nude effet cashmere silk \u2014 Rouleau 50M"},"content":{"rendered":"<p>Tissu nude effet cashmere silk, doux et enveloppant, offrant un toucher soyeux et une belle tenue. Ce textile technique \u00e0 base de polyester, viscose et fibres extensibles combine confort, \u00e9l\u00e9gance et performance, id\u00e9al pour la lingerie, le homewear ou les pi\u00e8ces seconde peau \u00e0 l\u2019esth\u00e9tique raffin\u00e9e.<\/p>\n<p>&nbsp;<\/p>\n<p><strong>Especificaciones t\u00e9cnicas:<\/strong><br \/>\nR\u00e9f\u00e9rence : DY72252<br \/>\nComposition : m\u00e9lange polyester \/ viscose \/ coton \/ spandex (base polyester majoritaire, fibres extensibles)<br \/>\nPoids : 270 g\/m\u00b2<br \/>\nLargeur : 185 cm<br \/>\nCouleur : nude (personnalisable selon le code Pantone)<br \/>\nAspect : jersey lisse, toucher soyeux<br \/>\nPropri\u00e9t\u00e9s : extensible, doux, confortable, bonne tenue<br \/>\nUtilisation : lingerie, homewear, v\u00eatements pr\u00e8s du corps, pi\u00e8ces confort premium<br \/>\nOrigen: China<\/p>","protected":false},"excerpt":{"rendered":"<p>Tissu nude effet cashmere silk, doux et enveloppant, offrant un toucher soyeux et une belle tenue. Ce textile technique \u00e0 base de polyester, viscose et fibres extensibles combine confort, \u00e9l\u00e9gance et performance, id\u00e9al pour la lingerie, le homewear ou les pi\u00e8ces seconde peau \u00e0 l\u2019esth\u00e9tique raffin\u00e9e.<\/p>\n<p>&nbsp;<\/p>\n<p><strong>Especificaciones t\u00e9cnicas:<\/strong><br \/>\nR\u00e9f\u00e9rence : DY72252<br \/>\nComposition : m\u00e9lange polyester \/ viscose \/ coton \/ spandex (base polyester majoritaire, fibres extensibles)<br \/>\nPoids : 270 g\/m\u00b2<br \/>\nLargeur : 185 cm<br \/>\nCouleur : nude (personnalisable selon le code Pantone)<br \/>\nAspect : jersey lisse, toucher soyeux<br \/>\nPropri\u00e9t\u00e9s : extensible, doux, confortable, bonne tenue<br \/>\nUtilisation : lingerie, homewear, v\u00eatements pr\u00e8s du corps, pi\u00e8ces confort premium<br \/>\nOrigen: China<\/p>","protected":false},"featured_media":75536,"comment_status":"open","ping_status":"closed","template":"","meta":[],"product_brand":[],"product_cat":[495,150,197,250],"product_tag":[],"class_list":{"0":"post-75539","1":"product","2":"type-product","3":"status-publish","4":"has-post-thumbnail","6":"product_cat-rouleaux-de-tissus","7":"product_cat-tissus","8":"product_cat-tissus-recycles","9":"product_cat-tissus-velours","11":"first","12":"instock","13":"taxable","14":"shipping-taxable","15":"purchasable","16":"product-type-simple"},"_links":{"self":[{"href":"https:\/\/staging.dyrsan.fr\/es\/wp-json\/wp\/v2\/product\/75539","targetHints":{"allow":["GET"]}}],"collection":[{"href":"https:\/\/staging.dyrsan.fr\/es\/wp-json\/wp\/v2\/product"}],"about":[{"href":"https:\/\/staging.dyrsan.fr\/es\/wp-json\/wp\/v2\/types\/product"}],"replies":[{"embeddable":true,"href":"https:\/\/staging.dyrsan.fr\/es\/wp-json\/wp\/v2\/comments?post=75539"}],"version-history":[{"count":1,"href":"https:\/\/staging.dyrsan.fr\/es\/wp-json\/wp\/v2\/product\/75539\/revisions"}],"predecessor-version":[{"id":76480,"href":"https:\/\/staging.dyrsan.fr\/es\/wp-json\/wp\/v2\/product\/75539\/revisions\/76480"}],"wp:featuredmedia":[{"embeddable":true,"href":"https:\/\/staging.dyrsan.fr\/es\/wp-json\/wp\/v2\/media\/75536"}],"wp:attachment":[{"href":"https:\/\/staging.dyrsan.fr\/es\/wp-json\/wp\/v2\/media?parent=75539"}],"wp:term":[{"taxonomy":"product_brand","embeddable":true,"href":"https:\/\/staging.dyrsan.fr\/es\/wp-json\/wp\/v2\/product_brand?post=75539"},{"taxonomy":"product_cat","embeddable":true,"href":"https:\/\/staging.dyrsan.fr\/es\/wp-json\/wp\/v2\/product_cat?post=75539"},{"taxonomy":"product_tag","embeddable":true,"href":"https:\/\/staging.dyrsan.fr\/es\/wp-json\/wp\/v2\/product_tag?post=75539"}],"curies":[{"name":"wp","href":"https:\/\/api.w.org\/{rel}","templated":true}]}}