{"id":75518,"date":"2026-04-03T13:27:47","date_gmt":"2026-04-03T13:27:47","guid":{"rendered":"https:\/\/staging.dyrsan.fr\/?post_type=product&#038;p=75518"},"modified":"2026-04-14T12:08:23","modified_gmt":"2026-04-14T12:08:23","slug":"tissu-tricot-uni-en-nylon-violet-rouleau-50m","status":"publish","type":"product","link":"https:\/\/staging.dyrsan.fr\/es\/shop\/tissu-tricot-uni-en-nylon-violet-rouleau-50m\/","title":{"rendered":"Tissu tricot uni en nylon violet \u2014 Rouleau 50M"},"content":{"rendered":"<p>Tissu tricot uni en nylon violet, l\u00e9ger et fluide. Ce tissu tricot pr\u00e9sente un toucher doux, une belle r\u00e9gularit\u00e9 de maille et une grande l\u00e9g\u00e8ret\u00e9, id\u00e9al pour la confection de lingerie, doublures ou pi\u00e8ces textiles fines n\u00e9cessitant confort et souplesse.<\/p>\n<p>&nbsp;<\/p>\n<p><strong>Especificaciones t\u00e9cnicas:<\/strong><br \/>\nR\u00e9f\u00e9rence : DY97989<br \/>\nComposition : 100 % nylon<br \/>\nPoids : 78 g\/m\u00b2<br \/>\nAnchura: 152 cm<br \/>\nCouleur : violet (personnalisable selon le code Pantone)<br \/>\nAspect : tricot uni (plain tricot)<br \/>\nPropri\u00e9t\u00e9s : l\u00e9ger, souple, fluide<br \/>\nUtilisation : lingerie, doublure, v\u00eatements l\u00e9gers<\/p>","protected":false},"excerpt":{"rendered":"<p>Tissu tricot uni en nylon violet, l\u00e9ger et fluide. Ce tissu tricot pr\u00e9sente un toucher doux, une belle r\u00e9gularit\u00e9 de maille et une grande l\u00e9g\u00e8ret\u00e9, id\u00e9al pour la confection de lingerie, doublures ou pi\u00e8ces textiles fines n\u00e9cessitant confort et souplesse.<\/p>\n<p>&nbsp;<\/p>\n<p><strong>Especificaciones t\u00e9cnicas:<\/strong><br \/>\nR\u00e9f\u00e9rence : DY97989<br \/>\nComposition : 100 % nylon<br \/>\nPoids : 78 g\/m\u00b2<br \/>\nAnchura: 152 cm<br \/>\nCouleur : violet (personnalisable selon le code Pantone)<br \/>\nAspect : tricot uni (plain tricot)<br \/>\nPropri\u00e9t\u00e9s : l\u00e9ger, souple, fluide<br \/>\nUtilisation : lingerie, doublure, v\u00eatements l\u00e9gers<\/p>","protected":false},"featured_media":75515,"comment_status":"open","ping_status":"closed","template":"","meta":[],"product_brand":[],"product_cat":[495,150,184,197],"product_tag":[],"class_list":{"0":"post-75518","1":"product","2":"type-product","3":"status-publish","4":"has-post-thumbnail","6":"product_cat-rouleaux-de-tissus","7":"product_cat-tissus","8":"product_cat-tissus-eco-responsables","9":"product_cat-tissus-recycles","11":"first","12":"instock","13":"taxable","14":"shipping-taxable","15":"purchasable","16":"product-type-simple"},"_links":{"self":[{"href":"https:\/\/staging.dyrsan.fr\/es\/wp-json\/wp\/v2\/product\/75518","targetHints":{"allow":["GET"]}}],"collection":[{"href":"https:\/\/staging.dyrsan.fr\/es\/wp-json\/wp\/v2\/product"}],"about":[{"href":"https:\/\/staging.dyrsan.fr\/es\/wp-json\/wp\/v2\/types\/product"}],"replies":[{"embeddable":true,"href":"https:\/\/staging.dyrsan.fr\/es\/wp-json\/wp\/v2\/comments?post=75518"}],"version-history":[{"count":1,"href":"https:\/\/staging.dyrsan.fr\/es\/wp-json\/wp\/v2\/product\/75518\/revisions"}],"predecessor-version":[{"id":76487,"href":"https:\/\/staging.dyrsan.fr\/es\/wp-json\/wp\/v2\/product\/75518\/revisions\/76487"}],"wp:featuredmedia":[{"embeddable":true,"href":"https:\/\/staging.dyrsan.fr\/es\/wp-json\/wp\/v2\/media\/75515"}],"wp:attachment":[{"href":"https:\/\/staging.dyrsan.fr\/es\/wp-json\/wp\/v2\/media?parent=75518"}],"wp:term":[{"taxonomy":"product_brand","embeddable":true,"href":"https:\/\/staging.dyrsan.fr\/es\/wp-json\/wp\/v2\/product_brand?post=75518"},{"taxonomy":"product_cat","embeddable":true,"href":"https:\/\/staging.dyrsan.fr\/es\/wp-json\/wp\/v2\/product_cat?post=75518"},{"taxonomy":"product_tag","embeddable":true,"href":"https:\/\/staging.dyrsan.fr\/es\/wp-json\/wp\/v2\/product_tag?post=75518"}],"curies":[{"name":"wp","href":"https:\/\/api.w.org\/{rel}","templated":true}]}}