{"id":75502,"date":"2026-04-03T13:26:53","date_gmt":"2026-04-03T13:26:53","guid":{"rendered":"https:\/\/staging.dyrsan.fr\/?post_type=product&#038;p=75502"},"modified":"2026-04-14T11:42:13","modified_gmt":"2026-04-14T11:42:13","slug":"tissu-jacquard-orange-extensible-en-polyester-recycle-a-laspect-texture-et-structure-rouleau-50m","status":"publish","type":"product","link":"https:\/\/staging.dyrsan.fr\/es\/shop\/tissu-jacquard-orange-extensible-en-polyester-recycle-a-laspect-texture-et-structure-rouleau-50m\/","title":{"rendered":"Tissu jacquard orange extensible en polyester recycl\u00e9 \u00e0 l\u2019aspect textur\u00e9 et structur\u00e9 \u2014 Rouleau 50M"},"content":{"rendered":"<p>Tissu jacquard orange extensible en polyester recycl\u00e9 \u00e0 l\u2019aspect textur\u00e9 et structur\u00e9. Ce tissu allie un motif jacquard \u00e9l\u00e9gant \u00e0 une bonne \u00e9lasticit\u00e9 gr\u00e2ce au spandex, offrant confort, tenue et durabilit\u00e9. Id\u00e9al pour des cr\u00e9ations mode responsables, des pi\u00e8ces structur\u00e9es ou des d\u00e9tails d\u00e9coratifs \u00e0 forte valeur esth\u00e9tique.<br \/>\nEspecificaciones t\u00e9cnicas:<br \/>\nR\u00e9f\u00e9rence : DY98868<br \/>\nComposition : 95 % polyester recycl\u00e9, 5 % spandex<br \/>\nPeso: 230 g\/m\u00b2.<br \/>\nAnchura: 130 cm<br \/>\nCouleur :  Orange (personnalisable selon code Pantone)<br \/>\nCertification : polyester recycl\u00e9 (compatible d\u00e9marches \u00e9coresponsables)<br \/>\nAspect : jacquard textur\u00e9, relief discret<br \/>\nPropri\u00e9t\u00e9s : extensible, bonne tenue, r\u00e9sistant<br \/>\nUtilisation : pr\u00eat-\u00e0-porter mode, Maillots de bain<\/p>","protected":false},"excerpt":{"rendered":"<p>Tissu jacquard orange extensible en polyester recycl\u00e9 \u00e0 l\u2019aspect textur\u00e9 et structur\u00e9. Ce tissu allie un motif jacquard \u00e9l\u00e9gant \u00e0 une bonne \u00e9lasticit\u00e9 gr\u00e2ce au spandex, offrant confort, tenue et durabilit\u00e9. Id\u00e9al pour des cr\u00e9ations mode responsables, des pi\u00e8ces structur\u00e9es ou des d\u00e9tails d\u00e9coratifs \u00e0 forte valeur esth\u00e9tique.<br \/>\nEspecificaciones t\u00e9cnicas:<br \/>\nR\u00e9f\u00e9rence : DY98868<br \/>\nComposition : 95 % polyester recycl\u00e9, 5 % spandex<br \/>\nPeso: 230 g\/m\u00b2.<br \/>\nAnchura: 130 cm<br \/>\nCouleur :  Orange (personnalisable selon code Pantone)<br \/>\nCertification : polyester recycl\u00e9 (compatible d\u00e9marches \u00e9coresponsables)<br \/>\nAspect : jacquard textur\u00e9, relief discret<br \/>\nPropri\u00e9t\u00e9s : extensible, bonne tenue, r\u00e9sistant<br \/>\nUtilisation : pr\u00eat-\u00e0-porter mode, Maillots de bain<\/p>","protected":false},"featured_media":75499,"comment_status":"open","ping_status":"closed","template":"","meta":[],"product_brand":[],"product_cat":[495,150,251,197],"product_tag":[],"class_list":{"0":"post-75502","1":"product","2":"type-product","3":"status-publish","4":"has-post-thumbnail","6":"product_cat-rouleaux-de-tissus","7":"product_cat-tissus","8":"product_cat-tissus-jersey","9":"product_cat-tissus-recycles","11":"first","12":"instock","13":"taxable","14":"shipping-taxable","15":"purchasable","16":"product-type-simple"},"_links":{"self":[{"href":"https:\/\/staging.dyrsan.fr\/es\/wp-json\/wp\/v2\/product\/75502","targetHints":{"allow":["GET"]}}],"collection":[{"href":"https:\/\/staging.dyrsan.fr\/es\/wp-json\/wp\/v2\/product"}],"about":[{"href":"https:\/\/staging.dyrsan.fr\/es\/wp-json\/wp\/v2\/types\/product"}],"replies":[{"embeddable":true,"href":"https:\/\/staging.dyrsan.fr\/es\/wp-json\/wp\/v2\/comments?post=75502"}],"version-history":[{"count":1,"href":"https:\/\/staging.dyrsan.fr\/es\/wp-json\/wp\/v2\/product\/75502\/revisions"}],"predecessor-version":[{"id":76403,"href":"https:\/\/staging.dyrsan.fr\/es\/wp-json\/wp\/v2\/product\/75502\/revisions\/76403"}],"wp:featuredmedia":[{"embeddable":true,"href":"https:\/\/staging.dyrsan.fr\/es\/wp-json\/wp\/v2\/media\/75499"}],"wp:attachment":[{"href":"https:\/\/staging.dyrsan.fr\/es\/wp-json\/wp\/v2\/media?parent=75502"}],"wp:term":[{"taxonomy":"product_brand","embeddable":true,"href":"https:\/\/staging.dyrsan.fr\/es\/wp-json\/wp\/v2\/product_brand?post=75502"},{"taxonomy":"product_cat","embeddable":true,"href":"https:\/\/staging.dyrsan.fr\/es\/wp-json\/wp\/v2\/product_cat?post=75502"},{"taxonomy":"product_tag","embeddable":true,"href":"https:\/\/staging.dyrsan.fr\/es\/wp-json\/wp\/v2\/product_tag?post=75502"}],"curies":[{"name":"wp","href":"https:\/\/api.w.org\/{rel}","templated":true}]}}