{"id":75472,"date":"2026-04-03T13:25:21","date_gmt":"2026-04-03T13:25:21","guid":{"rendered":"https:\/\/staging.dyrsan.fr\/?post_type=product&#038;p=75472"},"modified":"2026-04-14T12:09:04","modified_gmt":"2026-04-14T12:09:04","slug":"tissu-micro-nude-extensible-rouleau-50m","status":"publish","type":"product","link":"https:\/\/staging.dyrsan.fr\/es\/shop\/tissu-micro-nude-extensible-rouleau-50m\/","title":{"rendered":"Tissu micro nude extensible \u2014 Rouleau 50M"},"content":{"rendered":"<p>Tissu micro nude extensible. Ce tissu microfibre \u00e0 base de nylon recycl\u00e9 offre un toucher doux, une excellente \u00e9lasticit\u00e9 et un rendu seconde peau. Id\u00e9al pour la confection de lingerie, de maillots de bain et de v\u00eatements pr\u00e8s du corps, il allie confort, performance et engagement responsable.<\/p>\n<p>&nbsp;<\/p>\n<p><strong>Especificaciones t\u00e9cnicas:<\/strong><br \/>\nR\u00e9f\u00e9rence : DY72394<br \/>\nComposition : 75 % nylon recycl\u00e9, 25 % spandex<br \/>\nPoids : 175 g\/m\u00b2<br \/>\nLargeur : 165 cm<br \/>\nCouleur : nude (personnalisable selon code Pantone)<br \/>\nAspect : microfibre lisse<br \/>\nPropri\u00e9t\u00e9s : extensible, doux, bonne couvrance, effet seconde peau<br \/>\nUtilisation : lingerie, maillots de bain, v\u00eatements stretch, doublures techniques<br \/>\nOrigen: China<\/p>","protected":false},"excerpt":{"rendered":"<p>Tissu micro nude extensible. Ce tissu microfibre \u00e0 base de nylon recycl\u00e9 offre un toucher doux, une excellente \u00e9lasticit\u00e9 et un rendu seconde peau. Id\u00e9al pour la confection de lingerie, de maillots de bain et de v\u00eatements pr\u00e8s du corps, il allie confort, performance et engagement responsable.<\/p>\n<p>&nbsp;<\/p>\n<p><strong>Especificaciones t\u00e9cnicas:<\/strong><br \/>\nR\u00e9f\u00e9rence : DY72394<br \/>\nComposition : 75 % nylon recycl\u00e9, 25 % spandex<br \/>\nPoids : 175 g\/m\u00b2<br \/>\nLargeur : 165 cm<br \/>\nCouleur : nude (personnalisable selon code Pantone)<br \/>\nAspect : microfibre lisse<br \/>\nPropri\u00e9t\u00e9s : extensible, doux, bonne couvrance, effet seconde peau<br \/>\nUtilisation : lingerie, maillots de bain, v\u00eatements stretch, doublures techniques<br \/>\nOrigen: China<\/p>","protected":false},"featured_media":75469,"comment_status":"open","ping_status":"closed","template":"","meta":[],"product_brand":[],"product_cat":[495,150,178,197],"product_tag":[],"class_list":{"0":"post-75472","1":"product","2":"type-product","3":"status-publish","4":"has-post-thumbnail","6":"product_cat-rouleaux-de-tissus","7":"product_cat-tissus","8":"product_cat-tissus-microfibres","9":"product_cat-tissus-recycles","11":"first","12":"instock","13":"taxable","14":"shipping-taxable","15":"purchasable","16":"product-type-simple"},"_links":{"self":[{"href":"https:\/\/staging.dyrsan.fr\/es\/wp-json\/wp\/v2\/product\/75472","targetHints":{"allow":["GET"]}}],"collection":[{"href":"https:\/\/staging.dyrsan.fr\/es\/wp-json\/wp\/v2\/product"}],"about":[{"href":"https:\/\/staging.dyrsan.fr\/es\/wp-json\/wp\/v2\/types\/product"}],"replies":[{"embeddable":true,"href":"https:\/\/staging.dyrsan.fr\/es\/wp-json\/wp\/v2\/comments?post=75472"}],"version-history":[{"count":1,"href":"https:\/\/staging.dyrsan.fr\/es\/wp-json\/wp\/v2\/product\/75472\/revisions"}],"predecessor-version":[{"id":76500,"href":"https:\/\/staging.dyrsan.fr\/es\/wp-json\/wp\/v2\/product\/75472\/revisions\/76500"}],"wp:featuredmedia":[{"embeddable":true,"href":"https:\/\/staging.dyrsan.fr\/es\/wp-json\/wp\/v2\/media\/75469"}],"wp:attachment":[{"href":"https:\/\/staging.dyrsan.fr\/es\/wp-json\/wp\/v2\/media?parent=75472"}],"wp:term":[{"taxonomy":"product_brand","embeddable":true,"href":"https:\/\/staging.dyrsan.fr\/es\/wp-json\/wp\/v2\/product_brand?post=75472"},{"taxonomy":"product_cat","embeddable":true,"href":"https:\/\/staging.dyrsan.fr\/es\/wp-json\/wp\/v2\/product_cat?post=75472"},{"taxonomy":"product_tag","embeddable":true,"href":"https:\/\/staging.dyrsan.fr\/es\/wp-json\/wp\/v2\/product_tag?post=75472"}],"curies":[{"name":"wp","href":"https:\/\/api.w.org\/{rel}","templated":true}]}}