{"id":75449,"date":"2026-04-03T13:24:01","date_gmt":"2026-04-03T13:24:01","guid":{"rendered":"https:\/\/staging.dyrsan.fr\/?post_type=product&#038;p=75449"},"modified":"2026-04-14T12:09:30","modified_gmt":"2026-04-14T12:09:30","slug":"tissu-jacquard-vert-extensible-rouleau-50m","status":"publish","type":"product","link":"https:\/\/staging.dyrsan.fr\/es\/shop\/tissu-jacquard-vert-extensible-rouleau-50m\/","title":{"rendered":"Tissu jacquard vert extensible \u2014 Rouleau 50M"},"content":{"rendered":"<p>Tissu jacquard vert extensible. Ce jacquard raffin\u00e9 pr\u00e9sente un motif riche et textur\u00e9 avec un bel effet de relief. Sa structure souple et extensible offre un excellent confort tout en conservant une tenue \u00e9l\u00e9gante. Id\u00e9al pour la confection de lingerie premium, de pi\u00e8ces mode sophistiqu\u00e9es et de cr\u00e9ations \u00e0 forte valeur esth\u00e9tique.<\/p>\n<p>&nbsp;<\/p>\n<p><strong>Especificaciones t\u00e9cnicas:<\/strong><br \/>\nR\u00e9f\u00e9rence : DY80051<br \/>\nComposition : 95 % nylon, 5 % spandex<br \/>\nPeso: 230 g\/m\u00b2.<br \/>\nAnchura: 140 cm<br \/>\nCouleur : vert (personnalisable selon code Pantone)<br \/>\nAspect : jacquard textur\u00e9 \u00e0 motif, relief d\u00e9coratif<br \/>\nPropri\u00e9t\u00e9s : extensible, bonne tenue, toucher structur\u00e9<br \/>\nUtilisation : lingerie haut de gamme, pi\u00e8ces mode, empi\u00e8cements d\u00e9coratifs, cr\u00e9ations couture<br \/>\nOrigen: China<\/p>","protected":false},"excerpt":{"rendered":"<p>Tissu jacquard vert extensible. Ce jacquard raffin\u00e9 pr\u00e9sente un motif riche et textur\u00e9 avec un bel effet de relief. Sa structure souple et extensible offre un excellent confort tout en conservant une tenue \u00e9l\u00e9gante. Id\u00e9al pour la confection de lingerie premium, de pi\u00e8ces mode sophistiqu\u00e9es et de cr\u00e9ations \u00e0 forte valeur esth\u00e9tique.<\/p>\n<p>&nbsp;<\/p>\n<p><strong>Especificaciones t\u00e9cnicas:<\/strong><br \/>\nR\u00e9f\u00e9rence : DY80051<br \/>\nComposition : 95 % nylon, 5 % spandex<br \/>\nPeso: 230 g\/m\u00b2.<br \/>\nAnchura: 140 cm<br \/>\nCouleur : vert (personnalisable selon code Pantone)<br \/>\nAspect : jacquard textur\u00e9 \u00e0 motif, relief d\u00e9coratif<br \/>\nPropri\u00e9t\u00e9s : extensible, bonne tenue, toucher structur\u00e9<br \/>\nUtilisation : lingerie haut de gamme, pi\u00e8ces mode, empi\u00e8cements d\u00e9coratifs, cr\u00e9ations couture<br \/>\nOrigen: China<\/p>","protected":false},"featured_media":75445,"comment_status":"open","ping_status":"closed","template":"","meta":[],"product_brand":[],"product_cat":[495,150,251,197],"product_tag":[],"class_list":{"0":"post-75449","1":"product","2":"type-product","3":"status-publish","4":"has-post-thumbnail","6":"product_cat-rouleaux-de-tissus","7":"product_cat-tissus","8":"product_cat-tissus-jersey","9":"product_cat-tissus-recycles","11":"first","12":"instock","13":"taxable","14":"shipping-taxable","15":"purchasable","16":"product-type-simple"},"_links":{"self":[{"href":"https:\/\/staging.dyrsan.fr\/es\/wp-json\/wp\/v2\/product\/75449","targetHints":{"allow":["GET"]}}],"collection":[{"href":"https:\/\/staging.dyrsan.fr\/es\/wp-json\/wp\/v2\/product"}],"about":[{"href":"https:\/\/staging.dyrsan.fr\/es\/wp-json\/wp\/v2\/types\/product"}],"replies":[{"embeddable":true,"href":"https:\/\/staging.dyrsan.fr\/es\/wp-json\/wp\/v2\/comments?post=75449"}],"version-history":[{"count":1,"href":"https:\/\/staging.dyrsan.fr\/es\/wp-json\/wp\/v2\/product\/75449\/revisions"}],"predecessor-version":[{"id":76509,"href":"https:\/\/staging.dyrsan.fr\/es\/wp-json\/wp\/v2\/product\/75449\/revisions\/76509"}],"wp:featuredmedia":[{"embeddable":true,"href":"https:\/\/staging.dyrsan.fr\/es\/wp-json\/wp\/v2\/media\/75445"}],"wp:attachment":[{"href":"https:\/\/staging.dyrsan.fr\/es\/wp-json\/wp\/v2\/media?parent=75449"}],"wp:term":[{"taxonomy":"product_brand","embeddable":true,"href":"https:\/\/staging.dyrsan.fr\/es\/wp-json\/wp\/v2\/product_brand?post=75449"},{"taxonomy":"product_cat","embeddable":true,"href":"https:\/\/staging.dyrsan.fr\/es\/wp-json\/wp\/v2\/product_cat?post=75449"},{"taxonomy":"product_tag","embeddable":true,"href":"https:\/\/staging.dyrsan.fr\/es\/wp-json\/wp\/v2\/product_tag?post=75449"}],"curies":[{"name":"wp","href":"https:\/\/api.w.org\/{rel}","templated":true}]}}