{"id":75413,"date":"2026-04-03T13:22:17","date_gmt":"2026-04-03T13:22:17","guid":{"rendered":"https:\/\/staging.dyrsan.fr\/?post_type=product&#038;p=75413"},"modified":"2026-04-14T12:09:56","modified_gmt":"2026-04-14T12:09:56","slug":"tissu-jacquard-vert-a-motif-en-relief-rouleau-50m","status":"publish","type":"product","link":"https:\/\/staging.dyrsan.fr\/es\/shop\/tissu-jacquard-vert-a-motif-en-relief-rouleau-50m\/","title":{"rendered":"Tissu jacquard vert \u00e0 motif en relief \u2014 Rouleau 50M"},"content":{"rendered":"<p>Tissu jacquard vert \u00e0 motif en relief, offrant une main structur\u00e9e et un rendu graphique subtil.<\/p>\n<p><strong>Especificaciones t\u00e9cnicas:<\/strong><br \/>\nR\u00e9f\u00e9rence : DY80132<br \/>\nComposition : 91 % polyester, 9 % spandex<br \/>\nPeso: 260 g\/m\u00b2.<br \/>\nLargeur : 135 cm<br \/>\nCouleur : vert (personnalisable selon le code Pantone)<br \/>\nArmure : jacquard<br \/>\nAspect : motif zebre en relief, surface textur\u00e9e<br \/>\nPropri\u00e9t\u00e9s : extensible, bonne tenue, structure marqu\u00e9e<\/p>","protected":false},"excerpt":{"rendered":"<p>Tissu jacquard vert \u00e0 motif en relief, offrant une main structur\u00e9e et un rendu graphique subtil.<\/p>\n<p><strong>Especificaciones t\u00e9cnicas:<\/strong><br \/>\nR\u00e9f\u00e9rence : DY80132<br \/>\nComposition : 91 % polyester, 9 % spandex<br \/>\nPeso: 260 g\/m\u00b2.<br \/>\nLargeur : 135 cm<br \/>\nCouleur : vert (personnalisable selon le code Pantone)<br \/>\nArmure : jacquard<br \/>\nAspect : motif zebre en relief, surface textur\u00e9e<br \/>\nPropri\u00e9t\u00e9s : extensible, bonne tenue, structure marqu\u00e9e<\/p>","protected":false},"featured_media":75409,"comment_status":"open","ping_status":"closed","template":"","meta":[],"product_brand":[],"product_cat":[495,150,210,251,455,213],"product_tag":[],"class_list":{"0":"post-75413","1":"product","2":"type-product","3":"status-publish","4":"has-post-thumbnail","6":"product_cat-rouleaux-de-tissus","7":"product_cat-tissus","8":"product_cat-tissus-imprimes-motifs-animaux","9":"product_cat-tissus-jersey","10":"product_cat-tissus-maillots-de-bain","11":"product_cat-tissus-textures","13":"first","14":"instock","15":"taxable","16":"shipping-taxable","17":"purchasable","18":"product-type-simple"},"_links":{"self":[{"href":"https:\/\/staging.dyrsan.fr\/es\/wp-json\/wp\/v2\/product\/75413","targetHints":{"allow":["GET"]}}],"collection":[{"href":"https:\/\/staging.dyrsan.fr\/es\/wp-json\/wp\/v2\/product"}],"about":[{"href":"https:\/\/staging.dyrsan.fr\/es\/wp-json\/wp\/v2\/types\/product"}],"replies":[{"embeddable":true,"href":"https:\/\/staging.dyrsan.fr\/es\/wp-json\/wp\/v2\/comments?post=75413"}],"version-history":[{"count":1,"href":"https:\/\/staging.dyrsan.fr\/es\/wp-json\/wp\/v2\/product\/75413\/revisions"}],"predecessor-version":[{"id":76518,"href":"https:\/\/staging.dyrsan.fr\/es\/wp-json\/wp\/v2\/product\/75413\/revisions\/76518"}],"wp:featuredmedia":[{"embeddable":true,"href":"https:\/\/staging.dyrsan.fr\/es\/wp-json\/wp\/v2\/media\/75409"}],"wp:attachment":[{"href":"https:\/\/staging.dyrsan.fr\/es\/wp-json\/wp\/v2\/media?parent=75413"}],"wp:term":[{"taxonomy":"product_brand","embeddable":true,"href":"https:\/\/staging.dyrsan.fr\/es\/wp-json\/wp\/v2\/product_brand?post=75413"},{"taxonomy":"product_cat","embeddable":true,"href":"https:\/\/staging.dyrsan.fr\/es\/wp-json\/wp\/v2\/product_cat?post=75413"},{"taxonomy":"product_tag","embeddable":true,"href":"https:\/\/staging.dyrsan.fr\/es\/wp-json\/wp\/v2\/product_tag?post=75413"}],"curies":[{"name":"wp","href":"https:\/\/api.w.org\/{rel}","templated":true}]}}