{"id":75392,"date":"2026-04-03T13:21:15","date_gmt":"2026-04-03T13:21:15","guid":{"rendered":"https:\/\/staging.dyrsan.fr\/?post_type=product&#038;p=75392"},"modified":"2026-04-14T12:10:11","modified_gmt":"2026-04-14T12:10:11","slug":"tissu-resille-extensible-a-pois-ivoire-rouleau-50m","status":"publish","type":"product","link":"https:\/\/staging.dyrsan.fr\/es\/shop\/tissu-resille-extensible-a-pois-ivoire-rouleau-50m\/","title":{"rendered":"Tissu r\u00e9sille extensible \u00e0 pois ivoire \u2014 Rouleau 50M"},"content":{"rendered":"<p>Tissu r\u00e9sille extensible \u00e0 pois ivoire, l\u00e9ger et d\u00e9licat, certifi\u00e9 OEKO-TEX\u00ae. Ce tissu en r\u00e9sille extensible se distingue par son motif discret et sa grande \u00e9lasticit\u00e9, offrant un rendu raffin\u00e9 et un confort optimal. Il est id\u00e9al pour la confection de lingerie fine, de doublures \u00e9l\u00e9gantes et de cr\u00e9ations d\u00e9licates.<\/p>\n<p>&nbsp;<\/p>\n<p><strong>Especificaciones t\u00e9cnicas:<\/strong><br \/>\nR\u00e9f\u00e9rence : DY98030<br \/>\nComposition : 58 % nylon, 42 % spandex<br \/>\nGrammage : 110 g\/m\u00b2<br \/>\nAnchura: 160 cm<br \/>\nCouleur : ivoire (personnalisable selon code Pantone)<br \/>\nCertificaci\u00f3n: OEKO-TEX<br \/>\nAspect : r\u00e9sille \u00e0 pois, l\u00e9g\u00e8re et extensible<br \/>\nPropri\u00e9t\u00e9s : extensible, souple, l\u00e9g\u00e8re<br \/>\nUtilisation : lingerie, d\u00e9tails d\u00e9coratifs, doublure, cr\u00e9ations d\u00e9licates<br \/>\nOrigen : China<\/p>","protected":false},"excerpt":{"rendered":"<p>Tissu r\u00e9sille extensible \u00e0 pois ivoire, l\u00e9ger et d\u00e9licat, certifi\u00e9 OEKO-TEX\u00ae. Ce tissu en r\u00e9sille extensible se distingue par son motif discret et sa grande \u00e9lasticit\u00e9, offrant un rendu raffin\u00e9 et un confort optimal. Il est id\u00e9al pour la confection de lingerie fine, de doublures \u00e9l\u00e9gantes et de cr\u00e9ations d\u00e9licates.<\/p>\n<p>&nbsp;<\/p>\n<p><strong>Especificaciones t\u00e9cnicas:<\/strong><br \/>\nR\u00e9f\u00e9rence : DY98030<br \/>\nComposition : 58 % nylon, 42 % spandex<br \/>\nGrammage : 110 g\/m\u00b2<br \/>\nAnchura: 160 cm<br \/>\nCouleur : ivoire (personnalisable selon code Pantone)<br \/>\nCertificaci\u00f3n: OEKO-TEX<br \/>\nAspect : r\u00e9sille \u00e0 pois, l\u00e9g\u00e8re et extensible<br \/>\nPropri\u00e9t\u00e9s : extensible, souple, l\u00e9g\u00e8re<br \/>\nUtilisation : lingerie, d\u00e9tails d\u00e9coratifs, doublure, cr\u00e9ations d\u00e9licates<br \/>\nOrigen : China<\/p>","protected":false},"featured_media":75389,"comment_status":"open","ping_status":"closed","template":"","meta":[],"product_brand":[],"product_cat":[495,150,180,213],"product_tag":[],"class_list":{"0":"post-75392","1":"product","2":"type-product","3":"status-publish","4":"has-post-thumbnail","6":"product_cat-rouleaux-de-tissus","7":"product_cat-tissus","8":"product_cat-tissus-mailles-jacquard","9":"product_cat-tissus-textures","11":"first","12":"instock","13":"taxable","14":"shipping-taxable","15":"purchasable","16":"product-type-simple"},"_links":{"self":[{"href":"https:\/\/staging.dyrsan.fr\/es\/wp-json\/wp\/v2\/product\/75392","targetHints":{"allow":["GET"]}}],"collection":[{"href":"https:\/\/staging.dyrsan.fr\/es\/wp-json\/wp\/v2\/product"}],"about":[{"href":"https:\/\/staging.dyrsan.fr\/es\/wp-json\/wp\/v2\/types\/product"}],"replies":[{"embeddable":true,"href":"https:\/\/staging.dyrsan.fr\/es\/wp-json\/wp\/v2\/comments?post=75392"}],"version-history":[{"count":1,"href":"https:\/\/staging.dyrsan.fr\/es\/wp-json\/wp\/v2\/product\/75392\/revisions"}],"predecessor-version":[{"id":76523,"href":"https:\/\/staging.dyrsan.fr\/es\/wp-json\/wp\/v2\/product\/75392\/revisions\/76523"}],"wp:featuredmedia":[{"embeddable":true,"href":"https:\/\/staging.dyrsan.fr\/es\/wp-json\/wp\/v2\/media\/75389"}],"wp:attachment":[{"href":"https:\/\/staging.dyrsan.fr\/es\/wp-json\/wp\/v2\/media?parent=75392"}],"wp:term":[{"taxonomy":"product_brand","embeddable":true,"href":"https:\/\/staging.dyrsan.fr\/es\/wp-json\/wp\/v2\/product_brand?post=75392"},{"taxonomy":"product_cat","embeddable":true,"href":"https:\/\/staging.dyrsan.fr\/es\/wp-json\/wp\/v2\/product_cat?post=75392"},{"taxonomy":"product_tag","embeddable":true,"href":"https:\/\/staging.dyrsan.fr\/es\/wp-json\/wp\/v2\/product_tag?post=75392"}],"curies":[{"name":"wp","href":"https:\/\/api.w.org\/{rel}","templated":true}]}}