{"id":74439,"date":"2026-03-03T14:56:51","date_gmt":"2026-03-03T14:56:51","guid":{"rendered":"https:\/\/staging.dyrsan.fr\/?post_type=product&#038;p=74439"},"modified":"2026-04-03T17:49:31","modified_gmt":"2026-04-03T17:49:31","slug":"passant-en-metal-dore-custom","status":"publish","type":"product","link":"https:\/\/staging.dyrsan.fr\/es\/shop\/passant-en-metal-dore-custom\/","title":{"rendered":"Lazo de metal dorado (personalizado)"},"content":{"rendered":"<p>Ce passant en m\u00e9tal dor\u00e9 est un \u00e9l\u00e9ment fonctionnel con\u00e7u pour l\u2019assemblage et la finition des cr\u00e9ations textiles. Sa finition brillante assure un rendu soign\u00e9 et une excellente tenue dans le temps.<\/p>\n<p>&nbsp;<\/p>\n<p><strong>Especificaciones t\u00e9cnicas:<\/strong><\/p>\n<p>Finition(s) : Or jaune brillant<br \/>\nMaterial(es): Metal<br \/>\nTaille\u00a0 : 60&#215;28 mm<br \/>\nPoids : 18,6g<\/p>\n<p>&nbsp;<\/p>\n<p><strong>Propiedades t\u00e9cnicas:<\/strong><\/p>\n<p>Resistente a la corrosi\u00f3n<br \/>\nResistente al agua de mar y a la transpiraci\u00f3n<br \/>\nNo decolora<br \/>\nSin bordes afilados (no irrita)<br \/>\nGran durabilidad (incluso cosido o expuesto al sol)<\/p>\n<p>Se vende en paquetes de 100 \/ Entrega en 15-20 d\u00edas<\/p>","protected":false},"excerpt":{"rendered":"<p>Ce passant en m\u00e9tal dor\u00e9 est un \u00e9l\u00e9ment fonctionnel con\u00e7u pour l\u2019assemblage et la finition des cr\u00e9ations textiles. Sa finition brillante assure un rendu soign\u00e9 et une excellente tenue dans le temps.<\/p>\n<p>&nbsp;<\/p>\n<p><strong>Especificaciones t\u00e9cnicas:<\/strong><\/p>\n<p>Finition(s) : Or jaune brillant<br \/>\nMaterial(es): Metal<br \/>\nTaille\u00a0 : 60&#215;28 mm<br \/>\nPoids : 18,6g<\/p>\n<p>&nbsp;<\/p>\n<p><strong>Propiedades t\u00e9cnicas:<\/strong><\/p>\n<p>Resistente a la corrosi\u00f3n<br \/>\nResistente al agua de mar y a la transpiraci\u00f3n<br \/>\nNo decolora<br \/>\nSin bordes afilados (no irrita)<br \/>\nGran durabilidad (incluso cosido o expuesto al sol)<\/p>\n<p>Se vende en paquetes de 100 \/ Entrega en 15-20 d\u00edas<\/p>\n<div id=\"simple-translate\" class=\"simple-translate-system-theme\">\n<div>\n<div class=\"simple-translate-button isShow\" style=\"height: 22px;width: 22px;top: 126px;left: 79px\"><\/div>\n<div class=\"simple-translate-panel\" style=\"width: 300px;height: 200px;top: 0px;left: 0px;font-size: 13px\">\n<div class=\"simple-translate-result-wrapper\" style=\"overflow: hidden\">\n<div class=\"simple-translate-move\"><\/div>\n<div class=\"simple-translate-result-contents\">\n<p class=\"simple-translate-candidate\" dir=\"auto\">\n<\/div>\n<\/div>\n<\/div>\n<\/div>\n<\/div>","protected":false},"featured_media":67970,"comment_status":"closed","ping_status":"closed","template":"","meta":[],"product_brand":[370],"product_cat":[212,140],"product_tag":[379,380],"class_list":{"0":"post-74439","1":"product","2":"type-product","3":"status-publish","4":"has-post-thumbnail","6":"product_brand-dyrsan","7":"product_cat-passants","8":"product_cat-accessoires","9":"product_tag-broche","10":"product_tag-epingle","11":"product_shipping_class-1-a-2kg","13":"first","14":"instock","15":"taxable","16":"shipping-taxable","17":"purchasable","18":"product-type-simple"},"_links":{"self":[{"href":"https:\/\/staging.dyrsan.fr\/es\/wp-json\/wp\/v2\/product\/74439","targetHints":{"allow":["GET"]}}],"collection":[{"href":"https:\/\/staging.dyrsan.fr\/es\/wp-json\/wp\/v2\/product"}],"about":[{"href":"https:\/\/staging.dyrsan.fr\/es\/wp-json\/wp\/v2\/types\/product"}],"replies":[{"embeddable":true,"href":"https:\/\/staging.dyrsan.fr\/es\/wp-json\/wp\/v2\/comments?post=74439"}],"version-history":[{"count":4,"href":"https:\/\/staging.dyrsan.fr\/es\/wp-json\/wp\/v2\/product\/74439\/revisions"}],"predecessor-version":[{"id":76323,"href":"https:\/\/staging.dyrsan.fr\/es\/wp-json\/wp\/v2\/product\/74439\/revisions\/76323"}],"wp:featuredmedia":[{"embeddable":true,"href":"https:\/\/staging.dyrsan.fr\/es\/wp-json\/wp\/v2\/media\/67970"}],"wp:attachment":[{"href":"https:\/\/staging.dyrsan.fr\/es\/wp-json\/wp\/v2\/media?parent=74439"}],"wp:term":[{"taxonomy":"product_brand","embeddable":true,"href":"https:\/\/staging.dyrsan.fr\/es\/wp-json\/wp\/v2\/product_brand?post=74439"},{"taxonomy":"product_cat","embeddable":true,"href":"https:\/\/staging.dyrsan.fr\/es\/wp-json\/wp\/v2\/product_cat?post=74439"},{"taxonomy":"product_tag","embeddable":true,"href":"https:\/\/staging.dyrsan.fr\/es\/wp-json\/wp\/v2\/product_tag?post=74439"}],"curies":[{"name":"wp","href":"https:\/\/api.w.org\/{rel}","templated":true}]}}