{"id":74228,"date":"2026-04-03T15:00:16","date_gmt":"2026-04-03T15:00:16","guid":{"rendered":"https:\/\/staging.dyrsan.fr\/?post_type=product&#038;p=74228"},"modified":"2026-04-14T10:16:19","modified_gmt":"2026-04-14T10:16:19","slug":"tissu-mesh-orange-recycle-leger-et-respirant","status":"publish","type":"product","link":"https:\/\/staging.dyrsan.fr\/es\/shop\/tissu-mesh-orange-recycle-leger-et-respirant\/","title":{"rendered":"Tejido de malla naranja reciclado, ligero y transpirable"},"content":{"rendered":"<p>Tissu mesh orange recycl\u00e9 l\u00e9ger et respirant. Cette r\u00e9sille fine en nylon recycl\u00e9 offre une excellente transparence, une grande l\u00e9g\u00e8ret\u00e9 et une \u00e9lasticit\u00e9 confortable. Id\u00e9ale pour la confection de lingerie responsable, d\u2019empi\u00e8cements d\u00e9licats ou de pi\u00e8ces techniques, alliant performance, confort et engagement durable.<\/p>\n<p>&nbsp;<\/p>\n<p><strong>Especificaciones t\u00e9cnicas:<\/strong><br \/>\nR\u00e9f\u00e9rence : DY50102R<br \/>\nComposition : 94 % nylon recycl\u00e9, 6 % spandex<br \/>\nPoids : 85 g\/m\u00b2<br \/>\nAnchura: 152 cm<br \/>\nCouleur : orange (personnalisable selon code Pantone)<br \/>\nAspect : mesh fin, transparent<br \/>\nPropri\u00e9t\u00e9s : tr\u00e8s l\u00e9ger, respirant, extensible<br \/>\nUtilisation : lingerie fine, empi\u00e8cements, doublures l\u00e9g\u00e8res, v\u00eatements techniques, d\u00e9tails mode<\/p>","protected":false},"excerpt":{"rendered":"<p>Tissu mesh orange recycl\u00e9 l\u00e9ger et respirant. Cette r\u00e9sille fine en nylon recycl\u00e9 offre une excellente transparence, une grande l\u00e9g\u00e8ret\u00e9 et une \u00e9lasticit\u00e9 confortable. Id\u00e9ale pour la confection de lingerie responsable, d\u2019empi\u00e8cements d\u00e9licats ou de pi\u00e8ces techniques, alliant performance, confort et engagement durable.<\/p>\n<p>&nbsp;<\/p>\n<p><strong>Especificaciones t\u00e9cnicas:<\/strong><br \/>\nR\u00e9f\u00e9rence : DY50102R<br \/>\nComposition : 94 % nylon recycl\u00e9, 6 % spandex<br \/>\nPoids : 85 g\/m\u00b2<br \/>\nAnchura: 152 cm<br \/>\nCouleur : orange (personnalisable selon code Pantone)<br \/>\nAspect : mesh fin, transparent<br \/>\nPropri\u00e9t\u00e9s : tr\u00e8s l\u00e9ger, respirant, extensible<br \/>\nUtilisation : lingerie fine, empi\u00e8cements, doublures l\u00e9g\u00e8res, v\u00eatements techniques, d\u00e9tails mode<\/p>","protected":false},"featured_media":74283,"comment_status":"open","ping_status":"closed","template":"","meta":[],"product_brand":[370],"product_cat":[150,456,197,179],"product_tag":[],"class_list":{"0":"post-74228","1":"product","2":"type-product","3":"status-publish","4":"has-post-thumbnail","6":"product_brand-dyrsan","7":"product_cat-tissus","8":"product_cat-tissus-pour-lingerie","9":"product_cat-tissus-recycles","10":"product_cat-tissus-resilles","12":"first","13":"instock","14":"taxable","15":"shipping-taxable","16":"purchasable","17":"product-type-simple"},"_links":{"self":[{"href":"https:\/\/staging.dyrsan.fr\/es\/wp-json\/wp\/v2\/product\/74228","targetHints":{"allow":["GET"]}}],"collection":[{"href":"https:\/\/staging.dyrsan.fr\/es\/wp-json\/wp\/v2\/product"}],"about":[{"href":"https:\/\/staging.dyrsan.fr\/es\/wp-json\/wp\/v2\/types\/product"}],"replies":[{"embeddable":true,"href":"https:\/\/staging.dyrsan.fr\/es\/wp-json\/wp\/v2\/comments?post=74228"}],"version-history":[{"count":3,"href":"https:\/\/staging.dyrsan.fr\/es\/wp-json\/wp\/v2\/product\/74228\/revisions"}],"predecessor-version":[{"id":75992,"href":"https:\/\/staging.dyrsan.fr\/es\/wp-json\/wp\/v2\/product\/74228\/revisions\/75992"}],"wp:featuredmedia":[{"embeddable":true,"href":"https:\/\/staging.dyrsan.fr\/es\/wp-json\/wp\/v2\/media\/74283"}],"wp:attachment":[{"href":"https:\/\/staging.dyrsan.fr\/es\/wp-json\/wp\/v2\/media?parent=74228"}],"wp:term":[{"taxonomy":"product_brand","embeddable":true,"href":"https:\/\/staging.dyrsan.fr\/es\/wp-json\/wp\/v2\/product_brand?post=74228"},{"taxonomy":"product_cat","embeddable":true,"href":"https:\/\/staging.dyrsan.fr\/es\/wp-json\/wp\/v2\/product_cat?post=74228"},{"taxonomy":"product_tag","embeddable":true,"href":"https:\/\/staging.dyrsan.fr\/es\/wp-json\/wp\/v2\/product_tag?post=74228"}],"curies":[{"name":"wp","href":"https:\/\/api.w.org\/{rel}","templated":true}]}}