{"id":74204,"date":"2026-04-03T14:59:28","date_gmt":"2026-04-03T14:59:28","guid":{"rendered":"https:\/\/staging.dyrsan.fr\/?post_type=product&#038;p=74204"},"modified":"2026-04-14T10:13:04","modified_gmt":"2026-04-14T10:13:04","slug":"tissu-jersey-couleur-chair-doux","status":"publish","type":"product","link":"https:\/\/staging.dyrsan.fr\/es\/shop\/tissu-jersey-couleur-chair-doux\/","title":{"rendered":"Tejido de punto suave de color carne"},"content":{"rendered":"<p>Tissu jersey couleur chair doux et \u00e0 l\u2019\u00e9lasticit\u00e9 confortable. Compos\u00e9 majoritairement de nylon avec ajout d\u2019\u00e9lasthanne, il offre un bon maintien, une belle fluidit\u00e9 et un toucher lisse, id\u00e9al pour les pi\u00e8ces pr\u00e8s du corps et les usages n\u00e9cessitant confort et souplesse.<\/p>\n<p>&nbsp;<\/p>\n<p><strong>Especificaciones t\u00e9cnicas:<\/strong><br \/>\nR\u00e9f\u00e9rence : DY72161<br \/>\nType : Jersey<br \/>\nComposici\u00f3n: 84 % nailon, 16 % elast\u00e1n<br \/>\nPeso: 190 g\/m\u00b2.<br \/>\nAnchura: 150 cm<br \/>\nCouleur : nude (modifiable selon le code Pantone)<br \/>\nAspect : lisse, uniforme<br \/>\nPropri\u00e9t\u00e9s : extensible, confortable, doux au toucher<br \/>\nUtilisation : lingerie, shapewear, v\u00eatements ajust\u00e9s, doublures extensibles<\/p>","protected":false},"excerpt":{"rendered":"<p>Tissu jersey nude \u00e0 la main douce et \u00e0 l\u2019\u00e9lasticit\u00e9 confortable. Compos\u00e9 majoritairement de nylon avec ajout d\u2019\u00e9lasthanne, il offre un bon maintien, une belle fluidit\u00e9 et un toucher lisse, id\u00e9al pour les pi\u00e8ces pr\u00e8s du corps et les usages n\u00e9cessitant confort et souplesse.<\/p>\n<p>&nbsp;<\/p>\n<p><strong>Especificaciones t\u00e9cnicas:<\/strong><br \/>\nR\u00e9f\u00e9rence : DY72161<br \/>\nType : Jersey<br \/>\nComposici\u00f3n: 84 % nailon, 16 % elast\u00e1n<br \/>\nPeso: 190 g\/m\u00b2.<br \/>\nAnchura: 150 cm<br \/>\nCouleur : nude (modifiable selon le code Pantone)<br \/>\nAspect : lisse, uniforme<br \/>\nPropri\u00e9t\u00e9s : extensible, confortable, doux au toucher<br \/>\nUtilisation : lingerie, shapewear, v\u00eatements ajust\u00e9s, doublures extensibles<\/p>","protected":false},"featured_media":74310,"comment_status":"open","ping_status":"closed","template":"","meta":[],"product_brand":[370],"product_cat":[150,251,151,197],"product_tag":[],"class_list":{"0":"post-74204","1":"product","2":"type-product","3":"status-publish","4":"has-post-thumbnail","6":"product_brand-dyrsan","7":"product_cat-tissus","8":"product_cat-tissus-jersey","9":"product_cat-tissus-lycra-extensibles","10":"product_cat-tissus-recycles","12":"first","13":"instock","14":"taxable","15":"shipping-taxable","16":"purchasable","17":"product-type-simple"},"_links":{"self":[{"href":"https:\/\/staging.dyrsan.fr\/es\/wp-json\/wp\/v2\/product\/74204","targetHints":{"allow":["GET"]}}],"collection":[{"href":"https:\/\/staging.dyrsan.fr\/es\/wp-json\/wp\/v2\/product"}],"about":[{"href":"https:\/\/staging.dyrsan.fr\/es\/wp-json\/wp\/v2\/types\/product"}],"replies":[{"embeddable":true,"href":"https:\/\/staging.dyrsan.fr\/es\/wp-json\/wp\/v2\/comments?post=74204"}],"version-history":[{"count":5,"href":"https:\/\/staging.dyrsan.fr\/es\/wp-json\/wp\/v2\/product\/74204\/revisions"}],"predecessor-version":[{"id":75970,"href":"https:\/\/staging.dyrsan.fr\/es\/wp-json\/wp\/v2\/product\/74204\/revisions\/75970"}],"wp:featuredmedia":[{"embeddable":true,"href":"https:\/\/staging.dyrsan.fr\/es\/wp-json\/wp\/v2\/media\/74310"}],"wp:attachment":[{"href":"https:\/\/staging.dyrsan.fr\/es\/wp-json\/wp\/v2\/media?parent=74204"}],"wp:term":[{"taxonomy":"product_brand","embeddable":true,"href":"https:\/\/staging.dyrsan.fr\/es\/wp-json\/wp\/v2\/product_brand?post=74204"},{"taxonomy":"product_cat","embeddable":true,"href":"https:\/\/staging.dyrsan.fr\/es\/wp-json\/wp\/v2\/product_cat?post=74204"},{"taxonomy":"product_tag","embeddable":true,"href":"https:\/\/staging.dyrsan.fr\/es\/wp-json\/wp\/v2\/product_tag?post=74204"}],"curies":[{"name":"wp","href":"https:\/\/api.w.org\/{rel}","templated":true}]}}