{"id":74000,"date":"2026-03-18T10:10:19","date_gmt":"2026-03-18T10:10:19","guid":{"rendered":"https:\/\/staging.dyrsan.fr\/?post_type=product&#038;p=74000"},"modified":"2026-04-14T10:11:41","modified_gmt":"2026-04-14T10:11:41","slug":"tissu-jacquard-violet-extensible-leopard","status":"publish","type":"product","link":"https:\/\/staging.dyrsan.fr\/es\/shop\/tissu-jacquard-violet-extensible-leopard\/","title":{"rendered":"Tejido jacquard de leopardo el\u00e1stico morado"},"content":{"rendered":"<p>Tissu jacquard violet extensible l\u00e9opard, au relief discret et \u00e0 l\u2019aspect raffin\u00e9. Ce jacquard stretch offre une bonne \u00e9lasticit\u00e9 et un toucher souple, id\u00e9al pour la confection de maillots de bain \u00e9l\u00e9gants, de lingerie moderne et de pi\u00e8ces mode confortables.<\/p>\n<p>&nbsp;<\/p>\n<p><strong>Especificaciones t\u00e9cnicas:<\/strong><br \/>\nR\u00e9f\u00e9rence : DY72369<br \/>\nComposition : 85% nylon, 15% spandex<br \/>\nPoids : 185 g\/m\u00b2<br \/>\nAnchura: 130 cm<br \/>\nCouleur : violet (personnalisable selon code Pantone)<br \/>\nAspect : jacquard \u00e0 motif l\u00e9opard<br \/>\nPropri\u00e9t\u00e9s : extensible, souple, bonne \u00e9lasticit\u00e9, toucher doux<br \/>\nUtilisation : maillots de bain, lingerie, v\u00eatements stretch, pi\u00e8ces mode<\/p>","protected":false},"excerpt":{"rendered":"<p>Tissu jacquard violet extensible l\u00e9opard, au relief discret et \u00e0 l\u2019aspect raffin\u00e9. Ce jacquard stretch offre une bonne \u00e9lasticit\u00e9 et un toucher souple, id\u00e9al pour la confection de maillots de bain \u00e9l\u00e9gants, de lingerie moderne et de pi\u00e8ces mode confortables.<\/p>\n<p>&nbsp;<\/p>\n<p><strong>Especificaciones t\u00e9cnicas:<\/strong><br \/>\nR\u00e9f\u00e9rence : DY72369<br \/>\nComposition : 85 % nylon, 15 % spandex<br \/>\nPoids : 185 g\/m\u00b2<br \/>\nAnchura: 130 cm<br \/>\nCouleur : violet (personnalisable selon code Pantone)<br \/>\nAspect : jacquard \u00e0 motif l\u00e9opard<br \/>\nPropri\u00e9t\u00e9s : extensible, souple, bonne \u00e9lasticit\u00e9, toucher doux<br \/>\nUtilisation : maillots de bain, lingerie, v\u00eatements stretch, pi\u00e8ces mode<\/p>","protected":false},"featured_media":74050,"comment_status":"open","ping_status":"closed","template":"","meta":[],"product_brand":[370],"product_cat":[150,184,210,455,213],"product_tag":[],"class_list":{"0":"post-74000","1":"product","2":"type-product","3":"status-publish","4":"has-post-thumbnail","6":"product_brand-dyrsan","7":"product_cat-tissus","8":"product_cat-tissus-eco-responsables","9":"product_cat-tissus-imprimes-motifs-animaux","10":"product_cat-tissus-maillots-de-bain","11":"product_cat-tissus-textures","13":"first","14":"instock","15":"taxable","16":"shipping-taxable","17":"purchasable","18":"product-type-simple"},"_links":{"self":[{"href":"https:\/\/staging.dyrsan.fr\/es\/wp-json\/wp\/v2\/product\/74000","targetHints":{"allow":["GET"]}}],"collection":[{"href":"https:\/\/staging.dyrsan.fr\/es\/wp-json\/wp\/v2\/product"}],"about":[{"href":"https:\/\/staging.dyrsan.fr\/es\/wp-json\/wp\/v2\/types\/product"}],"replies":[{"embeddable":true,"href":"https:\/\/staging.dyrsan.fr\/es\/wp-json\/wp\/v2\/comments?post=74000"}],"version-history":[{"count":7,"href":"https:\/\/staging.dyrsan.fr\/es\/wp-json\/wp\/v2\/product\/74000\/revisions"}],"predecessor-version":[{"id":74937,"href":"https:\/\/staging.dyrsan.fr\/es\/wp-json\/wp\/v2\/product\/74000\/revisions\/74937"}],"wp:featuredmedia":[{"embeddable":true,"href":"https:\/\/staging.dyrsan.fr\/es\/wp-json\/wp\/v2\/media\/74050"}],"wp:attachment":[{"href":"https:\/\/staging.dyrsan.fr\/es\/wp-json\/wp\/v2\/media?parent=74000"}],"wp:term":[{"taxonomy":"product_brand","embeddable":true,"href":"https:\/\/staging.dyrsan.fr\/es\/wp-json\/wp\/v2\/product_brand?post=74000"},{"taxonomy":"product_cat","embeddable":true,"href":"https:\/\/staging.dyrsan.fr\/es\/wp-json\/wp\/v2\/product_cat?post=74000"},{"taxonomy":"product_tag","embeddable":true,"href":"https:\/\/staging.dyrsan.fr\/es\/wp-json\/wp\/v2\/product_tag?post=74000"}],"curies":[{"name":"wp","href":"https:\/\/api.w.org\/{rel}","templated":true}]}}