{"id":73994,"date":"2026-03-18T09:44:13","date_gmt":"2026-03-18T09:44:13","guid":{"rendered":"https:\/\/staging.dyrsan.fr\/?post_type=product&#038;p=73994"},"modified":"2026-04-14T10:10:37","modified_gmt":"2026-04-14T10:10:37","slug":"tissu-jacquard-rose-a-motif-floral-extensible","status":"publish","type":"product","link":"https:\/\/staging.dyrsan.fr\/es\/shop\/tissu-jacquard-rose-a-motif-floral-extensible\/","title":{"rendered":"Tissu jacquard rose \u00e0 motif floral extensible"},"content":{"rendered":"<p>Tissu jacquard rose \u00e0 motif floral extensible. Ce jacquard \u00e9l\u00e9gant et raffin\u00e9 pr\u00e9sente un dessin floral subtil en relief, offrant un bel \u00e9quilibre entre souplesse, maintien et esth\u00e9tique. Id\u00e9al pour la confection de maillots de bain \u00e9l\u00e9gants et de lingerie f\u00e9minine haut de gamme.<\/p>\n<p>&nbsp;<\/p>\n<p><strong>Especificaciones t\u00e9cnicas:<\/strong><br \/>\nR\u00e9f\u00e9rence : DY98973<br \/>\nComposition : 86% nylon, 14% spandex<br \/>\nPeso: 210 g\/m\u00b2.<br \/>\nAnchura: 140 cm<br \/>\nCouleur : rose (personnalisable selon code Pantone)<br \/>\nAspect : jacquard floral en relief<br \/>\nPropri\u00e9t\u00e9s : extensible, souple, bonne \u00e9lasticit\u00e9, toucher lisse et structur\u00e9<br \/>\nUtilisation : maillots de bain raffin\u00e9s, lingerie f\u00e9minine, pi\u00e8ces mode stretch<\/p>","protected":false},"excerpt":{"rendered":"<p>Tissu jacquard rose \u00e0 motif floral extensible. Ce jacquard \u00e9l\u00e9gant et raffin\u00e9 pr\u00e9sente un dessin floral subtil en relief, offrant un bel \u00e9quilibre entre souplesse, maintien et esth\u00e9tique. Id\u00e9al pour la confection de maillots de bain \u00e9l\u00e9gants et de lingerie f\u00e9minine haut de gamme.<\/p>\n<p>&nbsp;<\/p>\n<p><strong>Especificaciones t\u00e9cnicas:<\/strong><br \/>\nR\u00e9f\u00e9rence : DY98973<br \/>\nComposition : 86% nylon, 14% spandex<br \/>\nPeso: 210 g\/m\u00b2.<br \/>\nAnchura: 140 cm<br \/>\nCouleur : rose (personnalisable selon code Pantone)<br \/>\nAspect : jacquard floral en relief<br \/>\nPropri\u00e9t\u00e9s : extensible, souple, bonne \u00e9lasticit\u00e9, toucher lisse et structur\u00e9<br \/>\nUtilisation : maillots de bain raffin\u00e9s, lingerie f\u00e9minine, pi\u00e8ces mode stretch<\/p>\n<div id=\"simple-translate\" class=\"simple-translate-system-theme\">\n<div>\n<div class=\"simple-translate-button isShow\" style=\"background-image: url('chrome-extension:\/\/cllnohpbfenopiakdcjmjcbaeapmkcdl\/icons\/512.png'); height: 22px; width: 22px; top: 198px; left: 106px;\"><\/div>\n<div class=\"simple-translate-panel\" style=\"width: 300px; height: 200px; top: 0px; left: 0px; font-size: 13px;\">\n<div class=\"simple-translate-result-wrapper\" style=\"overflow: hidden;\">\n<div class=\"simple-translate-move\" draggable=\"true\"><\/div>\n<div class=\"simple-translate-result-contents\">\n<p class=\"simple-translate-result\" dir=\"auto\">\n<p class=\"simple-translate-candidate\" dir=\"auto\">\n<\/div>\n<\/div>\n<\/div>\n<\/div>\n<\/div>","protected":false},"featured_media":74063,"comment_status":"open","ping_status":"closed","template":"","meta":[],"product_brand":[370],"product_cat":[150,251,197,213],"product_tag":[],"class_list":{"0":"post-73994","1":"product","2":"type-product","3":"status-publish","4":"has-post-thumbnail","6":"product_brand-dyrsan","7":"product_cat-tissus","8":"product_cat-tissus-jersey","9":"product_cat-tissus-recycles","10":"product_cat-tissus-textures","12":"first","13":"instock","14":"taxable","15":"shipping-taxable","16":"purchasable","17":"product-type-simple"},"_links":{"self":[{"href":"https:\/\/staging.dyrsan.fr\/es\/wp-json\/wp\/v2\/product\/73994","targetHints":{"allow":["GET"]}}],"collection":[{"href":"https:\/\/staging.dyrsan.fr\/es\/wp-json\/wp\/v2\/product"}],"about":[{"href":"https:\/\/staging.dyrsan.fr\/es\/wp-json\/wp\/v2\/types\/product"}],"replies":[{"embeddable":true,"href":"https:\/\/staging.dyrsan.fr\/es\/wp-json\/wp\/v2\/comments?post=73994"}],"version-history":[{"count":4,"href":"https:\/\/staging.dyrsan.fr\/es\/wp-json\/wp\/v2\/product\/73994\/revisions"}],"predecessor-version":[{"id":74926,"href":"https:\/\/staging.dyrsan.fr\/es\/wp-json\/wp\/v2\/product\/73994\/revisions\/74926"}],"wp:featuredmedia":[{"embeddable":true,"href":"https:\/\/staging.dyrsan.fr\/es\/wp-json\/wp\/v2\/media\/74063"}],"wp:attachment":[{"href":"https:\/\/staging.dyrsan.fr\/es\/wp-json\/wp\/v2\/media?parent=73994"}],"wp:term":[{"taxonomy":"product_brand","embeddable":true,"href":"https:\/\/staging.dyrsan.fr\/es\/wp-json\/wp\/v2\/product_brand?post=73994"},{"taxonomy":"product_cat","embeddable":true,"href":"https:\/\/staging.dyrsan.fr\/es\/wp-json\/wp\/v2\/product_cat?post=73994"},{"taxonomy":"product_tag","embeddable":true,"href":"https:\/\/staging.dyrsan.fr\/es\/wp-json\/wp\/v2\/product_tag?post=73994"}],"curies":[{"name":"wp","href":"https:\/\/api.w.org\/{rel}","templated":true}]}}