{"id":73815,"date":"2026-01-24T07:38:56","date_gmt":"2026-01-24T07:38:56","guid":{"rendered":"https:\/\/staging.dyrsan.fr\/?post_type=product&#038;p=73815"},"modified":"2026-04-14T09:42:03","modified_gmt":"2026-04-14T09:42:03","slug":"anneau-connecteur-martele-en-metal-dore","status":"publish","type":"product","link":"https:\/\/staging.dyrsan.fr\/es\/shop\/anneau-connecteur-martele-en-metal-dore\/","title":{"rendered":"Anillo conector chapado en oro martillado"},"content":{"rendered":"<p>Cet anneau connecteur martel\u00e9 en m\u00e9tal dor\u00e9 est id\u00e9al pour la confection et la personnalisation de maillots de bain, bikinis et accessoires swimwear. Son aspect textur\u00e9 apporte une touche moderne et \u00e9l\u00e9gante, parfaite pour des cr\u00e9ations baln\u00e9aires tendance et raffin\u00e9es.<\/p>\n<p>&nbsp;<\/p>\n<p><strong>Especificaciones t\u00e9cnicas:<\/strong><br \/>\nR\u00e9f\u00e9rence : DY5695<br \/>\nDimensions : 5,5 cm \u00d7 5,5 cm<br \/>\nPoids : 0,015 kg<\/p>","protected":false},"excerpt":{"rendered":"<p>Cet anneau connecteur martel\u00e9 en m\u00e9tal dor\u00e9 est id\u00e9al pour la confection et la personnalisation de maillots de bain, bikinis et accessoires swimwear. Son aspect textur\u00e9 apporte une touche moderne et \u00e9l\u00e9gante, parfaite pour des cr\u00e9ations baln\u00e9aires tendance et raffin\u00e9es.<\/p>\n<p>&nbsp;<\/p>\n<p><strong>Especificaciones t\u00e9cnicas:<\/strong><br \/>\nR\u00e9f\u00e9rence : DY5695<br \/>\nDimensions : 5,5 cm \u00d7 5,5 cm<br \/>\nPoids : 0,015 kg<\/p>","protected":false},"featured_media":72854,"comment_status":"open","ping_status":"closed","template":"","meta":[],"product_brand":[370],"product_cat":[140,148,149,458],"product_tag":[],"class_list":{"0":"post-73815","1":"product","2":"type-product","3":"status-publish","4":"has-post-thumbnail","6":"product_brand-dyrsan","7":"product_cat-accessoires","8":"product_cat-boucles","9":"product_cat-connecteurs","10":"product_cat-dernieres-pieces","12":"first","13":"instock","14":"sold-individually","15":"taxable","16":"shipping-taxable","17":"purchasable","18":"product-type-simple"},"_links":{"self":[{"href":"https:\/\/staging.dyrsan.fr\/es\/wp-json\/wp\/v2\/product\/73815","targetHints":{"allow":["GET"]}}],"collection":[{"href":"https:\/\/staging.dyrsan.fr\/es\/wp-json\/wp\/v2\/product"}],"about":[{"href":"https:\/\/staging.dyrsan.fr\/es\/wp-json\/wp\/v2\/types\/product"}],"replies":[{"embeddable":true,"href":"https:\/\/staging.dyrsan.fr\/es\/wp-json\/wp\/v2\/comments?post=73815"}],"version-history":[{"count":3,"href":"https:\/\/staging.dyrsan.fr\/es\/wp-json\/wp\/v2\/product\/73815\/revisions"}],"predecessor-version":[{"id":73818,"href":"https:\/\/staging.dyrsan.fr\/es\/wp-json\/wp\/v2\/product\/73815\/revisions\/73818"}],"wp:featuredmedia":[{"embeddable":true,"href":"https:\/\/staging.dyrsan.fr\/es\/wp-json\/wp\/v2\/media\/72854"}],"wp:attachment":[{"href":"https:\/\/staging.dyrsan.fr\/es\/wp-json\/wp\/v2\/media?parent=73815"}],"wp:term":[{"taxonomy":"product_brand","embeddable":true,"href":"https:\/\/staging.dyrsan.fr\/es\/wp-json\/wp\/v2\/product_brand?post=73815"},{"taxonomy":"product_cat","embeddable":true,"href":"https:\/\/staging.dyrsan.fr\/es\/wp-json\/wp\/v2\/product_cat?post=73815"},{"taxonomy":"product_tag","embeddable":true,"href":"https:\/\/staging.dyrsan.fr\/es\/wp-json\/wp\/v2\/product_tag?post=73815"}],"curies":[{"name":"wp","href":"https:\/\/api.w.org\/{rel}","templated":true}]}}