{"id":73781,"date":"2026-01-31T16:00:34","date_gmt":"2026-01-31T16:00:34","guid":{"rendered":"https:\/\/staging.dyrsan.fr\/?post_type=product&#038;p=73781"},"modified":"2026-04-03T17:49:39","modified_gmt":"2026-04-03T17:49:39","slug":"connecteur-decoratif-en-dore-orne-de-strass","status":"publish","type":"product","link":"https:\/\/staging.dyrsan.fr\/es\/shop\/connecteur-decoratif-en-dore-orne-de-strass\/","title":{"rendered":"Cierre de strass de 20 mm en metal dorado"},"content":{"rendered":"<p>Fermoir en m\u00e9tal dor\u00e9 orn\u00e9 de strass 20mm id\u00e9al pour apporter une touche \u00e9l\u00e9gante et lumineuse aux maillots de bain, bikinis et cr\u00e9ations swimwear. Son design raffin\u00e9 en fait un accessoire parfait pour les collections chic et f\u00e9minines.<\/p>\n<p>&nbsp;<\/p>\n<p><strong>Especificaciones t\u00e9cnicas:<\/strong><br \/>\nR\u00e9f\u00e9rence : DY2335<br \/>\nDimensions : 2,2 cm \u00d7 2 cm<br \/>\nPoids : 0,005 kg<\/p>","protected":false},"excerpt":{"rendered":"<p>Fermoir en m\u00e9tal dor\u00e9 orn\u00e9 de strass 20mm id\u00e9al pour apporter une touche \u00e9l\u00e9gante et lumineuse aux maillots de bain, bikinis et cr\u00e9ations swimwear. Son design raffin\u00e9 en fait un accessoire parfait pour les collections chic et f\u00e9minines.<\/p>\n<p>&nbsp;<\/p>\n<p><strong>Especificaciones t\u00e9cnicas:<\/strong><br \/>\nR\u00e9f\u00e9rence : DY2335<br \/>\nDimensions : 2,2 cm \u00d7 2 cm<br \/>\nPoids : 0,005 kg<\/p>","protected":false},"featured_media":72793,"comment_status":"open","ping_status":"closed","template":"","meta":[],"product_brand":[370],"product_cat":[140,149],"product_tag":[],"class_list":{"0":"post-73781","1":"product","2":"type-product","3":"status-publish","4":"has-post-thumbnail","6":"product_brand-dyrsan","7":"product_cat-accessoires","8":"product_cat-connecteurs","10":"first","11":"instock","12":"taxable","13":"shipping-taxable","14":"purchasable","15":"product-type-simple"},"_links":{"self":[{"href":"https:\/\/staging.dyrsan.fr\/es\/wp-json\/wp\/v2\/product\/73781","targetHints":{"allow":["GET"]}}],"collection":[{"href":"https:\/\/staging.dyrsan.fr\/es\/wp-json\/wp\/v2\/product"}],"about":[{"href":"https:\/\/staging.dyrsan.fr\/es\/wp-json\/wp\/v2\/types\/product"}],"replies":[{"embeddable":true,"href":"https:\/\/staging.dyrsan.fr\/es\/wp-json\/wp\/v2\/comments?post=73781"}],"version-history":[{"count":4,"href":"https:\/\/staging.dyrsan.fr\/es\/wp-json\/wp\/v2\/product\/73781\/revisions"}],"predecessor-version":[{"id":74097,"href":"https:\/\/staging.dyrsan.fr\/es\/wp-json\/wp\/v2\/product\/73781\/revisions\/74097"}],"wp:featuredmedia":[{"embeddable":true,"href":"https:\/\/staging.dyrsan.fr\/es\/wp-json\/wp\/v2\/media\/72793"}],"wp:attachment":[{"href":"https:\/\/staging.dyrsan.fr\/es\/wp-json\/wp\/v2\/media?parent=73781"}],"wp:term":[{"taxonomy":"product_brand","embeddable":true,"href":"https:\/\/staging.dyrsan.fr\/es\/wp-json\/wp\/v2\/product_brand?post=73781"},{"taxonomy":"product_cat","embeddable":true,"href":"https:\/\/staging.dyrsan.fr\/es\/wp-json\/wp\/v2\/product_cat?post=73781"},{"taxonomy":"product_tag","embeddable":true,"href":"https:\/\/staging.dyrsan.fr\/es\/wp-json\/wp\/v2\/product_tag?post=73781"}],"curies":[{"name":"wp","href":"https:\/\/api.w.org\/{rel}","templated":true}]}}