{"id":73779,"date":"2026-01-31T16:03:39","date_gmt":"2026-01-31T16:03:39","guid":{"rendered":"https:\/\/staging.dyrsan.fr\/?post_type=product&#038;p=73779"},"modified":"2026-04-03T17:49:37","modified_gmt":"2026-04-03T17:49:37","slug":"passant-metal-dore-en-forme-de-serpent","status":"publish","type":"product","link":"https:\/\/staging.dyrsan.fr\/es\/shop\/passant-metal-dore-en-forme-de-serpent\/","title":{"rendered":"Lazo de metal dorado en forma de serpiente"},"content":{"rendered":"<p>Este lazo de metal dorado con forma de serpiente a\u00f1ade un toque atrevido y refinado a los dise\u00f1os de trajes de ba\u00f1o.<\/p>\n<p><strong>Especificaciones t\u00e9cnicas:<\/strong><\/p>\n<p>N\u00famero de cat\u00e1logo : DY1961<br \/>\nColor: dorado<br \/>\nMotivo : Serpiente<br \/>\nDimensiones: 4,5 cm \u00d7 2 cm<br \/>\nPeso: 0,006 kg<\/p>","protected":false},"excerpt":{"rendered":"<p>Este lazo de metal dorado con forma de serpiente a\u00f1ade un toque atrevido y refinado a los dise\u00f1os de trajes de ba\u00f1o.<\/p>\n<p><strong>Especificaciones t\u00e9cnicas:<\/strong><\/p>\n<p>N\u00famero de cat\u00e1logo : DY1961<br \/>\nColor: dorado<br \/>\nMotivo : Serpiente<br \/>\nDimensiones: 4,5 cm \u00d7 2 cm<br \/>\nPeso: 0,006 kg<\/p>","protected":false},"featured_media":72797,"comment_status":"open","ping_status":"closed","template":"","meta":[],"product_brand":[370],"product_cat":[140,212],"product_tag":[],"class_list":{"0":"post-73779","1":"product","2":"type-product","3":"status-publish","4":"has-post-thumbnail","6":"product_brand-dyrsan","7":"product_cat-accessoires","8":"product_cat-passants","10":"first","11":"instock","12":"taxable","13":"shipping-taxable","14":"purchasable","15":"product-type-simple"},"_links":{"self":[{"href":"https:\/\/staging.dyrsan.fr\/es\/wp-json\/wp\/v2\/product\/73779","targetHints":{"allow":["GET"]}}],"collection":[{"href":"https:\/\/staging.dyrsan.fr\/es\/wp-json\/wp\/v2\/product"}],"about":[{"href":"https:\/\/staging.dyrsan.fr\/es\/wp-json\/wp\/v2\/types\/product"}],"replies":[{"embeddable":true,"href":"https:\/\/staging.dyrsan.fr\/es\/wp-json\/wp\/v2\/comments?post=73779"}],"version-history":[{"count":4,"href":"https:\/\/staging.dyrsan.fr\/es\/wp-json\/wp\/v2\/product\/73779\/revisions"}],"predecessor-version":[{"id":74099,"href":"https:\/\/staging.dyrsan.fr\/es\/wp-json\/wp\/v2\/product\/73779\/revisions\/74099"}],"wp:featuredmedia":[{"embeddable":true,"href":"https:\/\/staging.dyrsan.fr\/es\/wp-json\/wp\/v2\/media\/72797"}],"wp:attachment":[{"href":"https:\/\/staging.dyrsan.fr\/es\/wp-json\/wp\/v2\/media?parent=73779"}],"wp:term":[{"taxonomy":"product_brand","embeddable":true,"href":"https:\/\/staging.dyrsan.fr\/es\/wp-json\/wp\/v2\/product_brand?post=73779"},{"taxonomy":"product_cat","embeddable":true,"href":"https:\/\/staging.dyrsan.fr\/es\/wp-json\/wp\/v2\/product_cat?post=73779"},{"taxonomy":"product_tag","embeddable":true,"href":"https:\/\/staging.dyrsan.fr\/es\/wp-json\/wp\/v2\/product_tag?post=73779"}],"curies":[{"name":"wp","href":"https:\/\/api.w.org\/{rel}","templated":true}]}}