{"id":73725,"date":"2026-01-24T07:03:22","date_gmt":"2026-01-24T07:03:22","guid":{"rendered":"https:\/\/staging.dyrsan.fr\/?post_type=product&#038;p=73725"},"modified":"2026-04-03T17:50:14","modified_gmt":"2026-04-03T17:50:14","slug":"fermoir-rectangulaire-en-metal-dore","status":"publish","type":"product","link":"https:\/\/staging.dyrsan.fr\/es\/shop\/fermoir-rectangulaire-en-metal-dore\/","title":{"rendered":"Cierre rectangular de metal dorado"},"content":{"rendered":"<p>Cierre rectangular de metal dorado con inserci\u00f3n central texturizada de color, dise\u00f1ado para ba\u00f1adores y bikinis de alta gama.<\/p>\n<p><strong>Especificaciones t\u00e9cnicas:<\/strong><br \/>\nReferencia : DY2626G<br \/>\nTipo : Cierre de ba\u00f1ador decorativo<br \/>\nMaterial(es): Metal<br \/>\nColor: Dorado con inserci\u00f3n de color<br \/>\nForma: Rectangular<br \/>\nDimensiones: 3 cm \u00d7 2 cm<br \/>\nPeso: 0,006 kg<\/p>","protected":false},"excerpt":{"rendered":"<p>Cierre rectangular de metal dorado con inserci\u00f3n central texturizada de color, dise\u00f1ado para ba\u00f1adores y bikinis de alta gama.<\/p>\n<p><strong>Especificaciones t\u00e9cnicas:<\/strong><br \/>\nReferencia : DY2626G<br \/>\nTipo : Cierre de ba\u00f1ador decorativo<br \/>\nMaterial(es): Metal<br \/>\nColor: Dorado con inserci\u00f3n de color<br \/>\nForma: Rectangular<br \/>\nDimensiones: 3 cm \u00d7 2 cm<br \/>\nPeso: 0,006 kg<\/p>","protected":false},"featured_media":72810,"comment_status":"open","ping_status":"closed","template":"","meta":[],"product_brand":[370],"product_cat":[140,149,160],"product_tag":[],"class_list":{"0":"post-73725","1":"product","2":"type-product","3":"status-publish","4":"has-post-thumbnail","6":"product_brand-dyrsan","7":"product_cat-accessoires","8":"product_cat-connecteurs","9":"product_cat-crochets","11":"first","12":"instock","13":"sold-individually","14":"taxable","15":"shipping-taxable","16":"purchasable","17":"product-type-simple"},"_links":{"self":[{"href":"https:\/\/staging.dyrsan.fr\/es\/wp-json\/wp\/v2\/product\/73725","targetHints":{"allow":["GET"]}}],"collection":[{"href":"https:\/\/staging.dyrsan.fr\/es\/wp-json\/wp\/v2\/product"}],"about":[{"href":"https:\/\/staging.dyrsan.fr\/es\/wp-json\/wp\/v2\/types\/product"}],"replies":[{"embeddable":true,"href":"https:\/\/staging.dyrsan.fr\/es\/wp-json\/wp\/v2\/comments?post=73725"}],"version-history":[{"count":3,"href":"https:\/\/staging.dyrsan.fr\/es\/wp-json\/wp\/v2\/product\/73725\/revisions"}],"predecessor-version":[{"id":73797,"href":"https:\/\/staging.dyrsan.fr\/es\/wp-json\/wp\/v2\/product\/73725\/revisions\/73797"}],"wp:featuredmedia":[{"embeddable":true,"href":"https:\/\/staging.dyrsan.fr\/es\/wp-json\/wp\/v2\/media\/72810"}],"wp:attachment":[{"href":"https:\/\/staging.dyrsan.fr\/es\/wp-json\/wp\/v2\/media?parent=73725"}],"wp:term":[{"taxonomy":"product_brand","embeddable":true,"href":"https:\/\/staging.dyrsan.fr\/es\/wp-json\/wp\/v2\/product_brand?post=73725"},{"taxonomy":"product_cat","embeddable":true,"href":"https:\/\/staging.dyrsan.fr\/es\/wp-json\/wp\/v2\/product_cat?post=73725"},{"taxonomy":"product_tag","embeddable":true,"href":"https:\/\/staging.dyrsan.fr\/es\/wp-json\/wp\/v2\/product_tag?post=73725"}],"curies":[{"name":"wp","href":"https:\/\/api.w.org\/{rel}","templated":true}]}}