{"id":73708,"date":"2026-01-23T14:11:18","date_gmt":"2026-01-23T14:11:18","guid":{"rendered":"https:\/\/staging.dyrsan.fr\/?post_type=product&#038;p=73708"},"modified":"2026-04-03T17:50:22","modified_gmt":"2026-04-03T17:50:22","slug":"passant-decoratif-en-forme-de-soleil","status":"publish","type":"product","link":"https:\/\/staging.dyrsan.fr\/es\/shop\/passant-decoratif-en-forme-de-soleil\/","title":{"rendered":"Lazo decorativo en forma de sol"},"content":{"rendered":"<p>Ce passant d\u00e9coratif en forme de soleil est con\u00e7u pour sublimer les cr\u00e9ations de maillots de bain, bikinis et accessoires baln\u00e9aires. En m\u00e9tal dor\u00e9, il apporte une touche solaire, lumineuse et \u00e9l\u00e9gante, id\u00e9ale pour les collections swimwear et beachwear haut de gamme.<\/p>\n<p>&nbsp;<\/p>\n<p><strong>Especificaciones t\u00e9cnicas:<\/strong><br \/>\nR\u00e9f\u00e9rence : DY0323<br \/>\nTipo : Bucle de ba\u00f1ador decorativo<br \/>\nMaterial(es): Metal<br \/>\nColor: dorado<br \/>\nMotif : Soleil rayonnant<br \/>\nDimensions : 6 cm \u00d7 6 cm<br \/>\nPoids : 0,022 kg<br \/>\nPrix : Prix sur demande<\/p>","protected":false},"excerpt":{"rendered":"<p>Ce passant d\u00e9coratif en forme de soleil est con\u00e7u pour sublimer les cr\u00e9ations de maillots de bain, bikinis et accessoires baln\u00e9aires. En m\u00e9tal dor\u00e9, il apporte une touche solaire, lumineuse et \u00e9l\u00e9gante, id\u00e9ale pour les collections swimwear et beachwear haut de gamme.<\/p>\n<p>&nbsp;<\/p>\n<p><strong>Especificaciones t\u00e9cnicas:<\/strong><br \/>\nR\u00e9f\u00e9rence : DY0323<br \/>\nTipo : Bucle de ba\u00f1ador decorativo<br \/>\nMaterial(es): Metal<br \/>\nColor: dorado<br \/>\nMotif : Soleil rayonnant<br \/>\nDimensions : 6 cm \u00d7 6 cm<br \/>\nPoids : 0,022 kg<br \/>\nPrix : Prix sur demande<\/p>","protected":false},"featured_media":72878,"comment_status":"open","ping_status":"closed","template":"","meta":[],"product_brand":[],"product_cat":[140,212],"product_tag":[],"class_list":{"0":"post-73708","1":"product","2":"type-product","3":"status-publish","4":"has-post-thumbnail","6":"product_cat-accessoires","7":"product_cat-passants","8":"prix-sur-demande-enabled","10":"first","11":"instock","12":"taxable","13":"shipping-taxable","14":"product-type-simple"},"_links":{"self":[{"href":"https:\/\/staging.dyrsan.fr\/es\/wp-json\/wp\/v2\/product\/73708","targetHints":{"allow":["GET"]}}],"collection":[{"href":"https:\/\/staging.dyrsan.fr\/es\/wp-json\/wp\/v2\/product"}],"about":[{"href":"https:\/\/staging.dyrsan.fr\/es\/wp-json\/wp\/v2\/types\/product"}],"replies":[{"embeddable":true,"href":"https:\/\/staging.dyrsan.fr\/es\/wp-json\/wp\/v2\/comments?post=73708"}],"version-history":[{"count":1,"href":"https:\/\/staging.dyrsan.fr\/es\/wp-json\/wp\/v2\/product\/73708\/revisions"}],"predecessor-version":[{"id":73709,"href":"https:\/\/staging.dyrsan.fr\/es\/wp-json\/wp\/v2\/product\/73708\/revisions\/73709"}],"wp:featuredmedia":[{"embeddable":true,"href":"https:\/\/staging.dyrsan.fr\/es\/wp-json\/wp\/v2\/media\/72878"}],"wp:attachment":[{"href":"https:\/\/staging.dyrsan.fr\/es\/wp-json\/wp\/v2\/media?parent=73708"}],"wp:term":[{"taxonomy":"product_brand","embeddable":true,"href":"https:\/\/staging.dyrsan.fr\/es\/wp-json\/wp\/v2\/product_brand?post=73708"},{"taxonomy":"product_cat","embeddable":true,"href":"https:\/\/staging.dyrsan.fr\/es\/wp-json\/wp\/v2\/product_cat?post=73708"},{"taxonomy":"product_tag","embeddable":true,"href":"https:\/\/staging.dyrsan.fr\/es\/wp-json\/wp\/v2\/product_tag?post=73708"}],"curies":[{"name":"wp","href":"https:\/\/api.w.org\/{rel}","templated":true}]}}